{"id":62373,"date":"2024-11-14T18:18:03","date_gmt":"2024-11-14T11:18:03","guid":{"rendered":"https:\/\/mouldking.store\/shop\/moc-factory-89025-i-love-lucy-lucy-ricardo-ethel-mertz-with-455-pieces\/"},"modified":"2025-12-16T20:58:50","modified_gmt":"2025-12-16T13:58:50","slug":"moc-factory-89025-i-love-lucy-lucy-ricardo-ethel-mertz-with-455-pieces","status":"publish","type":"product","link":"https:\/\/mouldking.store\/hu\/shop\/moc-factory-89025-i-love-lucy-lucy-ricardo-ethel-mertz-with-455-pieces\/","title":{"rendered":"MOC Factory 89025 Szeretem Lucyt, Lucy Ricardo, Ethel Mertz, 455 darabos"},"content":{"rendered":"<div>&nbsp; \u2705 MOC-89025 I Love Lucy Lucy Ricardo Ethel Mertz<\/p>\n<p>\u2705 <em>I Love Lucy<\/em> is a classic American sitcom that aired from 1951 to 1957, featuring the comedic adventures of Lucy Ricardo (played by Lucille Ball) and her best friend Ethel Mertz (Vivian Vance). The show is set in New York City and centers on Lucy&#8217;s many escapades as she dreams of stardom and constantly tries to break into show business, often with hilarious and chaotic results.<\/p>\n<p>\ud83d\udeab FONTOS!<\/p>\n<p>Product Name:&nbsp; I Love Lucy Lucy Ricardo Ethel Mertz<\/p>\n<p>Kateg\u00f3ria: Film<\/p>\n<p>This Kit Contains:&nbsp; F-C10107<\/p>\n<p>455 pcs Good Quality Bricks<\/p>\n<p>Weight: 0.5 kg<\/p>\n<p>PDF \u00datmutat\u00f3<\/p>\n<p>\ud83d\udcccA f\u0151szerepl\u0151 term\u00e9szete<\/p>\n<p>Introducing our proud collection named \u201c&nbsp; I Love Lucy Lucy Ricardo Ethel Mertz \u201d you should not miss.<\/p>\n<p>&nbsp; <strong>Lucy Ricardo<\/strong> is the mischievous, high-spirited, and ambitious wife of Ricky Ricardo, a Cuban-American bandleader (played by Desi Arnaz). Her curiosity and desire for fame lead her into endless comedic situations, from getting into slapstick trouble at her husband\u2019s club to attempting wild stunts to prove her acting skills. Lucy is famous for her expressive physical comedy and iconic scenes, like the unforgettable chocolate factory episode and the wine-stomping fiasco.&nbsp; <strong>Ethel Mertz<\/strong> is Lucy&#8217;s loyal but occasionally skeptical best friend and partner in crime. Married to Fred Mertz (William Frawley), the Ricardos&#8217; landlord and Ricky\u2019s friend, Ethel is often drawn into Lucy&#8217;s schemes, despite her better judgment. She shares a close, often sarcastic friendship with Lucy, serving as the voice of reason but also reveling in their antics. Though Ethel sometimes tries to keep Lucy out of trouble, she just as often ends up being a willing co-conspirator, adding to the fun.&nbsp;<\/div>","protected":false},"excerpt":{"rendered":"<p>M\u00e1rka: MOC Factory<br \/>\nNem: Uniszex<br \/>\nKoroszt\u00e1ly: &gt; 6 \u00e9v<br \/>\nModel Number: 89025<br \/>\nBesorol\u00e1s: \u00d6sszeszerel\u00e9s<br \/>\nM\u0171anyag blokk forma: \u00f6nz\u00e1r\u00f3 t\u00e9gla<br \/>\nAnyaga: M\u0171anyag<br \/>\nM\u0171anyag t\u00edpus: ABS<br \/>\nBricks Blocks: 455 +<br \/>\nEredeti doboza nincs<br \/>\nA term\u00e9k nem tartalmaz MAtric\u00e1t \u00e9s NYOMTATOTT alkatr\u00e9szeket. Minden nyomtatott alkatr\u00e9szt szabv\u00e1nyos alkatr\u00e9szre cser\u00e9l\u00fcnk, \u00e9s nem j\u00e1r bev\u00e9tel harmadik f\u00e9lt\u0151l sz\u00e1rmaz\u00f3 tartoz\u00e9kokkal.<\/p>","protected":false},"featured_media":62372,"comment_status":"open","ping_status":"closed","template":"","meta":{"_acf_changed":false},"product_cat":[1365,371,581,1408],"product_tag":[11072,8452,13771,6522,13769,434,13770],"class_list":["product","first","instock","shipping-taxable","purchasable","product-type-simple"],"acf":[],"_links":{"self":[{"href":"https:\/\/mouldking.store\/hu\/wp-json\/wp\/v2\/product\/62373","targetHints":{"allow":["GET"]}}],"collection":[{"href":"https:\/\/mouldking.store\/hu\/wp-json\/wp\/v2\/product"}],"about":[{"href":"https:\/\/mouldking.store\/hu\/wp-json\/wp\/v2\/types\/product"}],"replies":[{"embeddable":true,"href":"https:\/\/mouldking.store\/hu\/wp-json\/wp\/v2\/comments?post=62373"}],"wp:featuredmedia":[{"embeddable":true,"href":"https:\/\/mouldking.store\/hu\/wp-json\/wp\/v2\/media\/62372"}],"wp:attachment":[{"href":"https:\/\/mouldking.store\/hu\/wp-json\/wp\/v2\/media?parent=62373"}],"wp:term":[{"taxonomy":"product_cat","embeddable":true,"href":"https:\/\/mouldking.store\/hu\/wp-json\/wp\/v2\/product_cat?post=62373"},{"taxonomy":"product_tag","embeddable":true,"href":"https:\/\/mouldking.store\/hu\/wp-json\/wp\/v2\/product_tag?post=62373"}],"curies":[{"name":"wp","href":"https:\/\/api.w.org\/{rel}","templated":true}]}}