{"id":62379,"date":"2024-11-14T18:18:43","date_gmt":"2024-11-14T11:18:43","guid":{"rendered":"https:\/\/mouldking.store\/shop\/moc-factory-89022-call-of-duty-monkey-bomb-with-459-pieces\/"},"modified":"2025-12-16T20:58:50","modified_gmt":"2025-12-16T13:58:50","slug":"moc-factory-89022-call-of-duty-monkey-bomb-with-459-pieces","status":"publish","type":"product","link":"https:\/\/mouldking.store\/hu\/shop\/moc-factory-89022-call-of-duty-monkey-bomb-with-459-pieces\/","title":{"rendered":"MOC Factory 89022 Call of Duty majombomba 459 darabbal"},"content":{"rendered":"<div>&nbsp;<\/div>\n<div>&nbsp;\u2705 MOC-89022 Call of Duty Monkey Bomb<\/p>\n<p>\u2705 In <em>Call of Duty: Zombies<\/em>, the <strong>Monkey Bomb<\/strong> is a tactical item introduced in <em>Call of Duty: World at War<\/em> and has since appeared in various later <em>Call of Duty<\/em> titles. It serves as a powerful, yet fun, utility during the zombie survival modes.&nbsp;<\/p>\n<p>\ud83d\udeab FONTOS!<\/p>\n<p>Product Name:&nbsp; Call of Duty Monkey Bomb&nbsp;<\/p>\n<p>Kateg\u00f3ria: Film<\/p>\n<p>This Kit Contains:&nbsp; F-C9919&nbsp;<\/p>\n<p>459 db J\u00f3 min\u0151s\u00e9g\u0171 t\u00e9gla<\/p>\n<p>Weight: 0.63 kg&nbsp;<\/p>\n<p>PDF \u00datmutat\u00f3<\/p>\n<p>\ud83d\udcccA f\u0151szerepl\u0151 term\u00e9szete<\/p>\n<p>Introducing our proud collection named \u201c Call of Duty Monkey Bomb \u201d you should not miss.<br \/>&nbsp;<\/div>\n<div>The Monkey Bomb is a small, mechanical toy in the shape of a monkey, often depicted with cymbals. When thrown, it emits a loud, distracting sound (usually cymbal clashing) that attracts nearby zombies to it. This effect causes the zombies to swarm the Monkey Bomb, giving players a temporary break from the overwhelming horde. The Monkey Bomb then explodes, killing all zombies in its vicinity in a dramatic burst of light and sound.&nbsp; The Monkey Bomb is often used as a lifesaver, allowing players to escape dangerous situations or revive downed teammates. It&#8217;s particularly effective when players are cornered, providing an opportunity to regroup, reload, or heal. The explosive nature of the bomb also helps clear out a large portion of zombies at once, which is especially useful during intense rounds with large waves of enemies.&nbsp;<\/div>","protected":false},"excerpt":{"rendered":"<p>M\u00e1rka: MOC Factory<br \/>\nNem: Uniszex<br \/>\nKoroszt\u00e1ly: &gt; 6 \u00e9v<br \/>\nModel Number: 89022<br \/>\nBesorol\u00e1s: \u00d6sszeszerel\u00e9s<br \/>\nM\u0171anyag blokk forma: \u00f6nz\u00e1r\u00f3 t\u00e9gla<br \/>\nAnyaga: M\u0171anyag<br \/>\nM\u0171anyag t\u00edpus: ABS<br \/>\nT\u00e9gla blokkok: 459 +<br \/>\nEredeti doboza nincs<br \/>\nA term\u00e9k nem tartalmaz MAtric\u00e1t \u00e9s NYOMTATOTT alkatr\u00e9szeket. Minden nyomtatott alkatr\u00e9szt szabv\u00e1nyos alkatr\u00e9szre cser\u00e9l\u00fcnk, \u00e9s nem j\u00e1r bev\u00e9tel harmadik f\u00e9lt\u0151l sz\u00e1rmaz\u00f3 tartoz\u00e9kokkal.<\/p>","protected":false},"featured_media":62378,"comment_status":"open","ping_status":"closed","template":"","meta":{"_acf_changed":false},"product_cat":[1365,371,581,1408],"product_tag":[5533,13486,11072,8452,7165,434],"class_list":["product","first","outofstock","shipping-taxable","purchasable","product-type-simple"],"acf":[],"_links":{"self":[{"href":"https:\/\/mouldking.store\/hu\/wp-json\/wp\/v2\/product\/62379","targetHints":{"allow":["GET"]}}],"collection":[{"href":"https:\/\/mouldking.store\/hu\/wp-json\/wp\/v2\/product"}],"about":[{"href":"https:\/\/mouldking.store\/hu\/wp-json\/wp\/v2\/types\/product"}],"replies":[{"embeddable":true,"href":"https:\/\/mouldking.store\/hu\/wp-json\/wp\/v2\/comments?post=62379"}],"wp:featuredmedia":[{"embeddable":true,"href":"https:\/\/mouldking.store\/hu\/wp-json\/wp\/v2\/media\/62378"}],"wp:attachment":[{"href":"https:\/\/mouldking.store\/hu\/wp-json\/wp\/v2\/media?parent=62379"}],"wp:term":[{"taxonomy":"product_cat","embeddable":true,"href":"https:\/\/mouldking.store\/hu\/wp-json\/wp\/v2\/product_cat?post=62379"},{"taxonomy":"product_tag","embeddable":true,"href":"https:\/\/mouldking.store\/hu\/wp-json\/wp\/v2\/product_tag?post=62379"}],"curies":[{"name":"wp","href":"https:\/\/api.w.org\/{rel}","templated":true}]}}