{"id":62391,"date":"2024-11-14T18:19:54","date_gmt":"2024-11-14T11:19:54","guid":{"rendered":"https:\/\/mouldking.store\/shop\/moc-factory-89024-beetlejuice-barbara-maitland-and-adam-maitland-sandworm-with-522-pieces\/"},"modified":"2025-12-16T20:58:50","modified_gmt":"2025-12-16T13:58:50","slug":"moc-factory-89024-beetlejuice-barbara-maitland-and-adam-maitland-sandworm-with-522-pieces","status":"publish","type":"product","link":"https:\/\/mouldking.store\/hu\/shop\/moc-factory-89024-beetlejuice-barbara-maitland-and-adam-maitland-sandworm-with-522-pieces\/","title":{"rendered":"MOC Factory 89024 Beetlejuice Barbara Maitland \u00e9s Adam Maitland Homokf\u00e9reg 522 darabbal"},"content":{"rendered":"<div>&nbsp; \u2705 MOC-89024 Beetlejuice Barbara Maitland and Adam Maitland Sandworm<\/p>\n<p>\u2705 <em>Beetlejuice<\/em>, directed by Tim Burton, is a 1988 cult classic horror-comedy film that follows the story of Barbara and Adam Maitland, a recently deceased couple who find themselves trapped as ghosts in their own home. When a new family moves in, disrupting their peace, they attempt to scare them away with the help of an eccentric \u201cbio-exorcist\u201d named Beetlejuice (played by Michael Keaton), leading to chaos and dark humor.<\/p>\n<p>\ud83d\udeab FONTOS!<\/p>\n<p>Product Name:&nbsp; Beetlejuice Barbara Maitland and Adam Maitland Sandworm<\/p>\n<p>Kateg\u00f3ria: Film<\/p>\n<p>This Kit Contains:&nbsp; F-C10122<\/p>\n<p>522 pcs Good Quality Bricks<\/p>\n<p>Weight: 0.53 kg<\/p>\n<p>PDF \u00datmutat\u00f3<\/p>\n<p>\ud83d\udcccA f\u0151szerepl\u0151 term\u00e9szete<\/p>\n<p>Introducing our proud collection named \u201c Beetlejuice Barbara Maitland and Adam Maitland Sandworm \u201d you should not miss.<\/p>\n<p>&nbsp; <strong>Barbara Maitland<\/strong> (Geena Davis) and <strong>Adam Maitland<\/strong> (Alec Baldwin) are a gentle, loving couple whose lives are cut short in a tragic accident. Stuck in the afterlife, they are challenged by navigating the rules of haunting, a surreal and often comedic look at the world beyond. Their personalities are down-to-earth and sweet, which contrasts with the dark and chaotic Beetlejuice they eventually summon to help them. Barbara and Adam attempt to embrace their new roles as ghosts, even trying quirky scare tactics, though their innate kindness makes them fairly ineffective as \u201cmonsters.\u201d&nbsp; <strong>The Sandworm<\/strong> is a monstrous creature native to Saturn, introduced in the movie\u2019s iconic desert-scape scenes. When Barbara or Adam accidentally step outside the boundaries of their home, they find themselves in a desolate, otherworldly desert inhabited by these gigantic, serpentine sandworms. The sandworms are visually striking with their black-and-white striped bodies and terrifying jaws, embodying a nightmarish threat in the afterlife\u2019s otherwise bureaucratic, absurdly humorous setting. The sandworms symbolize the danger that lurks for ghosts straying too far from their haunting grounds, making them one of <em>Beetlejuice<\/em>\u2019s most memorable creatures.&nbsp;<\/div>","protected":false},"excerpt":{"rendered":"<p>M\u00e1rka: MOC Factory<br \/>\nNem: Uniszex<br \/>\nKoroszt\u00e1ly: &gt; 6 \u00e9v<br \/>\nModel Number: 89024<br \/>\nBesorol\u00e1s: \u00d6sszeszerel\u00e9s<br \/>\nM\u0171anyag blokk forma: \u00f6nz\u00e1r\u00f3 t\u00e9gla<br \/>\nAnyaga: M\u0171anyag<br \/>\nM\u0171anyag t\u00edpus: ABS<br \/>\nBricks Blocks: 522 +<br \/>\nEredeti doboza nincs<br \/>\nA term\u00e9k nem tartalmaz MAtric\u00e1t \u00e9s NYOMTATOTT alkatr\u00e9szeket. Minden nyomtatott alkatr\u00e9szt szabv\u00e1nyos alkatr\u00e9szre cser\u00e9l\u00fcnk, \u00e9s nem j\u00e1r bev\u00e9tel harmadik f\u00e9lt\u0151l sz\u00e1rmaz\u00f3 tartoz\u00e9kokkal.<\/p>","protected":false},"featured_media":62390,"comment_status":"open","ping_status":"closed","template":"","meta":{"_acf_changed":false},"product_cat":[1365,371,581,1408],"product_tag":[8728,13777,11072,8452,13778,434,13779],"class_list":["product","first","instock","shipping-taxable","purchasable","product-type-simple"],"acf":[],"_links":{"self":[{"href":"https:\/\/mouldking.store\/hu\/wp-json\/wp\/v2\/product\/62391","targetHints":{"allow":["GET"]}}],"collection":[{"href":"https:\/\/mouldking.store\/hu\/wp-json\/wp\/v2\/product"}],"about":[{"href":"https:\/\/mouldking.store\/hu\/wp-json\/wp\/v2\/types\/product"}],"replies":[{"embeddable":true,"href":"https:\/\/mouldking.store\/hu\/wp-json\/wp\/v2\/comments?post=62391"}],"wp:featuredmedia":[{"embeddable":true,"href":"https:\/\/mouldking.store\/hu\/wp-json\/wp\/v2\/media\/62390"}],"wp:attachment":[{"href":"https:\/\/mouldking.store\/hu\/wp-json\/wp\/v2\/media?parent=62391"}],"wp:term":[{"taxonomy":"product_cat","embeddable":true,"href":"https:\/\/mouldking.store\/hu\/wp-json\/wp\/v2\/product_cat?post=62391"},{"taxonomy":"product_tag","embeddable":true,"href":"https:\/\/mouldking.store\/hu\/wp-json\/wp\/v2\/product_tag?post=62391"}],"curies":[{"name":"wp","href":"https:\/\/api.w.org\/{rel}","templated":true}]}}