{"id":63105,"date":"2025-07-11T16:06:14","date_gmt":"2025-07-11T09:06:14","guid":{"rendered":"https:\/\/mouldking.store\/shop\/cada-c71008-groundhog-dynamic-landscape-with-1148-pieces\/"},"modified":"2025-07-11T16:06:29","modified_gmt":"2025-07-11T09:06:29","slug":"cada-c71008-groundhog-dynamic-landscape-with-1148-pieces","status":"publish","type":"product","link":"https:\/\/mouldking.store\/hu\/shop\/cada-c71008-groundhog-dynamic-landscape-with-1148-pieces\/","title":{"rendered":"CADA C71008 Groundhog dynamic landscape with 1148 Pieces"},"content":{"rendered":"<ol>\n<li>M\u00f4 t\u1ea3 s\u1ea3n ph\u1ea9m:&nbsp;\n<\/li>\n<\/ol>\n<div>\u2705 CADA C71008 Groundhog dynamic landscape<\/p>\n<\/div>\n<div>\u2705&nbsp; Celebrate the playful charm of nature with the <strong>Groundhog Dynamic Landscape<\/strong>, a beautifully animated model set that captures the spirit of Groundhog Day in an enchanting miniature environment. Blending mechanical creativity with storytelling, this interactive build recreates the moment a groundhog emerges from its burrow, complete with moving parts, seasonal scenery, and rich, earthy details.<\/p>\n<\/div>\n<div>\ud83d\udeab FONTOS!<\/p>\n<\/div>\n<div>Product Name: Groundhog dynamic landscape<\/p>\n<\/div>\n<div>Kateg\u00f3ria: Modul\u00e1ris \u00e9p\u00fclet<\/p>\n<\/div>\n<div>This Kit Contains: CADA C71008&nbsp;<\/p>\n<\/div>\n<div>1148 pcs Good Quality Bricks<\/p>\n<\/div>\n<div>Size: 25.1&#215;21.5&#215;19.3cm<\/p>\n<\/div>\n<div>K\u00e9zi utas\u00edt\u00e1sok<\/p>\n<\/div>\n<div>\ud83d\udcccA f\u0151szerepl\u0151 term\u00e9szete<br \/>Whether predicting more winter or welcoming early spring, this cheerful groundhog brings fun, motion, and nature-inspired charm to your home. <strong>The Groundhog Dynamic Landscape<\/strong> invites you to build a world where folklore meets fun\u2014one gear, one leaf, and one brick at a time.<\/div>\n<div><\/div>\n<div><\/div>","protected":false},"excerpt":{"rendered":"<p>M\u00e1rka: CADA<br \/>\nNem: Uniszex<br \/>\nKoroszt\u00e1ly: &gt; 6 \u00e9v<br \/>\nModel Number: C71008<br \/>\nBesorol\u00e1s: \u00d6sszeszerel\u00e9s<br \/>\nM\u0171anyag blokk forma: \u00f6nz\u00e1r\u00f3 t\u00e9gla<br \/>\nAnyaga: M\u0171anyag<br \/>\nM\u0171anyag t\u00edpus: ABS<br \/>\nBricks Blocks: 1148 +<br \/>\nNincs doboz<\/p>","protected":false},"featured_media":63104,"comment_status":"open","ping_status":"closed","template":"","meta":{"_acf_changed":false},"product_cat":[1395,390],"product_tag":[13785,727,13786,5679,392],"class_list":["product","first","instock","shipping-taxable","purchasable","product-type-simple"],"acf":[],"_links":{"self":[{"href":"https:\/\/mouldking.store\/hu\/wp-json\/wp\/v2\/product\/63105","targetHints":{"allow":["GET"]}}],"collection":[{"href":"https:\/\/mouldking.store\/hu\/wp-json\/wp\/v2\/product"}],"about":[{"href":"https:\/\/mouldking.store\/hu\/wp-json\/wp\/v2\/types\/product"}],"replies":[{"embeddable":true,"href":"https:\/\/mouldking.store\/hu\/wp-json\/wp\/v2\/comments?post=63105"}],"wp:featuredmedia":[{"embeddable":true,"href":"https:\/\/mouldking.store\/hu\/wp-json\/wp\/v2\/media\/63104"}],"wp:attachment":[{"href":"https:\/\/mouldking.store\/hu\/wp-json\/wp\/v2\/media?parent=63105"}],"wp:term":[{"taxonomy":"product_cat","embeddable":true,"href":"https:\/\/mouldking.store\/hu\/wp-json\/wp\/v2\/product_cat?post=63105"},{"taxonomy":"product_tag","embeddable":true,"href":"https:\/\/mouldking.store\/hu\/wp-json\/wp\/v2\/product_tag?post=63105"}],"curies":[{"name":"wp","href":"https:\/\/api.w.org\/{rel}","templated":true}]}}