{"id":63143,"date":"2025-07-14T16:26:44","date_gmt":"2025-07-14T09:26:44","guid":{"rendered":"https:\/\/mouldking.store\/shop\/rastar-92410-f1-oracle-red-bull-racing-rb19-with-2509-pieces\/"},"modified":"2025-07-14T16:26:59","modified_gmt":"2025-07-14T09:26:59","slug":"rastar-92410-f1-oracle-red-bull-racing-rb19-with-2509-pieces","status":"publish","type":"product","link":"https:\/\/mouldking.store\/hu\/shop\/rastar-92410-f1-oracle-red-bull-racing-rb19-with-2509-pieces\/","title":{"rendered":"Rastar 92410 F1 Oracle Red Bull Racing RB19 with 2509 Pieces"},"content":{"rendered":"<div>\u2705 RASTAR 92410 F1 Oracle Red Bull Racing RB19<\/p>\n<\/div>\n<div>\u2705 Step into the fast lane with the <strong>Oracle Red Bull Racing RB19<\/strong> \u2013 a masterfully crafted building block replica of the dominant Formula 1 car that captured the world\u2019s attention. This model pays homage to the 2023 season\u2019s championship-winning machine, driven by racing sensation Max Verstappen, and engineered by the legendary Red Bull Racing team.<\/p>\n<\/div>\n<div>\ud83d\udeab FONTOS!<\/p>\n<\/div>\n<div>Product Name: Oracle Red Bull Racing RB19<\/p>\n<\/div>\n<div>Category: Technician<\/p>\n<\/div>\n<div>This Kit Contains: RASTAR 92410<\/p>\n<\/div>\n<div>2509 pcs Good Quality Bricks<\/p>\n<\/div>\n<div>Size: 20x68x14cm<\/div>\n<div><\/div>\n<div>K\u00e9zi utas\u00edt\u00e1sok&nbsp;<\/p>\n<\/div>\n<div>\ud83d\udcccA f\u0151szerepl\u0151 term\u00e9szete<\/div>\n<div>With the <strong>F1 Oracle Red Bull Racing RB19<\/strong> building block set, you&#8217;re not just assembling a model \u2014 you&#8217;re capturing the spirit of champions, the thrill of the chase, and the engineering marvel that changed the game. Make it yours, and feel the adrenaline, one brick at a time.<\/div>","protected":false},"excerpt":{"rendered":"<p>M\u00e1rka: Rastar<br \/>\nNem: Uniszex<br \/>\nKoroszt\u00e1ly: &gt; 6 \u00e9v<br \/>\nModel Number: 92410<br \/>\nBesorol\u00e1s: \u00d6sszeszerel\u00e9s<br \/>\nM\u0171anyag blokk forma: \u00f6nz\u00e1r\u00f3 t\u00e9gla<br \/>\nAnyaga: M\u0171anyag<br \/>\nM\u0171anyag t\u00edpus: ABS<br \/>\nBricks Blocks: 2509 +<br \/>\nNincs doboz<\/p>","protected":false},"featured_media":63142,"comment_status":"open","ping_status":"closed","template":"","meta":{"_acf_changed":false},"product_cat":[1357,364],"product_tag":[710,12887,389,13782,11080],"class_list":["product","first","instock","shipping-taxable","purchasable","product-type-simple"],"acf":[],"_links":{"self":[{"href":"https:\/\/mouldking.store\/hu\/wp-json\/wp\/v2\/product\/63143","targetHints":{"allow":["GET"]}}],"collection":[{"href":"https:\/\/mouldking.store\/hu\/wp-json\/wp\/v2\/product"}],"about":[{"href":"https:\/\/mouldking.store\/hu\/wp-json\/wp\/v2\/types\/product"}],"replies":[{"embeddable":true,"href":"https:\/\/mouldking.store\/hu\/wp-json\/wp\/v2\/comments?post=63143"}],"wp:featuredmedia":[{"embeddable":true,"href":"https:\/\/mouldking.store\/hu\/wp-json\/wp\/v2\/media\/63142"}],"wp:attachment":[{"href":"https:\/\/mouldking.store\/hu\/wp-json\/wp\/v2\/media?parent=63143"}],"wp:term":[{"taxonomy":"product_cat","embeddable":true,"href":"https:\/\/mouldking.store\/hu\/wp-json\/wp\/v2\/product_cat?post=63143"},{"taxonomy":"product_tag","embeddable":true,"href":"https:\/\/mouldking.store\/hu\/wp-json\/wp\/v2\/product_tag?post=63143"}],"curies":[{"name":"wp","href":"https:\/\/api.w.org\/{rel}","templated":true}]}}