{"id":63185,"date":"2025-07-16T10:21:39","date_gmt":"2025-07-16T03:21:39","guid":{"rendered":"https:\/\/mouldking.store\/shop\/quanguan-100306-stug-iii-g-limited-version-with-1058-pieces\/"},"modified":"2025-07-16T10:21:52","modified_gmt":"2025-07-16T03:21:52","slug":"quanguan-100306-stug-iii-g-limited-version-with-1058-pieces","status":"publish","type":"product","link":"https:\/\/mouldking.store\/hu\/shop\/quanguan-100306-stug-iii-g-limited-version-with-1058-pieces\/","title":{"rendered":"QUANGUAN 100306 StuG.III G limited Version with 1058 Pieces"},"content":{"rendered":"<div>\u2705 Quan Guan 100306 StuG.III G limited Version<\/p>\n<\/div>\n<div>\u2705 A &#8220;StuG III G limited version&#8221; in the context of a model or figure typically refers to a <strong>specific production block or a vehicle with unique field modifications and distinguishing features<\/strong> that set it apart from the generalized StuG III G. These &#8220;limited versions&#8221; highlight specific periods of its service or rare configurations.<\/p>\n<\/div>\n<div>\ud83d\udeab FONTOS!<\/p>\n<\/div>\n<div>Product Name: StuG.III G limited Version<\/p>\n<\/div>\n<div>Category: Technician<\/p>\n<\/div>\n<div>This Kit Contains: Quan Guan 100306<\/p>\n<\/div>\n<div>1058 pcs Good Quality Bricks<\/p>\n<\/div>\n<div>Size: 123x234x138mm<\/div>\n<div><\/div>\n<div>K\u00e9zi utas\u00edt\u00e1sok&nbsp;<\/p>\n<\/div>\n<div>\ud83d\udcccA f\u0151szerepl\u0151 term\u00e9szete<br \/>A &#8220;StuG III G limited version&#8221; figure is more than just a model; it&#8217;s a meticulously researched historical snapshot, showcasing the evolution and unique characteristics of this highly effective German assault gun during World War II.<\/div>\n<div><\/div>","protected":false},"excerpt":{"rendered":"<p>M\u00e1rka: QUANGUAN<br \/>\nNem: Uniszex<br \/>\nKoroszt\u00e1ly: &gt; 6 \u00e9v<br \/>\nModel Number: 100306<br \/>\nBesorol\u00e1s: \u00d6sszeszerel\u00e9s<br \/>\nM\u0171anyag blokk forma: \u00f6nz\u00e1r\u00f3 t\u00e9gla<br \/>\nAnyaga: M\u0171anyag<br \/>\nM\u0171anyag t\u00edpus: ABS<br \/>\nBricks Blocks: 1058 +<br \/>\nNincs doboz<\/p>","protected":false},"featured_media":63184,"comment_status":"open","ping_status":"closed","template":"","meta":{"_acf_changed":false},"product_cat":[1357,364],"product_tag":[13790,389,13782,11080],"class_list":["product","first","instock","shipping-taxable","purchasable","product-type-simple"],"acf":[],"_links":{"self":[{"href":"https:\/\/mouldking.store\/hu\/wp-json\/wp\/v2\/product\/63185","targetHints":{"allow":["GET"]}}],"collection":[{"href":"https:\/\/mouldking.store\/hu\/wp-json\/wp\/v2\/product"}],"about":[{"href":"https:\/\/mouldking.store\/hu\/wp-json\/wp\/v2\/types\/product"}],"replies":[{"embeddable":true,"href":"https:\/\/mouldking.store\/hu\/wp-json\/wp\/v2\/comments?post=63185"}],"wp:featuredmedia":[{"embeddable":true,"href":"https:\/\/mouldking.store\/hu\/wp-json\/wp\/v2\/media\/63184"}],"wp:attachment":[{"href":"https:\/\/mouldking.store\/hu\/wp-json\/wp\/v2\/media?parent=63185"}],"wp:term":[{"taxonomy":"product_cat","embeddable":true,"href":"https:\/\/mouldking.store\/hu\/wp-json\/wp\/v2\/product_cat?post=63185"},{"taxonomy":"product_tag","embeddable":true,"href":"https:\/\/mouldking.store\/hu\/wp-json\/wp\/v2\/product_tag?post=63185"}],"curies":[{"name":"wp","href":"https:\/\/api.w.org\/{rel}","templated":true}]}}