{"id":63201,"date":"2025-07-17T09:52:24","date_gmt":"2025-07-17T02:52:24","guid":{"rendered":"https:\/\/mouldking.store\/shop\/moc-factory-126469-lav-25-infantry-fighting-vehicle-model-with-476-pieces\/"},"modified":"2025-12-16T20:58:50","modified_gmt":"2025-12-16T13:58:50","slug":"moc-factory-126469-lav-25-infantry-fighting-vehicle-model-with-476-pieces","status":"publish","type":"product","link":"https:\/\/mouldking.store\/hu\/shop\/moc-factory-126469-lav-25-infantry-fighting-vehicle-model-with-476-pieces\/","title":{"rendered":"MOC Factory 126469 LAV-25 Infantry Fighting Vehicle Model with 476 Pieces"},"content":{"rendered":"<div>\u2705 MOC-126469 LAV-25 Infantry Fighting Vehicle Model<\/p>\n<\/div>\n<div>\u2705 Infantry Fighting Vehicles (IFVs) are a crucial component of modern mechanized infantry, designed to transport troops into battle and provide direct fire support. They are distinguished from Armored Personnel Carriers (APCs) by their heavier armament, typically featuring an autocannon (20mm to 40mm) and often anti-tank guided missiles (ATGMs).<\/p>\n<\/div>\n<div>\ud83d\udeab FONTOS!<\/p>\n<\/div>\n<div>Product Name: LAV-25 Infantry Fighting Vehicle Model<\/p>\n<\/div>\n<div>Category: Technic.<\/p>\n<\/div>\n<div>This Kit Contains: MOC-126469&nbsp;<\/p>\n<\/div>\n<div>476 pcs Good Quality Bricks<\/p>\n<\/div>\n<div>Size: 27 x 17 x 7cm<\/p>\n<\/div>\n<div>Weight: 470g<\/p>\n<\/div>\n<div>PDF \u00datmutat\u00f3<\/p>\n<\/div>\n<div>\ud83d\udcccA f\u0151szerepl\u0151 term\u00e9szete<br \/>Developed by Sweden, the CV90 is a highly successful and adaptable IFV family with numerous variants in service with several European armies. It is known for its excellent mobility, survivability, and a range of weapon options, including 30mm, 35mm, and 40mm autocannons.<\/p>\n<\/div>\n<div><\/div>","protected":false},"excerpt":{"rendered":"<p>M\u00e1rka: MOC Factory<br \/>\nNem: Uniszex<br \/>\nKoroszt\u00e1ly: 8 \u00e9v felett<br \/>\nModel Number: 126469<br \/>\nBesorol\u00e1s: \u00d6sszeszerel\u00e9s<br \/>\nM\u0171anyag blokk forma: \u00f6nz\u00e1r\u00f3 t\u00e9gla<br \/>\nAnyaga: M\u0171anyag<br \/>\nM\u0171anyag t\u00edpus: ABS<br \/>\nBricks Blocks: 476 +<br \/>\nno box<\/p>","protected":false},"featured_media":63200,"comment_status":"open","ping_status":"closed","template":"","meta":{"_acf_changed":false},"product_cat":[1384,1357,364],"product_tag":[12405,389,13782,11080,2803],"class_list":["product","first","instock","shipping-taxable","purchasable","product-type-simple"],"acf":[],"_links":{"self":[{"href":"https:\/\/mouldking.store\/hu\/wp-json\/wp\/v2\/product\/63201","targetHints":{"allow":["GET"]}}],"collection":[{"href":"https:\/\/mouldking.store\/hu\/wp-json\/wp\/v2\/product"}],"about":[{"href":"https:\/\/mouldking.store\/hu\/wp-json\/wp\/v2\/types\/product"}],"replies":[{"embeddable":true,"href":"https:\/\/mouldking.store\/hu\/wp-json\/wp\/v2\/comments?post=63201"}],"wp:featuredmedia":[{"embeddable":true,"href":"https:\/\/mouldking.store\/hu\/wp-json\/wp\/v2\/media\/63200"}],"wp:attachment":[{"href":"https:\/\/mouldking.store\/hu\/wp-json\/wp\/v2\/media?parent=63201"}],"wp:term":[{"taxonomy":"product_cat","embeddable":true,"href":"https:\/\/mouldking.store\/hu\/wp-json\/wp\/v2\/product_cat?post=63201"},{"taxonomy":"product_tag","embeddable":true,"href":"https:\/\/mouldking.store\/hu\/wp-json\/wp\/v2\/product_tag?post=63201"}],"curies":[{"name":"wp","href":"https:\/\/api.w.org\/{rel}","templated":true}]}}