{"id":63222,"date":"2025-07-17T11:46:11","date_gmt":"2025-07-17T04:46:11","guid":{"rendered":"https:\/\/mouldking.store\/shop\/moc-factory-152147-m-109-paladin-with-1079-pieces\/"},"modified":"2025-12-16T20:58:49","modified_gmt":"2025-12-16T13:58:49","slug":"moc-factory-152147-m-109-paladin-with-1079-pieces","status":"publish","type":"product","link":"https:\/\/mouldking.store\/hu\/shop\/moc-factory-152147-m-109-paladin-with-1079-pieces\/","title":{"rendered":"MOC Factory 152147 M-109 PALADIN with 1079 Pieces"},"content":{"rendered":"<div>\u2705 MOC-152147 M-109 PALADIN.<\/p>\n<\/div>\n<div>\u2705 A <strong>M109 Paladin<\/strong> is an American 155mm self-propelled howitzer, and it&#8217;s a very popular subject for <strong>scale models<\/strong> and <strong>model kits<\/strong> among hobbyists. When you&#8217;re looking for an &#8220;M-109 Paladin figure,&#8221; you&#8217;re almost certainly referring to one of these model representations.<\/p>\n<\/div>\n<div>\ud83d\udeab FONTOS!<\/p>\n<\/div>\n<div>Product Name: M-109 PALADIN<\/p>\n<\/div>\n<div>Category: Technic.<\/p>\n<\/div>\n<div>This Kit Contains: MOC-152147<\/p>\n<\/div>\n<div>1079 pcs Good Quality Bricks<\/p>\n<\/div>\n<div>Size: 37 x 27 x 7cm.<\/p>\n<\/div>\n<div>Weight: 1kg&nbsp;<\/p>\n<\/div>\n<div>PDF \u00datmutat\u00f3<\/p>\n<\/div>\n<div>\ud83d\udcccA f\u0151szerepl\u0151 term\u00e9szete<br \/>These kits typically require assembly, painting, and sometimes even gluing. They range from beginner-friendly to highly detailed kits for experienced modelers. Many include photo-etched parts, clear parts, and sometimes metal barrels for added realism.<\/div>\n<div><\/div>\n<div><\/div>","protected":false},"excerpt":{"rendered":"<p>M\u00e1rka: MOC Factory<br \/>\nNem: Uniszex<br \/>\nKoroszt\u00e1ly: &gt; 12 \u00e9ves<br \/>\nModel Number: 152147<br \/>\nBesorol\u00e1s: \u00d6sszeszerel\u00e9s<br \/>\nM\u0171anyag blokk forma: \u00f6nz\u00e1r\u00f3 t\u00e9gla<br \/>\nAnyaga: M\u0171anyag<br \/>\nM\u0171anyag t\u00edpus: ABS<br \/>\nBricks Blocks: 1079 +<br \/>\nno box<\/p>","protected":false},"featured_media":63221,"comment_status":"open","ping_status":"closed","template":"","meta":{"_acf_changed":false},"product_cat":[1357,364],"product_tag":[389,12978,13782,11080],"class_list":["product","first","instock","shipping-taxable","purchasable","product-type-simple"],"acf":[],"_links":{"self":[{"href":"https:\/\/mouldking.store\/hu\/wp-json\/wp\/v2\/product\/63222","targetHints":{"allow":["GET"]}}],"collection":[{"href":"https:\/\/mouldking.store\/hu\/wp-json\/wp\/v2\/product"}],"about":[{"href":"https:\/\/mouldking.store\/hu\/wp-json\/wp\/v2\/types\/product"}],"replies":[{"embeddable":true,"href":"https:\/\/mouldking.store\/hu\/wp-json\/wp\/v2\/comments?post=63222"}],"wp:featuredmedia":[{"embeddable":true,"href":"https:\/\/mouldking.store\/hu\/wp-json\/wp\/v2\/media\/63221"}],"wp:attachment":[{"href":"https:\/\/mouldking.store\/hu\/wp-json\/wp\/v2\/media?parent=63222"}],"wp:term":[{"taxonomy":"product_cat","embeddable":true,"href":"https:\/\/mouldking.store\/hu\/wp-json\/wp\/v2\/product_cat?post=63222"},{"taxonomy":"product_tag","embeddable":true,"href":"https:\/\/mouldking.store\/hu\/wp-json\/wp\/v2\/product_tag?post=63222"}],"curies":[{"name":"wp","href":"https:\/\/api.w.org\/{rel}","templated":true}]}}