{"id":63227,"date":"2025-07-18T15:12:29","date_gmt":"2025-07-18T08:12:29","guid":{"rendered":"https:\/\/mouldking.store\/shop\/reobrix-11010-maserati-granturismo-110-with-5480-pieces\/"},"modified":"2025-07-18T15:12:35","modified_gmt":"2025-07-18T08:12:35","slug":"reobrix-11010-maserati-granturismo-110-with-5480-pieces","status":"publish","type":"product","link":"https:\/\/mouldking.store\/hu\/shop\/reobrix-11010-maserati-granturismo-110-with-5480-pieces\/","title":{"rendered":"REOBRIX 11010 Maserati GranTurismo 110 with 5480 Pieces"},"content":{"rendered":"<div>\u2705 Reobrix 11010 Maserati GranTurismo 110<\/p>\n<\/div>\n<div>\u2705 Reobrix offers a building block set of the Maserati GranTurismo, specifically referencing the <strong>110th Anniversary Edition<\/strong>. This is a large-scale, highly detailed model designed for enthusiasts of both building blocks and luxury cars.<\/p>\n<\/div>\n<div>\ud83d\udeab FONTOS!<\/p>\n<\/div>\n<div>Product Name: Reobrix Maserati GranTurismo 110<\/p>\n<\/div>\n<div>Category: Technician.<\/p>\n<\/div>\n<div>This Kit Contains: Reobrix 11010<\/p>\n<\/div>\n<div>5480 pcs Good Quality Bricks<\/p>\n<\/div>\n<div>Size: 62&#215;26.8x62cm<\/div>\n<div><\/div>\n<div>K\u00e9zi utas\u00edt\u00e1sok&nbsp;<\/div>\n<div>\ud83d\udcccA f\u0151szerepl\u0151 term\u00e9szete<br \/>If you&#8217;re looking for a challenging and rewarding building experience that results in a detailed replica of the Maserati GranTurismo 110 Anniversario, the Reobrix 11010 set seems to be a popular choice among enthusiasts of alternative building block brands.<\/div>\n<div><\/div>","protected":false},"excerpt":{"rendered":"<p>M\u00e1rka: REOBRIX<br \/>\nNem: Uniszex<br \/>\nKoroszt\u00e1ly: &gt; 6 \u00e9v<br \/>\nModellsz\u00e1m: 11010<br \/>\nBesorol\u00e1s: \u00d6sszeszerel\u00e9s<br \/>\nM\u0171anyag blokk forma: \u00f6nz\u00e1r\u00f3 t\u00e9gla<br \/>\nAnyaga: M\u0171anyag<br \/>\nM\u0171anyag t\u00edpus: ABS<br \/>\nBricks Blocks: 5480 +<br \/>\nno box<\/p>","protected":false},"featured_media":63226,"comment_status":"open","ping_status":"closed","template":"","meta":{"_acf_changed":false},"product_cat":[1357,364],"product_tag":[11612,389,12978,13782,11080],"class_list":["product","first","instock","shipping-taxable","purchasable","product-type-simple"],"acf":[],"_links":{"self":[{"href":"https:\/\/mouldking.store\/hu\/wp-json\/wp\/v2\/product\/63227","targetHints":{"allow":["GET"]}}],"collection":[{"href":"https:\/\/mouldking.store\/hu\/wp-json\/wp\/v2\/product"}],"about":[{"href":"https:\/\/mouldking.store\/hu\/wp-json\/wp\/v2\/types\/product"}],"replies":[{"embeddable":true,"href":"https:\/\/mouldking.store\/hu\/wp-json\/wp\/v2\/comments?post=63227"}],"wp:featuredmedia":[{"embeddable":true,"href":"https:\/\/mouldking.store\/hu\/wp-json\/wp\/v2\/media\/63226"}],"wp:attachment":[{"href":"https:\/\/mouldking.store\/hu\/wp-json\/wp\/v2\/media?parent=63227"}],"wp:term":[{"taxonomy":"product_cat","embeddable":true,"href":"https:\/\/mouldking.store\/hu\/wp-json\/wp\/v2\/product_cat?post=63227"},{"taxonomy":"product_tag","embeddable":true,"href":"https:\/\/mouldking.store\/hu\/wp-json\/wp\/v2\/product_tag?post=63227"}],"curies":[{"name":"wp","href":"https:\/\/api.w.org\/{rel}","templated":true}]}}