{"id":63242,"date":"2025-07-18T15:58:03","date_gmt":"2025-07-18T08:58:03","guid":{"rendered":"https:\/\/mouldking.store\/shop\/dk-6031-dwarf-home-with-1088-pieces\/"},"modified":"2025-07-18T15:58:08","modified_gmt":"2025-07-18T08:58:08","slug":"dk-6031-dwarf-home-with-1088-pieces","status":"publish","type":"product","link":"https:\/\/mouldking.store\/hu\/shop\/dk-6031-dwarf-home-with-1088-pieces\/","title":{"rendered":"DK 6031 Dwarf Home with 1088 Pieces"},"content":{"rendered":"<div>\u2705 DK 6031 Dwarf Home<\/p>\n<\/div>\n<div>\u2705 While there might not be a major brand like LEGO that frequently produces large, dedicated &#8220;Dwarf Home&#8221; sets (they have some smaller mine-themed sets, or sets featuring dwarves), there are many <strong>alternative building block brands<\/strong> and custom designers who create impressive sets based on fantasy themes, including dwarf dwellings.<\/p>\n<\/div>\n<div>\ud83d\udeab FONTOS!<\/p>\n<\/div>\n<div>Product Name: Dwarf Home<\/p>\n<\/div>\n<div>Kateg\u00f3ria: Modul\u00e1ris \u00e9p\u00fclet<\/p>\n<\/div>\n<div>This Kit Contains: DK 6031 Dwarf Home<\/p>\n<\/div>\n<div>1088 pcs Good Quality Bricks<\/p>\n<\/div>\n<div>Size: 35x27x15cm<\/p>\n<p>K\u00e9zi utas\u00edt\u00e1sok&nbsp;<\/p>\n<\/div>\n<div>\ud83d\udcccA f\u0151szerepl\u0151 term\u00e9szete<br \/>This is a fantastic niche in the building block world, as dwarf homes are often depicted as incredibly detailed, subterranean, and full of interesting architectural elements.<\/p>\n<\/div>\n<div><\/div>","protected":false},"excerpt":{"rendered":"<p>M\u00e1rka: DK<br \/>\nNem: Uniszex<br \/>\nKoroszt\u00e1ly: &gt; 6 \u00e9v<br \/>\nModel Number: 6031<br \/>\nBesorol\u00e1s: \u00d6sszeszerel\u00e9s<br \/>\nM\u0171anyag blokk forma: \u00f6nz\u00e1r\u00f3 t\u00e9gla<br \/>\nAnyaga: M\u0171anyag<br \/>\nM\u0171anyag t\u00edpus: ABS<br \/>\nBricks Blocks: 1088 +<br \/>\nno box<\/p>","protected":false},"featured_media":63241,"comment_status":"open","ping_status":"closed","template":"","meta":{"_acf_changed":false},"product_cat":[1395,390],"product_tag":[727,12949,392],"class_list":["product","first","instock","shipping-taxable","purchasable","product-type-simple"],"acf":[],"_links":{"self":[{"href":"https:\/\/mouldking.store\/hu\/wp-json\/wp\/v2\/product\/63242","targetHints":{"allow":["GET"]}}],"collection":[{"href":"https:\/\/mouldking.store\/hu\/wp-json\/wp\/v2\/product"}],"about":[{"href":"https:\/\/mouldking.store\/hu\/wp-json\/wp\/v2\/types\/product"}],"replies":[{"embeddable":true,"href":"https:\/\/mouldking.store\/hu\/wp-json\/wp\/v2\/comments?post=63242"}],"wp:featuredmedia":[{"embeddable":true,"href":"https:\/\/mouldking.store\/hu\/wp-json\/wp\/v2\/media\/63241"}],"wp:attachment":[{"href":"https:\/\/mouldking.store\/hu\/wp-json\/wp\/v2\/media?parent=63242"}],"wp:term":[{"taxonomy":"product_cat","embeddable":true,"href":"https:\/\/mouldking.store\/hu\/wp-json\/wp\/v2\/product_cat?post=63242"},{"taxonomy":"product_tag","embeddable":true,"href":"https:\/\/mouldking.store\/hu\/wp-json\/wp\/v2\/product_tag?post=63242"}],"curies":[{"name":"wp","href":"https:\/\/api.w.org\/{rel}","templated":true}]}}