{"id":63246,"date":"2025-07-18T16:11:07","date_gmt":"2025-07-18T09:11:07","guid":{"rendered":"https:\/\/mouldking.store\/shop\/xingbao-8188-schloss-neuschwanstein-with-6786-pieces\/"},"modified":"2025-07-18T16:11:16","modified_gmt":"2025-07-18T09:11:16","slug":"xingbao-8188-schloss-neuschwanstein-with-6786-pieces","status":"publish","type":"product","link":"https:\/\/mouldking.store\/hu\/shop\/xingbao-8188-schloss-neuschwanstein-with-6786-pieces\/","title":{"rendered":"XINGBAO 8188 Schloss Neuschwanstein with 6786 Pieces"},"content":{"rendered":"<div>\u2705 XINGBAO 8188 Schloss Neuschwanstein<\/p>\n<\/div>\n<div>\u2705 XINGBAO does indeed produce a large and impressive building block set of <strong>Schloss Neuschwanstein (Neuschwanstein Castle)<\/strong>, the famous fairytale castle in Bavaria, Germany. It&#8217;s a very popular choice for builders who appreciate large, detailed architectural models.<\/p>\n<\/div>\n<div>\ud83d\udeab FONTOS!<\/p>\n<\/div>\n<div>Product Name: Schloss Neuschwanstein<\/p>\n<\/div>\n<div>Category: Modular Building.<\/p>\n<\/div>\n<div>This Kit Contains: XINGBAO 8188<\/p>\n<\/div>\n<div>6786 pcs Good Quality Bricks<\/p>\n<\/div>\n<div>Size: 21.5&#215;23.35cm<\/p>\n<\/div>\n<div>K\u00e9zi utas\u00edt\u00e1sok<\/p>\n<\/div>\n<div>\ud83d\udcccA f\u0151szerepl\u0151 term\u00e9szete<br \/>Given the high piece count, it&#8217;s a <strong>challenging and time-consuming build<\/strong>, appealing to experienced building block enthusiasts and adults. Instructions are typically full-color and parts are often in numbered bags for easier sorting. If you&#8217;re a fan of intricate architectural models and have the space for a large display piece, the XINGBAO Neuschwanstein Castle set is generally well-regarded for its detail and impressive final look.<\/div>\n<div><\/div>","protected":false},"excerpt":{"rendered":"<p>Brand: XINGBAO<br \/>\nNem: Uniszex<br \/>\nKoroszt\u00e1ly: &gt; 6 \u00e9v<br \/>\nModel Number: 8188<br \/>\nBesorol\u00e1s: \u00d6sszeszerel\u00e9s<br \/>\nM\u0171anyag blokk forma: \u00f6nz\u00e1r\u00f3 t\u00e9gla<br \/>\nAnyaga: M\u0171anyag<br \/>\nM\u0171anyag t\u00edpus: ABS<br \/>\nBricks Blocks: 6786 +<br \/>\nno box<\/p>","protected":false},"featured_media":63245,"comment_status":"open","ping_status":"closed","template":"","meta":{"_acf_changed":false},"product_cat":[1395,390],"product_tag":[727,392],"class_list":["product","first","instock","shipping-taxable","purchasable","product-type-simple"],"acf":[],"_links":{"self":[{"href":"https:\/\/mouldking.store\/hu\/wp-json\/wp\/v2\/product\/63246","targetHints":{"allow":["GET"]}}],"collection":[{"href":"https:\/\/mouldking.store\/hu\/wp-json\/wp\/v2\/product"}],"about":[{"href":"https:\/\/mouldking.store\/hu\/wp-json\/wp\/v2\/types\/product"}],"replies":[{"embeddable":true,"href":"https:\/\/mouldking.store\/hu\/wp-json\/wp\/v2\/comments?post=63246"}],"wp:featuredmedia":[{"embeddable":true,"href":"https:\/\/mouldking.store\/hu\/wp-json\/wp\/v2\/media\/63245"}],"wp:attachment":[{"href":"https:\/\/mouldking.store\/hu\/wp-json\/wp\/v2\/media?parent=63246"}],"wp:term":[{"taxonomy":"product_cat","embeddable":true,"href":"https:\/\/mouldking.store\/hu\/wp-json\/wp\/v2\/product_cat?post=63246"},{"taxonomy":"product_tag","embeddable":true,"href":"https:\/\/mouldking.store\/hu\/wp-json\/wp\/v2\/product_tag?post=63246"}],"curies":[{"name":"wp","href":"https:\/\/api.w.org\/{rel}","templated":true}]}}