{"id":63272,"date":"2025-07-23T16:00:15","date_gmt":"2025-07-23T09:00:15","guid":{"rendered":"https:\/\/mouldking.store\/shop\/moc-factory-118366-high-speed-racing-cars-building-blocks-set-with-201-pieces\/"},"modified":"2025-12-16T20:58:49","modified_gmt":"2025-12-16T13:58:49","slug":"moc-factory-118366-high-speed-racing-cars-building-blocks-set-with-201-pieces","status":"publish","type":"product","link":"https:\/\/mouldking.store\/hu\/shop\/moc-factory-118366-high-speed-racing-cars-building-blocks-set-with-201-pieces\/","title":{"rendered":"MOC Factory 118366 High-Speed Racing Cars Building Blocks Set with 201 Pieces"},"content":{"rendered":"<div>\u2705 MOC-118366 High-Speed Racing Cars Building Blocks Set<\/p>\n<\/div>\n<div>\u2705 You&#8217;ll find fantastic 1:8 scale models of Formula 1 cars that are highly sought after by adult collectors. These are usually large, multi-thousand-piece sets with features like working steering, detailed V6\/V8\/V12 engines with moving pistons, functional gearboxes, and independent suspension.<\/p>\n<\/div>\n<div>\ud83d\udeab FONTOS!<\/p>\n<\/div>\n<div>Product Name: High-Speed Racing Cars Building Blocks Set&nbsp;<\/p>\n<\/div>\n<div>Kateg\u00f3ria: M\u0171szaki<\/p>\n<\/div>\n<div>This Kit Contains: MOC-118366&nbsp;<\/p>\n<\/div>\n<div>201 pcs Good Quality Bricks<\/p>\n<\/div>\n<div>Size: 23 x 17 x 0cm.<\/p>\n<\/div>\n<div>Weight: 300&nbsp;<\/p>\n<\/div>\n<div>PDF \u00datmutat\u00f3<\/p>\n<\/div>\n<div>\ud83d\udcccA f\u0151szerepl\u0151 term\u00e9szete<br \/>Beyond LEGO, several other building block brands have gained significant traction for their high-quality, complex, and often licensed or MOC (My Own Creation) inspired racing car sets. These are generally aimed at adult builders looking for more intricate challenges.<\/div>","protected":false},"excerpt":{"rendered":"<p>M\u00e1rka: MOC Factory<br \/>\nNem: Uniszex<br \/>\nKorhat\u00e1r: &gt; 16 \u00e9v<br \/>\nModel Number: 118366<br \/>\nBesorol\u00e1s: \u00d6sszeszerel\u00e9s<br \/>\nM\u0171anyag blokk forma: \u00f6nz\u00e1r\u00f3 t\u00e9gla<br \/>\nAnyaga: M\u0171anyag<br \/>\nM\u0171anyag t\u00edpus: ABS<br \/>\nBricks Blocks: 201 +<br \/>\nno box<\/p>","protected":false},"featured_media":63271,"comment_status":"open","ping_status":"closed","template":"","meta":{"_acf_changed":false},"product_cat":[1357,364],"product_tag":[389,13782,11080],"class_list":["product","first","instock","shipping-taxable","purchasable","product-type-simple"],"acf":[],"_links":{"self":[{"href":"https:\/\/mouldking.store\/hu\/wp-json\/wp\/v2\/product\/63272","targetHints":{"allow":["GET"]}}],"collection":[{"href":"https:\/\/mouldking.store\/hu\/wp-json\/wp\/v2\/product"}],"about":[{"href":"https:\/\/mouldking.store\/hu\/wp-json\/wp\/v2\/types\/product"}],"replies":[{"embeddable":true,"href":"https:\/\/mouldking.store\/hu\/wp-json\/wp\/v2\/comments?post=63272"}],"wp:featuredmedia":[{"embeddable":true,"href":"https:\/\/mouldking.store\/hu\/wp-json\/wp\/v2\/media\/63271"}],"wp:attachment":[{"href":"https:\/\/mouldking.store\/hu\/wp-json\/wp\/v2\/media?parent=63272"}],"wp:term":[{"taxonomy":"product_cat","embeddable":true,"href":"https:\/\/mouldking.store\/hu\/wp-json\/wp\/v2\/product_cat?post=63272"},{"taxonomy":"product_tag","embeddable":true,"href":"https:\/\/mouldking.store\/hu\/wp-json\/wp\/v2\/product_tag?post=63272"}],"curies":[{"name":"wp","href":"https:\/\/api.w.org\/{rel}","templated":true}]}}