{"id":63283,"date":"2025-07-24T12:19:42","date_gmt":"2025-07-24T05:19:42","guid":{"rendered":"https:\/\/mouldking.store\/shop\/tgl-t5049-110-technology-sports-car-beetle-static-version-with-2661-pieces\/"},"modified":"2025-07-24T12:19:49","modified_gmt":"2025-07-24T05:19:49","slug":"tgl-t5049-110-technology-sports-car-beetle-static-version-with-2661-pieces","status":"publish","type":"product","link":"https:\/\/mouldking.store\/hu\/shop\/tgl-t5049-110-technology-sports-car-beetle-static-version-with-2661-pieces\/","title":{"rendered":"TGL T5049 1:10 Technology Sports Car Beetle Static Version with 2661 Pieces"},"content":{"rendered":"<div>\u2705 TGL T5049 1:10 Technology Sports Car Beetle Static Version<\/p>\n<\/div>\n<div>\u2705A &#8220;1:10 Technology Sports Car Beetle Static Version&#8221; refers to a model of a Volkswagen Beetle sports car, built to a 1:10 scale, which is designed as a static display piece rather than a remote-controlled (RC) vehicle.<\/p>\n<\/div>\n<div>\ud83d\udeab FONTOS!<\/p>\n<\/div>\n<div>Product Name: Technology Sports Car Beetle Static Version<\/p>\n<\/div>\n<div>Kateg\u00f3ria: M\u0171szaki<\/p>\n<\/div>\n<div>This Kit Contains: TGL T5049 &nbsp;<\/p>\n<\/div>\n<div>2661 pcs Good Quality Bricks<\/p>\n<\/div>\n<div>Size: 19x50x21.5cm.<\/div>\n<div><\/div>\n<div>K\u00e9zi utas\u00edt\u00e1sok<\/p>\n<\/div>\n<div>\ud83d\udcccA f\u0151szerepl\u0151 term\u00e9szete<br \/><strong>Technology Sports Car Beetle is<\/strong> implies the model is based on a sportier or more modern version of the Volkswagen Beetle, possibly incorporating design elements or features that distinguish it as a &#8220;technology&#8221; car (though in the context of a static model, &#8220;technology&#8221; likely refers to the complexity or modern design of the build, often seen in building block sets).<\/div>\n<div><\/div>","protected":false},"excerpt":{"rendered":"<p>M\u00e1rka: TGL<br \/>\nNem: Uniszex<br \/>\nKoroszt\u00e1ly: 8 \u00e9v felett<br \/>\nModel Number: T5049<br \/>\nBesorol\u00e1s: \u00d6sszeszerel\u00e9s<br \/>\nM\u0171anyag blokk forma: \u00f6nz\u00e1r\u00f3 t\u00e9gla<br \/>\nAnyaga: M\u0171anyag<br \/>\nM\u0171anyag t\u00edpus: ABS<br \/>\nBricks Blocks: 2661 +<br \/>\nno box<\/p>","protected":false},"featured_media":63282,"comment_status":"open","ping_status":"closed","template":"","meta":{"_acf_changed":false},"product_cat":[1357,364],"product_tag":[389,13782,11080],"class_list":["product","first","instock","shipping-taxable","purchasable","product-type-simple"],"acf":[],"_links":{"self":[{"href":"https:\/\/mouldking.store\/hu\/wp-json\/wp\/v2\/product\/63283","targetHints":{"allow":["GET"]}}],"collection":[{"href":"https:\/\/mouldking.store\/hu\/wp-json\/wp\/v2\/product"}],"about":[{"href":"https:\/\/mouldking.store\/hu\/wp-json\/wp\/v2\/types\/product"}],"replies":[{"embeddable":true,"href":"https:\/\/mouldking.store\/hu\/wp-json\/wp\/v2\/comments?post=63283"}],"wp:featuredmedia":[{"embeddable":true,"href":"https:\/\/mouldking.store\/hu\/wp-json\/wp\/v2\/media\/63282"}],"wp:attachment":[{"href":"https:\/\/mouldking.store\/hu\/wp-json\/wp\/v2\/media?parent=63283"}],"wp:term":[{"taxonomy":"product_cat","embeddable":true,"href":"https:\/\/mouldking.store\/hu\/wp-json\/wp\/v2\/product_cat?post=63283"},{"taxonomy":"product_tag","embeddable":true,"href":"https:\/\/mouldking.store\/hu\/wp-json\/wp\/v2\/product_tag?post=63283"}],"curies":[{"name":"wp","href":"https:\/\/api.w.org\/{rel}","templated":true}]}}