{"id":63288,"date":"2025-07-24T12:32:59","date_gmt":"2025-07-24T05:32:59","guid":{"rendered":"https:\/\/mouldking.store\/shop\/baka-33920-33920-gothic-cathedral-with-4136-pieces\/"},"modified":"2025-07-24T12:33:05","modified_gmt":"2025-07-24T05:33:05","slug":"baka-33920-33920-gothic-cathedral-with-4136-pieces","status":"publish","type":"product","link":"https:\/\/mouldking.store\/hu\/shop\/baka-33920-33920-gothic-cathedral-with-4136-pieces\/","title":{"rendered":"BAKA 33920 33920 Gothic Cathedral with 4136 Pieces"},"content":{"rendered":"<div>\u2705 BAKA 33920 Gothic Cathedral<\/p>\n<\/div>\n<div>\u2705Gothic cathedrals are iconic for their soaring heights, intricate details, and revolutionary architectural elements. A hallmark of Gothic architecture, these allow for greater height and distribute weight more effectively than rounded arches. In LEGO, these are often achieved using curved bricks, hinged elements, or even creatively angled plates.<\/p>\n<\/div>\n<div>\ud83d\udeab FONTOS!<\/p>\n<\/div>\n<div>Product Name: Gothic Cathedral&nbsp;<\/p>\n<\/div>\n<div>Category: Modular Building.<\/p>\n<\/div>\n<div>This Kit Contains: BAKA 33920<\/p>\n<\/div>\n<div>4136 pcs Good Quality Bricks<\/p>\n<\/div>\n<div>K\u00e9zi utas\u00edt\u00e1sok<\/p>\n<\/div>\n<div>\ud83d\udcccA f\u0151szerepl\u0151 term\u00e9szete<br \/>While LEGO has a policy against religious sets in general, they do make exceptions for buildings with significant cultural and historical importance. The most notable example of an official LEGO set depicting a Gothic cathedral is the <strong>LEGO Architecture Notre-Dame de Paris (Set 21061)<\/strong>.<\/div>\n<div><\/div>","protected":false},"excerpt":{"rendered":"<p>Brand: BAKA<br \/>\nNem: Uniszex<br \/>\nKoroszt\u00e1ly: 8 \u00e9v felett<br \/>\nModel Number: 33920<br \/>\nBesorol\u00e1s: \u00d6sszeszerel\u00e9s<br \/>\nM\u0171anyag blokk forma: \u00f6nz\u00e1r\u00f3 t\u00e9gla<br \/>\nAnyaga: M\u0171anyag<br \/>\nM\u0171anyag t\u00edpus: ABS<br \/>\nBricks Blocks: 4136 +<br \/>\nno box<\/p>","protected":false},"featured_media":63287,"comment_status":"open","ping_status":"closed","template":"","meta":{"_acf_changed":false},"product_cat":[1395,390],"product_tag":[727,392],"class_list":["product","first","instock","shipping-taxable","purchasable","product-type-simple"],"acf":[],"_links":{"self":[{"href":"https:\/\/mouldking.store\/hu\/wp-json\/wp\/v2\/product\/63288","targetHints":{"allow":["GET"]}}],"collection":[{"href":"https:\/\/mouldking.store\/hu\/wp-json\/wp\/v2\/product"}],"about":[{"href":"https:\/\/mouldking.store\/hu\/wp-json\/wp\/v2\/types\/product"}],"replies":[{"embeddable":true,"href":"https:\/\/mouldking.store\/hu\/wp-json\/wp\/v2\/comments?post=63288"}],"wp:featuredmedia":[{"embeddable":true,"href":"https:\/\/mouldking.store\/hu\/wp-json\/wp\/v2\/media\/63287"}],"wp:attachment":[{"href":"https:\/\/mouldking.store\/hu\/wp-json\/wp\/v2\/media?parent=63288"}],"wp:term":[{"taxonomy":"product_cat","embeddable":true,"href":"https:\/\/mouldking.store\/hu\/wp-json\/wp\/v2\/product_cat?post=63288"},{"taxonomy":"product_tag","embeddable":true,"href":"https:\/\/mouldking.store\/hu\/wp-json\/wp\/v2\/product_tag?post=63288"}],"curies":[{"name":"wp","href":"https:\/\/api.w.org\/{rel}","templated":true}]}}