{"id":63320,"date":"2025-07-25T15:45:49","date_gmt":"2025-07-25T08:45:49","guid":{"rendered":"https:\/\/mouldking.store\/shop\/moc-factory-208482-1-35-scale-rah-66-comanche-stealth-helicopter-building-blocks-with-952-pieces\/"},"modified":"2025-12-16T20:58:48","modified_gmt":"2025-12-16T13:58:48","slug":"moc-factory-208482-1-35-scale-rah-66-comanche-stealth-helicopter-building-blocks-with-952-pieces","status":"publish","type":"product","link":"https:\/\/mouldking.store\/hu\/shop\/moc-factory-208482-1-35-scale-rah-66-comanche-stealth-helicopter-building-blocks-with-952-pieces\/","title":{"rendered":"MOC Factory 208482 1\/35 Scale RAH-66 Comanche Stealth Helicopter Building Blocks with 952 Pieces"},"content":{"rendered":"<div>\u2705 MOC-208482 1\/35 Scale RAH-66 Comanche Stealth Helicopter Building Blocks<\/p>\n<\/div>\n<div>\u2705 The RAH-66 Comanche was an advanced, stealthy armed reconnaissance and attack helicopter developed for the U.S. Army. Despite significant investment, the program was ultimately cancelled in 2004 before mass production, but it remains a fascinating subject for modelers due to its unique design and stealth features<\/div>\n<div><\/div>\n<div>\ud83d\udeab FONTOS!<\/p>\n<\/div>\n<div>Product Name: 1\/35 Scale RAH-66 Comanche Stealth Helicopter Building Blocks<\/p>\n<\/div>\n<div>Category: Technic.<\/p>\n<\/div>\n<div>This Kit Contains: MOC-208482&nbsp;<\/p>\n<\/div>\n<div>952 pcs Good Quality Bricks<\/p>\n<\/div>\n<div>Size: 30.8 x 20.8 x 10cm<\/p>\n<\/div>\n<div>S\u00faly: 850g&nbsp;<\/p>\n<\/div>\n<div>PDF \u00datmutat\u00f3<\/p>\n<\/div>\n<div>\ud83d\udcccA f\u0151szerepl\u0151 term\u00e9szete<br \/>1\/35 is a very common and well-established scale for military vehicle models, including tanks, armored personnel carriers, and, in some cases, helicopters. This means you might find other compatible military models or figures in the same scale.<\/div>\n<div><\/div>","protected":false},"excerpt":{"rendered":"<p>M\u00e1rka: MOC Factory<br \/>\nNem: Uniszex<br \/>\nKorhat\u00e1r: &gt; 16 \u00e9v<br \/>\nModel Number: 208482<br \/>\nBesorol\u00e1s: \u00d6sszeszerel\u00e9s<br \/>\nM\u0171anyag blokk forma: \u00f6nz\u00e1r\u00f3 t\u00e9gla<br \/>\nAnyaga: M\u0171anyag<br \/>\nM\u0171anyag t\u00edpus: ABS<br \/>\nBricks Blocks: 952 +<br \/>\nno box<\/p>","protected":false},"featured_media":63319,"comment_status":"open","ping_status":"closed","template":"","meta":{"_acf_changed":false},"product_cat":[1357,364],"product_tag":[389,13782,11080],"class_list":["product","first","instock","shipping-taxable","purchasable","product-type-simple"],"acf":[],"_links":{"self":[{"href":"https:\/\/mouldking.store\/hu\/wp-json\/wp\/v2\/product\/63320","targetHints":{"allow":["GET"]}}],"collection":[{"href":"https:\/\/mouldking.store\/hu\/wp-json\/wp\/v2\/product"}],"about":[{"href":"https:\/\/mouldking.store\/hu\/wp-json\/wp\/v2\/types\/product"}],"replies":[{"embeddable":true,"href":"https:\/\/mouldking.store\/hu\/wp-json\/wp\/v2\/comments?post=63320"}],"wp:featuredmedia":[{"embeddable":true,"href":"https:\/\/mouldking.store\/hu\/wp-json\/wp\/v2\/media\/63319"}],"wp:attachment":[{"href":"https:\/\/mouldking.store\/hu\/wp-json\/wp\/v2\/media?parent=63320"}],"wp:term":[{"taxonomy":"product_cat","embeddable":true,"href":"https:\/\/mouldking.store\/hu\/wp-json\/wp\/v2\/product_cat?post=63320"},{"taxonomy":"product_tag","embeddable":true,"href":"https:\/\/mouldking.store\/hu\/wp-json\/wp\/v2\/product_tag?post=63320"}],"curies":[{"name":"wp","href":"https:\/\/api.w.org\/{rel}","templated":true}]}}