{"id":63361,"date":"2025-07-29T15:36:17","date_gmt":"2025-07-29T08:36:17","guid":{"rendered":"https:\/\/mouldking.store\/shop\/moc-factory-117607-truckracing-car-combo-pack-with-344-pieces\/"},"modified":"2025-12-16T20:58:48","modified_gmt":"2025-12-16T13:58:48","slug":"moc-factory-117607-truckracing-car-combo-pack-with-344-pieces","status":"publish","type":"product","link":"https:\/\/mouldking.store\/hu\/shop\/moc-factory-117607-truckracing-car-combo-pack-with-344-pieces\/","title":{"rendered":"MOC Factory 117607 Truck&amp;Racing Car Combo Pack with 344 Pieces"},"content":{"rendered":"<div>\u2705 MOC-117607 Truck&amp;Racing Car Combo Pack<\/p>\n<\/div>\n<div>\u2705 The MOC-117607 Truck &amp; Racing Car Combo Pack is a building block set designed by Yellow.LXF. It&#8217;s an aftermarket (MOC stands for &#8220;My Own Creation&#8221;) set, meaning it&#8217;s not an official LEGO product but uses compatible bricks.<\/div>\n<div>\ud83d\udeab FONTOS!<\/p>\n<\/div>\n<div>Product Name: Truck&amp;Racing Car Combo Pack<\/p>\n<\/div>\n<div>Kateg\u00f3ria: M\u0171szaki<\/p>\n<\/div>\n<div>This Kit Contains: MOC-117607<\/p>\n<\/div>\n<div>344 pcs Good Quality Bricks<\/p>\n<\/div>\n<div>Size:&nbsp; 27 x 17 x 7cm.<\/p>\n<\/div>\n<div>Weight: 250g<\/p>\n<\/div>\n<div>PDF \u00datmutat\u00f3<\/div>\n<div>\ud83d\udcccA f\u0151szerepl\u0151 term\u00e9szete<br \/>It&#8217;s a combo pack that allows you to build a truck and a racing car, designed for a &#8220;race day&#8221; theme. The set is a static version, meaning it&#8217;s for display rather than having moving parts or remote control functions.<\/div>\n<div><\/div>","protected":false},"excerpt":{"rendered":"<p>M\u00e1rka: MOC Factory<br \/>\nNem: Uniszex<br \/>\nKoroszt\u00e1ly: &gt; 6 \u00e9v<br \/>\nModel Number: 117607<br \/>\nBesorol\u00e1s: \u00d6sszeszerel\u00e9s<br \/>\nM\u0171anyag blokk forma: \u00f6nz\u00e1r\u00f3 t\u00e9gla<br \/>\nAnyaga: M\u0171anyag<br \/>\nM\u0171anyag t\u00edpus: ABS<br \/>\nBricks Blocks: 344 +<br \/>\nNincs doboz<\/p>","protected":false},"featured_media":63360,"comment_status":"open","ping_status":"closed","template":"","meta":{"_acf_changed":false},"product_cat":[1357,364],"product_tag":[389,13782,11080],"class_list":["product","first","instock","shipping-taxable","purchasable","product-type-simple"],"acf":[],"_links":{"self":[{"href":"https:\/\/mouldking.store\/hu\/wp-json\/wp\/v2\/product\/63361","targetHints":{"allow":["GET"]}}],"collection":[{"href":"https:\/\/mouldking.store\/hu\/wp-json\/wp\/v2\/product"}],"about":[{"href":"https:\/\/mouldking.store\/hu\/wp-json\/wp\/v2\/types\/product"}],"replies":[{"embeddable":true,"href":"https:\/\/mouldking.store\/hu\/wp-json\/wp\/v2\/comments?post=63361"}],"wp:featuredmedia":[{"embeddable":true,"href":"https:\/\/mouldking.store\/hu\/wp-json\/wp\/v2\/media\/63360"}],"wp:attachment":[{"href":"https:\/\/mouldking.store\/hu\/wp-json\/wp\/v2\/media?parent=63361"}],"wp:term":[{"taxonomy":"product_cat","embeddable":true,"href":"https:\/\/mouldking.store\/hu\/wp-json\/wp\/v2\/product_cat?post=63361"},{"taxonomy":"product_tag","embeddable":true,"href":"https:\/\/mouldking.store\/hu\/wp-json\/wp\/v2\/product_tag?post=63361"}],"curies":[{"name":"wp","href":"https:\/\/api.w.org\/{rel}","templated":true}]}}