{"id":63366,"date":"2025-07-29T15:45:50","date_gmt":"2025-07-29T08:45:50","guid":{"rendered":"https:\/\/mouldking.store\/shop\/moc-factory-164318-racing-car-with-299-pieces\/"},"modified":"2025-12-16T20:58:48","modified_gmt":"2025-12-16T13:58:48","slug":"moc-factory-164318-racing-car-with-299-pieces","status":"publish","type":"product","link":"https:\/\/mouldking.store\/hu\/shop\/moc-factory-164318-racing-car-with-299-pieces\/","title":{"rendered":"MOC Factory 164318 Racing Car with 299 Pieces"},"content":{"rendered":"<div>\u2705 MOC-164318 Racing Car<\/p>\n<\/div>\n<div>\u2705 You&#8217;re asking about the MOC-164318 Racing Car again! As of our last conversation, and assuming no new significant updates have emerged very recently, the information about the MOC-164318 Racing Car remains consistent.<\/p>\n<\/div>\n<div>\ud83d\udeab FONTOS!<\/p>\n<\/div>\n<div>Product Name: Racing Car<\/p>\n<\/div>\n<div>Category: Technic.<\/p>\n<\/div>\n<div>This Kit Contains: MOC-164318<\/p>\n<\/div>\n<div>299 pcs Good Quality Bricks<\/p>\n<\/div>\n<div>Size:&nbsp; 27 x 17 x 7cm<\/p>\n<\/div>\n<div>Weight: 270g<\/p>\n<\/div>\n<div>PDF \u00datmutat\u00f3<\/p>\n<\/div>\n<div>\ud83d\udcccA f\u0151szerepl\u0151 term\u00e9szete<br \/>The racing car is a single-seater competition vehicle with exposed four wheels, comprised of an engine, transmission system, chassis, aerodynamic devices, and tires. The streamlined body features aerodynamic elements at the front and rear, utilizing principles to generate downforce for increased tire grip, enhancing cornering speed and stability during high-speed races<\/div>\n<div><\/div>","protected":false},"excerpt":{"rendered":"<p>M\u00e1rka: MOC Factory<br \/>\nNem: Uniszex<br \/>\nKoroszt\u00e1ly: &gt; 6 \u00e9v<br \/>\nModel Number: 164318<br \/>\nBesorol\u00e1s: \u00d6sszeszerel\u00e9s<br \/>\nM\u0171anyag blokk forma: \u00f6nz\u00e1r\u00f3 t\u00e9gla<br \/>\nAnyaga: M\u0171anyag<br \/>\nM\u0171anyag t\u00edpus: ABS<br \/>\nBricks Blocks: 299 +<br \/>\nno box<\/p>","protected":false},"featured_media":63365,"comment_status":"open","ping_status":"closed","template":"","meta":{"_acf_changed":false},"product_cat":[1357,364],"product_tag":[389,13782,11080],"class_list":["product","first","instock","shipping-taxable","purchasable","product-type-simple"],"acf":[],"_links":{"self":[{"href":"https:\/\/mouldking.store\/hu\/wp-json\/wp\/v2\/product\/63366","targetHints":{"allow":["GET"]}}],"collection":[{"href":"https:\/\/mouldking.store\/hu\/wp-json\/wp\/v2\/product"}],"about":[{"href":"https:\/\/mouldking.store\/hu\/wp-json\/wp\/v2\/types\/product"}],"replies":[{"embeddable":true,"href":"https:\/\/mouldking.store\/hu\/wp-json\/wp\/v2\/comments?post=63366"}],"wp:featuredmedia":[{"embeddable":true,"href":"https:\/\/mouldking.store\/hu\/wp-json\/wp\/v2\/media\/63365"}],"wp:attachment":[{"href":"https:\/\/mouldking.store\/hu\/wp-json\/wp\/v2\/media?parent=63366"}],"wp:term":[{"taxonomy":"product_cat","embeddable":true,"href":"https:\/\/mouldking.store\/hu\/wp-json\/wp\/v2\/product_cat?post=63366"},{"taxonomy":"product_tag","embeddable":true,"href":"https:\/\/mouldking.store\/hu\/wp-json\/wp\/v2\/product_tag?post=63366"}],"curies":[{"name":"wp","href":"https:\/\/api.w.org\/{rel}","templated":true}]}}