{"id":63406,"date":"2025-07-31T10:53:01","date_gmt":"2025-07-31T03:53:01","guid":{"rendered":"https:\/\/mouldking.store\/shop\/moc-factory-25924-ch-46-sea-knight-military-model-building-blocks-set-with-1202-pieces\/"},"modified":"2025-12-16T20:58:47","modified_gmt":"2025-12-16T13:58:47","slug":"moc-factory-25924-ch-46-sea-knight-military-model-building-blocks-set-with-1202-pieces","status":"publish","type":"product","link":"https:\/\/mouldking.store\/hu\/shop\/moc-factory-25924-ch-46-sea-knight-military-model-building-blocks-set-with-1202-pieces\/","title":{"rendered":"MOC Factory 25924 CH-46 Sea Knight Military Model Building Blocks Set with 1202 Pieces"},"content":{"rendered":"<div>\u2705 MOC-25924 CH-46 Sea Knight Military Model Building Blocks Set<\/p>\n<\/div>\n<div>\u2705 The MOC-25924 CH-46 Sea Knight Military Model Building Blocks Set is a popular building block set designed by &#8220;DarthDesigner&#8221;. It&#8217;s a MOC (My Own Creation) meaning it&#8217;s a custom design, not an official LEGO set, though the parts are compatible with other major building block brands<\/p>\n<\/div>\n<div>\ud83d\udeab FONTOS!<\/p>\n<\/div>\n<div>Product Name: CH-46 Sea Knight Military Model Building Blocks Set<\/p>\n<\/div>\n<div>Category: Technic.<\/p>\n<\/div>\n<div>This Kit Contains: MOC-25924<\/p>\n<\/div>\n<div>1202 pcs Good Quality Bricks<\/p>\n<\/div>\n<div>Size: W 37CM, L 27CM, H 7CM<\/p>\n<\/div>\n<div>Weight: 1.5kg&nbsp;<\/p>\n<\/div>\n<div>PDF \u00datmutat\u00f3<\/p>\n<\/div>\n<div>\ud83d\udcccA f\u0151szerepl\u0151 term\u00e9szete<br \/>Generally, it&#8217;s considered a highly detailed and display-worthy model, appreciated by military and aviation enthusiasts. Users have noted the clear instructions and the overall realistic design. If you&#8217;re looking to purchase it, be sure to check the specific listing for the piece count, included parts (some might not include minifigures, printed parts, or stickers), and whether it comes with a physical instruction manual or a digital one (like a PDF on a USB drive).<\/div>\n<div><\/div>","protected":false},"excerpt":{"rendered":"<p>M\u00e1rka: MOC Factory<br \/>\nNem: Uniszex<br \/>\nKoroszt\u00e1ly: 8 \u00e9v felett<br \/>\nModel Number: 25924<br \/>\nBesorol\u00e1s: \u00d6sszeszerel\u00e9s<br \/>\nM\u0171anyag blokk forma: \u00f6nz\u00e1r\u00f3 t\u00e9gla<br \/>\nAnyaga: M\u0171anyag<br \/>\nM\u0171anyag t\u00edpus: ABS<br \/>\nBricks Blocks: 1202 +<br \/>\nNincs doboz<\/p>","protected":false},"featured_media":63405,"comment_status":"open","ping_status":"closed","template":"","meta":{"_acf_changed":false},"product_cat":[1350,1357,372,364],"product_tag":[374,13794,389,13782,11080],"class_list":["product","first","instock","shipping-taxable","purchasable","product-type-simple"],"acf":[],"_links":{"self":[{"href":"https:\/\/mouldking.store\/hu\/wp-json\/wp\/v2\/product\/63406","targetHints":{"allow":["GET"]}}],"collection":[{"href":"https:\/\/mouldking.store\/hu\/wp-json\/wp\/v2\/product"}],"about":[{"href":"https:\/\/mouldking.store\/hu\/wp-json\/wp\/v2\/types\/product"}],"replies":[{"embeddable":true,"href":"https:\/\/mouldking.store\/hu\/wp-json\/wp\/v2\/comments?post=63406"}],"wp:featuredmedia":[{"embeddable":true,"href":"https:\/\/mouldking.store\/hu\/wp-json\/wp\/v2\/media\/63405"}],"wp:attachment":[{"href":"https:\/\/mouldking.store\/hu\/wp-json\/wp\/v2\/media?parent=63406"}],"wp:term":[{"taxonomy":"product_cat","embeddable":true,"href":"https:\/\/mouldking.store\/hu\/wp-json\/wp\/v2\/product_cat?post=63406"},{"taxonomy":"product_tag","embeddable":true,"href":"https:\/\/mouldking.store\/hu\/wp-json\/wp\/v2\/product_tag?post=63406"}],"curies":[{"name":"wp","href":"https:\/\/api.w.org\/{rel}","templated":true}]}}