{"id":63410,"date":"2025-07-31T11:00:07","date_gmt":"2025-07-31T04:00:07","guid":{"rendered":"https:\/\/mouldking.store\/shop\/moc-factory-52155-large-flatcar-train-with-469-pieces\/"},"modified":"2025-12-16T20:58:47","modified_gmt":"2025-12-16T13:58:47","slug":"moc-factory-52155-large-flatcar-train-with-469-pieces","status":"publish","type":"product","link":"https:\/\/mouldking.store\/hu\/shop\/moc-factory-52155-large-flatcar-train-with-469-pieces\/","title":{"rendered":"MOC Factory 52155 Large Flatcar Train with 469 Pieces"},"content":{"rendered":"<div>\u2705 MOC-52155 Large Flatcar Train<\/p>\n<\/div>\n<div>\u2705 The MOC-52155 Large Flatcar Train is a popular custom building block set designed by &#8220;Yellow.LXF.&#8221; It&#8217;s a great option for those looking to expand their brick-built train layouts.<\/p>\n<\/div>\n<div>\ud83d\udeab FONTOS!<\/p>\n<\/div>\n<div>Product Name:&nbsp; Large Flatcar Train<\/p>\n<\/div>\n<div>Category: Technic.<\/p>\n<\/div>\n<div>This Kit Contains: MOC-52155<\/p>\n<\/div>\n<div>469 pcs Good Quality Bricks<\/p>\n<\/div>\n<div>Size: W6.7CM, L56.1CM, H6.3CM<\/p>\n<\/div>\n<div>Weight: 349.6g<\/p>\n<\/div>\n<div>PDF \u00datmutat\u00f3<\/p>\n<\/div>\n<div>\ud83d\udcccA f\u0151szerepl\u0151 term\u00e9szete<br \/>You can find this MOC set from various online retailers specializing in building blocks, such as Letbricks, Medievalbrick, Mould King, and eBay. You can also find the digital instructions on platforms like Rebrickable if you prefer to source the bricks yourself. Users generally praise its sturdy and exquisite design, realistic details, and cost-effectiveness. The clear PDF instructions are also often highlighted as a positive aspect.<\/div>\n<div><\/div>","protected":false},"excerpt":{"rendered":"<p>M\u00e1rka: MOC Factory<br \/>\nNem: Uniszex<br \/>\nKoroszt\u00e1ly: 8 \u00e9v felett<br \/>\nModel Number: 52155<br \/>\nBesorol\u00e1s: \u00d6sszeszerel\u00e9s<br \/>\nM\u0171anyag blokk forma: \u00f6nz\u00e1r\u00f3 t\u00e9gla<br \/>\nAnyaga: M\u0171anyag<br \/>\nM\u0171anyag t\u00edpus: ABS<br \/>\nBricks Blocks: 469 +<br \/>\nNincs doboz<\/p>","protected":false},"featured_media":63409,"comment_status":"open","ping_status":"closed","template":"","meta":{"_acf_changed":false},"product_cat":[1357,364],"product_tag":[13795,389,13782,11080,300],"class_list":["product","first","instock","shipping-taxable","purchasable","product-type-simple"],"acf":[],"_links":{"self":[{"href":"https:\/\/mouldking.store\/hu\/wp-json\/wp\/v2\/product\/63410","targetHints":{"allow":["GET"]}}],"collection":[{"href":"https:\/\/mouldking.store\/hu\/wp-json\/wp\/v2\/product"}],"about":[{"href":"https:\/\/mouldking.store\/hu\/wp-json\/wp\/v2\/types\/product"}],"replies":[{"embeddable":true,"href":"https:\/\/mouldking.store\/hu\/wp-json\/wp\/v2\/comments?post=63410"}],"wp:featuredmedia":[{"embeddable":true,"href":"https:\/\/mouldking.store\/hu\/wp-json\/wp\/v2\/media\/63409"}],"wp:attachment":[{"href":"https:\/\/mouldking.store\/hu\/wp-json\/wp\/v2\/media?parent=63410"}],"wp:term":[{"taxonomy":"product_cat","embeddable":true,"href":"https:\/\/mouldking.store\/hu\/wp-json\/wp\/v2\/product_cat?post=63410"},{"taxonomy":"product_tag","embeddable":true,"href":"https:\/\/mouldking.store\/hu\/wp-json\/wp\/v2\/product_tag?post=63410"}],"curies":[{"name":"wp","href":"https:\/\/api.w.org\/{rel}","templated":true}]}}