{"id":63412,"date":"2025-07-31T11:21:17","date_gmt":"2025-07-31T04:21:17","guid":{"rendered":"https:\/\/mouldking.store\/shop\/moc-factory-78676-medieval-village-well-with-95-pieces\/"},"modified":"2025-12-16T20:58:47","modified_gmt":"2025-12-16T13:58:47","slug":"moc-factory-78676-medieval-village-well-with-95-pieces","status":"publish","type":"product","link":"https:\/\/mouldking.store\/hu\/shop\/moc-factory-78676-medieval-village-well-with-95-pieces\/","title":{"rendered":"MOC Factory 78676 Medieval Village Well with 95 Pieces"},"content":{"rendered":"<div>\u2705 MOC-78676 Medieval Village Well<\/p>\n<\/div>\n<div>\u2705 The MOC-78676 Medieval Village Well is a charming and detailed custom building block set perfect for adding a touch of realism to your medieval-themed displays.<\/p>\n<\/div>\n<div>\ud83d\udeab FONTOS!<\/p>\n<\/div>\n<div>Product Name: Medieval Village Well<\/p>\n<\/div>\n<div>Kateg\u00f3ria: Modul\u00e1ris \u00e9p\u00fclet<\/p>\n<\/div>\n<div>This Kit Contains: MOC-78676<\/p>\n<\/div>\n<div>95 pcs Good Quality Bricks<\/p>\n<\/div>\n<div>Size: 27 x 17 x 7cm<\/p>\n<\/div>\n<div>Weight: 200g<\/p>\n<\/div>\n<div>PDF \u00datmutat\u00f3<\/p>\n<\/div>\n<div>\ud83d\udcccA f\u0151szerepl\u0151 term\u00e9szete<br \/>Originally designed &amp; licensed by peter.keith, the MOC-78676 village well is based on the shape and style of medieval European history with simulated details and structural design. Compatible with 21325 forge shop.<br \/>The product has been modified and reviewed many times for reasonable &amp; firm structure, excellent assembly experience and perfect restoration. In order to improve the experience, the designer achieves the best visual effect with the least number of parts aned pays great attention to the design skills and colors, which evokes immersive fun.<\/div>\n<div><\/div>","protected":false},"excerpt":{"rendered":"<p>M\u00e1rka: MOC Factory<br \/>\nNem: Uniszex<br \/>\nKoroszt\u00e1ly: &gt; 6 \u00e9v<br \/>\nModel Number: 78676<br \/>\nBesorol\u00e1s: \u00d6sszeszerel\u00e9s<br \/>\nM\u0171anyag blokk forma: \u00f6nz\u00e1r\u00f3 t\u00e9gla<br \/>\nAnyaga: M\u0171anyag<br \/>\nM\u0171anyag t\u00edpus: ABS<br \/>\nBricks Blocks: 95 +<br \/>\nNincs doboz<\/p>","protected":false},"featured_media":63411,"comment_status":"open","ping_status":"closed","template":"","meta":{"_acf_changed":false},"product_cat":[1395,390],"product_tag":[13785,4996,5679,392,6373],"class_list":["product","first","instock","shipping-taxable","purchasable","product-type-simple"],"acf":[],"_links":{"self":[{"href":"https:\/\/mouldking.store\/hu\/wp-json\/wp\/v2\/product\/63412","targetHints":{"allow":["GET"]}}],"collection":[{"href":"https:\/\/mouldking.store\/hu\/wp-json\/wp\/v2\/product"}],"about":[{"href":"https:\/\/mouldking.store\/hu\/wp-json\/wp\/v2\/types\/product"}],"replies":[{"embeddable":true,"href":"https:\/\/mouldking.store\/hu\/wp-json\/wp\/v2\/comments?post=63412"}],"wp:featuredmedia":[{"embeddable":true,"href":"https:\/\/mouldking.store\/hu\/wp-json\/wp\/v2\/media\/63411"}],"wp:attachment":[{"href":"https:\/\/mouldking.store\/hu\/wp-json\/wp\/v2\/media?parent=63412"}],"wp:term":[{"taxonomy":"product_cat","embeddable":true,"href":"https:\/\/mouldking.store\/hu\/wp-json\/wp\/v2\/product_cat?post=63412"},{"taxonomy":"product_tag","embeddable":true,"href":"https:\/\/mouldking.store\/hu\/wp-json\/wp\/v2\/product_tag?post=63412"}],"curies":[{"name":"wp","href":"https:\/\/api.w.org\/{rel}","templated":true}]}}