{"id":63433,"date":"2025-08-01T11:34:34","date_gmt":"2025-08-01T04:34:34","guid":{"rendered":"https:\/\/mouldking.store\/shop\/reobrix-66008-tree-house-with-2566-pieces-2\/"},"modified":"2025-08-01T11:34:39","modified_gmt":"2025-08-01T04:34:39","slug":"reobrix-66008-tree-house-with-2566-pieces-2","status":"publish","type":"product","link":"https:\/\/mouldking.store\/hu\/shop\/reobrix-66008-tree-house-with-2566-pieces-2\/","title":{"rendered":"REOBRIX 66008 Tree House with 2566 Pieces"},"content":{"rendered":"<div>\u2705 Reobrix 66008 Tree House<\/p>\n<\/div>\n<div>\u2705 The Reobrix 66008 Tree House is a building block set that is part of the Reobrix &#8220;European Century&#8221; or &#8220;Medieval&#8221; series.<\/p>\n<\/div>\n<div>\ud83d\udeab FONTOS!<\/p>\n<\/div>\n<div>Product Name:Tree House<\/p>\n<\/div>\n<div>Category: Modular Building.<\/p>\n<\/div>\n<div>This Kit Contains:&nbsp; Reobrix 66008<\/p>\n<\/div>\n<div>2566 pcs Good Quality Bricks<\/p>\n<\/div>\n<div>Size: 30x30x39cm<\/div>\n<div><\/div>\n<div>K\u00e9zi utas\u00edt\u00e1sok&nbsp;<\/p>\n<\/div>\n<div>\ud83d\udcccA f\u0151szerepl\u0151 term\u00e9szete<\/div>\n<div>The tree house has a three-story structure with a hall, bedrooms, and balconies. It includes many decorative details, and its doors and windows are functional. <strong>Lighting:<\/strong> The set often comes with LED lighting components to illuminate the model. <strong>Compatibility:<\/strong> The blocks are compatible with major building block brands.<\/div>","protected":false},"excerpt":{"rendered":"<p>M\u00e1rka: REOBRIX<br \/>\nNem: Uniszex<br \/>\nKoroszt\u00e1ly: &gt; 6 \u00e9v<br \/>\nModel Number: 66008<br \/>\nBesorol\u00e1s: \u00d6sszeszerel\u00e9s<br \/>\nM\u0171anyag blokk forma: \u00f6nz\u00e1r\u00f3 t\u00e9gla<br \/>\nAnyaga: M\u0171anyag<br \/>\nM\u0171anyag t\u00edpus: ABS<br \/>\nBricks Blocks: 2566 +<br \/>\nNincs doboz<\/p>","protected":false},"featured_media":63432,"comment_status":"open","ping_status":"closed","template":"","meta":{"_acf_changed":false},"product_cat":[1395,390],"product_tag":[727,13797,5679,392,5234],"class_list":["product","first","instock","shipping-taxable","purchasable","product-type-simple"],"acf":[],"_links":{"self":[{"href":"https:\/\/mouldking.store\/hu\/wp-json\/wp\/v2\/product\/63433","targetHints":{"allow":["GET"]}}],"collection":[{"href":"https:\/\/mouldking.store\/hu\/wp-json\/wp\/v2\/product"}],"about":[{"href":"https:\/\/mouldking.store\/hu\/wp-json\/wp\/v2\/types\/product"}],"replies":[{"embeddable":true,"href":"https:\/\/mouldking.store\/hu\/wp-json\/wp\/v2\/comments?post=63433"}],"wp:featuredmedia":[{"embeddable":true,"href":"https:\/\/mouldking.store\/hu\/wp-json\/wp\/v2\/media\/63432"}],"wp:attachment":[{"href":"https:\/\/mouldking.store\/hu\/wp-json\/wp\/v2\/media?parent=63433"}],"wp:term":[{"taxonomy":"product_cat","embeddable":true,"href":"https:\/\/mouldking.store\/hu\/wp-json\/wp\/v2\/product_cat?post=63433"},{"taxonomy":"product_tag","embeddable":true,"href":"https:\/\/mouldking.store\/hu\/wp-json\/wp\/v2\/product_tag?post=63433"}],"curies":[{"name":"wp","href":"https:\/\/api.w.org\/{rel}","templated":true}]}}