{"id":63445,"date":"2025-08-01T14:17:20","date_gmt":"2025-08-01T07:17:20","guid":{"rendered":"https:\/\/mouldking.store\/shop\/reobrix-10635-18-lamborghini-purple-bull-supercar-with-3654-pieces\/"},"modified":"2025-08-01T14:17:25","modified_gmt":"2025-08-01T07:17:25","slug":"reobrix-10635-18-lamborghini-purple-bull-supercar-with-3654-pieces","status":"publish","type":"product","link":"https:\/\/mouldking.store\/hu\/shop\/reobrix-10635-18-lamborghini-purple-bull-supercar-with-3654-pieces\/","title":{"rendered":"REOBRIX 10635 1:8 Lamborghini Purple Bull Supercar with 3654 Pieces"},"content":{"rendered":"<div>\u2705 GULY 10635 1:8 Lamborghini Purple Bull Supercar<\/p>\n<\/div>\n<div>\u2705 The GULY 10635 1:8 Lamborghini Purple Bull Supercar is a large and detailed building block set designed to replicate a high-performance supercar<\/p>\n<\/div>\n<div>\ud83d\udeab FONTOS!<\/p>\n<\/div>\n<div>Product Name: 1:8 Lamborghini Purple Bull Supercar<\/p>\n<\/div>\n<div>Category: Technic.<\/p>\n<\/div>\n<div>This Kit Contains: GULY 10635&nbsp;<\/p>\n<\/div>\n<div>3654 pcs Good Quality Bricks<\/p>\n<\/div>\n<div>Size: 29.2&#215;63.6&#215;12.5cm<\/div>\n<div><\/div>\n<div>K\u00e9zi utas\u00edt\u00e1sok<\/p>\n<\/div>\n<div>\ud83d\udcccA f\u0151szerepl\u0151 term\u00e9szete<br \/>The model is a highly detailed replica of a supercar, inspired by Lamborghini&#8217;s design language, with a distinctive &#8220;purple bull&#8221; color scheme. The design focuses on technical details and realistic features.<\/div>\n<div><\/div>","protected":false},"excerpt":{"rendered":"<p>M\u00e1rka: REOBRIX<br \/>\nNem: Uniszex<br \/>\nKoroszt\u00e1ly: 8 \u00e9v felett<br \/>\nModel Number: 10635<br \/>\nBesorol\u00e1s: \u00d6sszeszerel\u00e9s<br \/>\nM\u0171anyag blokk forma: \u00f6nz\u00e1r\u00f3 t\u00e9gla<br \/>\nAnyaga: M\u0171anyag<br \/>\nM\u0171anyag t\u00edpus: ABS<br \/>\nBricks Blocks: 3654 +<br \/>\nNincs doboz<\/p>","protected":false},"featured_media":63444,"comment_status":"open","ping_status":"closed","template":"","meta":{"_acf_changed":false},"product_cat":[1360,1357,364,1875],"product_tag":[457,596,10096,389,13782,11080],"class_list":["product","first","instock","shipping-taxable","purchasable","product-type-simple"],"acf":[],"_links":{"self":[{"href":"https:\/\/mouldking.store\/hu\/wp-json\/wp\/v2\/product\/63445","targetHints":{"allow":["GET"]}}],"collection":[{"href":"https:\/\/mouldking.store\/hu\/wp-json\/wp\/v2\/product"}],"about":[{"href":"https:\/\/mouldking.store\/hu\/wp-json\/wp\/v2\/types\/product"}],"replies":[{"embeddable":true,"href":"https:\/\/mouldking.store\/hu\/wp-json\/wp\/v2\/comments?post=63445"}],"wp:featuredmedia":[{"embeddable":true,"href":"https:\/\/mouldking.store\/hu\/wp-json\/wp\/v2\/media\/63444"}],"wp:attachment":[{"href":"https:\/\/mouldking.store\/hu\/wp-json\/wp\/v2\/media?parent=63445"}],"wp:term":[{"taxonomy":"product_cat","embeddable":true,"href":"https:\/\/mouldking.store\/hu\/wp-json\/wp\/v2\/product_cat?post=63445"},{"taxonomy":"product_tag","embeddable":true,"href":"https:\/\/mouldking.store\/hu\/wp-json\/wp\/v2\/product_tag?post=63445"}],"curies":[{"name":"wp","href":"https:\/\/api.w.org\/{rel}","templated":true}]}}