{"id":63475,"date":"2025-08-04T10:59:17","date_gmt":"2025-08-04T03:59:17","guid":{"rendered":"https:\/\/mouldking.store\/shop\/moc-factory-150482-edgewater-keep-model-medieval-theme-with-1527-pieces\/"},"modified":"2025-12-16T20:58:47","modified_gmt":"2025-12-16T13:58:47","slug":"moc-factory-150482-edgewater-keep-model-medieval-theme-with-1527-pieces","status":"publish","type":"product","link":"https:\/\/mouldking.store\/hu\/shop\/moc-factory-150482-edgewater-keep-model-medieval-theme-with-1527-pieces\/","title":{"rendered":"MOC Factory 150482 Edgewater Keep Model Medieval Theme with 1527 Pieces"},"content":{"rendered":"<div>\u2705 MOC-150482 Edgewater Keep Model Medieval Theme<\/p>\n<\/div>\n<div>\u2705 The MOC-150482 Edgewater Keep is a custom-designed building block model with a medieval theme.<\/p>\n<\/div>\n<div>\ud83d\udeab FONTOS!<\/p>\n<\/div>\n<div>Product Name: Edgewater Keep Model Medieval Theme<\/p>\n<\/div>\n<div>Category: Modular Buidling.<\/p>\n<\/div>\n<div>This Kit Contains: MOC-150482<\/p>\n<\/div>\n<div>1527 pcs Good Quality Bricks<\/p>\n<\/div>\n<div>Size: W34.6cm,L30.6cm, H28cm<\/p>\n<\/div>\n<div>Weight: 1.4kg&nbsp;<\/p>\n<\/div>\n<div>PDF \u00datmutat\u00f3<\/p>\n<\/div>\n<div>\ud83d\udcccA f\u0151szerepl\u0151 term\u00e9szete<br \/>Original design by lego_fan_uy, the MOC-150482 Edgewater Keep model, is suitable for any medieval theme block scene, with exquisite design skills and color matching to achieve the best perspective effect. Full of playability, the assembled model also features a very good value for both collection and display. Contsists a total of 1527 smooth parts with accurate colors, ensuring a sturdy structure and comfortable handling, providing excellent tactile feedback. The quality is consistent with leading building blocks brands. The classified parts by steps significantly reduce collecting time and lower the overall cost, offering more time and great value for enthusiasts. Compatible with renowned building block sets from Denmark.<\/div>\n<div><\/div>","protected":false},"excerpt":{"rendered":"<p>M\u00e1rka: MOC Factory<br \/>\nNem: Uniszex<br \/>\nAge Range: &gt; 10 years old<br \/>\nModel Number: 150482<br \/>\nBesorol\u00e1s: \u00d6sszeszerel\u00e9s<br \/>\nM\u0171anyag blokk forma: \u00f6nz\u00e1r\u00f3 t\u00e9gla<br \/>\nAnyaga: M\u0171anyag<br \/>\nM\u0171anyag t\u00edpus: ABS<br \/>\nT\u00e9gla T\u00e9gla: 1527 +<br \/>\nNincs doboz<\/p>","protected":false},"featured_media":63474,"comment_status":"open","ping_status":"closed","template":"","meta":{"_acf_changed":false},"product_cat":[1395,390],"product_tag":[727,11099,13800,392],"class_list":["product","first","instock","shipping-taxable","purchasable","product-type-simple"],"acf":[],"_links":{"self":[{"href":"https:\/\/mouldking.store\/hu\/wp-json\/wp\/v2\/product\/63475","targetHints":{"allow":["GET"]}}],"collection":[{"href":"https:\/\/mouldking.store\/hu\/wp-json\/wp\/v2\/product"}],"about":[{"href":"https:\/\/mouldking.store\/hu\/wp-json\/wp\/v2\/types\/product"}],"replies":[{"embeddable":true,"href":"https:\/\/mouldking.store\/hu\/wp-json\/wp\/v2\/comments?post=63475"}],"wp:featuredmedia":[{"embeddable":true,"href":"https:\/\/mouldking.store\/hu\/wp-json\/wp\/v2\/media\/63474"}],"wp:attachment":[{"href":"https:\/\/mouldking.store\/hu\/wp-json\/wp\/v2\/media?parent=63475"}],"wp:term":[{"taxonomy":"product_cat","embeddable":true,"href":"https:\/\/mouldking.store\/hu\/wp-json\/wp\/v2\/product_cat?post=63475"},{"taxonomy":"product_tag","embeddable":true,"href":"https:\/\/mouldking.store\/hu\/wp-json\/wp\/v2\/product_tag?post=63475"}],"curies":[{"name":"wp","href":"https:\/\/api.w.org\/{rel}","templated":true}]}}