{"id":63485,"date":"2025-08-04T11:31:34","date_gmt":"2025-08-04T04:31:34","guid":{"rendered":"https:\/\/mouldking.store\/shop\/moc-factory-78747-medieval-village-well-with-142-pieces\/"},"modified":"2025-12-16T20:58:47","modified_gmt":"2025-12-16T13:58:47","slug":"moc-factory-78747-medieval-village-well-with-142-pieces","status":"publish","type":"product","link":"https:\/\/mouldking.store\/hu\/shop\/moc-factory-78747-medieval-village-well-with-142-pieces\/","title":{"rendered":"MOC Factory 78747 Medieval Village Well with 142 Pieces"},"content":{"rendered":"<div>\u2705 MOC-78747 Medieval Village Well<\/p>\n<\/div>\n<div>\u2705 The MOC-78747 Medieval Village Well is a custom building block set that captures the essence of a medieval town accessory<\/p>\n<\/div>\n<div>\ud83d\udeab FONTOS!<\/p>\n<\/div>\n<div>Product Name: Medieval Village Well<\/p>\n<\/div>\n<div>Category: Modular Building.<\/p>\n<\/div>\n<div>This Kit Contains: MOC-78747<\/p>\n<\/div>\n<div>142 pcs Good Quality Bricks<\/p>\n<\/div>\n<div>Size: 27 x 17 x 7cm<\/p>\n<\/div>\n<div>Weight: 140g<\/p>\n<\/div>\n<div>PDF \u00datmutat\u00f3<\/p>\n<\/div>\n<div>\ud83d\udcccA f\u0151szerepl\u0151 term\u00e9szete<\/p>\n<\/div>\n<div>Originally designed &amp; licensed by peter.keith, the MOC-78747 village well is based on the shape and style of medieval European history with simulated details and structural design. Compatible with 21325 forge shop.<br \/>The product has been modified and reviewed many times for reasonable &amp; firm structure, excellent assembly experience and perfect restoration. In order to improve the experience, the designer achieves the best visual effect with the least number of parts aned pays great attention to the design skills and colors, which evokes immersive fun.<\/div>","protected":false},"excerpt":{"rendered":"<p>M\u00e1rka: MOC Factory<br \/>\nNem: Uniszex<br \/>\nKoroszt\u00e1ly: &gt; 6 \u00e9v<br \/>\nModel Number: 78747<br \/>\nBesorol\u00e1s: \u00d6sszeszerel\u00e9s<br \/>\nM\u0171anyag blokk forma: \u00f6nz\u00e1r\u00f3 t\u00e9gla<br \/>\nAnyaga: M\u0171anyag<br \/>\nM\u0171anyag t\u00edpus: ABS<br \/>\nBricks Blocks: 142 +<br \/>\nNincs doboz<\/p>","protected":false},"featured_media":63484,"comment_status":"open","ping_status":"closed","template":"","meta":{"_acf_changed":false},"product_cat":[1395,390],"product_tag":[727,11099,1015,6373],"class_list":["product","first","instock","shipping-taxable","purchasable","product-type-simple"],"acf":[],"_links":{"self":[{"href":"https:\/\/mouldking.store\/hu\/wp-json\/wp\/v2\/product\/63485","targetHints":{"allow":["GET"]}}],"collection":[{"href":"https:\/\/mouldking.store\/hu\/wp-json\/wp\/v2\/product"}],"about":[{"href":"https:\/\/mouldking.store\/hu\/wp-json\/wp\/v2\/types\/product"}],"replies":[{"embeddable":true,"href":"https:\/\/mouldking.store\/hu\/wp-json\/wp\/v2\/comments?post=63485"}],"wp:featuredmedia":[{"embeddable":true,"href":"https:\/\/mouldking.store\/hu\/wp-json\/wp\/v2\/media\/63484"}],"wp:attachment":[{"href":"https:\/\/mouldking.store\/hu\/wp-json\/wp\/v2\/media?parent=63485"}],"wp:term":[{"taxonomy":"product_cat","embeddable":true,"href":"https:\/\/mouldking.store\/hu\/wp-json\/wp\/v2\/product_cat?post=63485"},{"taxonomy":"product_tag","embeddable":true,"href":"https:\/\/mouldking.store\/hu\/wp-json\/wp\/v2\/product_tag?post=63485"}],"curies":[{"name":"wp","href":"https:\/\/api.w.org\/{rel}","templated":true}]}}