{"id":63509,"date":"2025-08-05T12:02:28","date_gmt":"2025-08-05T05:02:28","guid":{"rendered":"https:\/\/mouldking.store\/shop\/moc-factory-43749-1-8-scale-126c2-racing-car-building-blocks-set-with-1868-pieces\/"},"modified":"2025-12-16T20:58:47","modified_gmt":"2025-12-16T13:58:47","slug":"moc-factory-43749-1-8-scale-126c2-racing-car-building-blocks-set-with-1868-pieces","status":"publish","type":"product","link":"https:\/\/mouldking.store\/hu\/shop\/moc-factory-43749-1-8-scale-126c2-racing-car-building-blocks-set-with-1868-pieces\/","title":{"rendered":"MOC Factory 43749 1\/8 Scale 126C2 Racing Car Building Blocks Set with 1868 Pieces"},"content":{"rendered":"<div>\u2705 MOC-43749 1\/8 Scale 126C2 Racing Car Building Blocks Set .<\/p>\n<\/div>\n<div>\u2705 The MOC-43749 1\/8 Scale 126C2 Racing Car Building Blocks Set is a custom-designed model (MOC stands for &#8220;My Own Creation&#8221;) of the 1982 Ferrari 126C2 Formula 1 car<\/p>\n<\/div>\n<div>\ud83d\udeab FONTOS!<\/p>\n<\/div>\n<div>Product Name: 1\/8 Scale 126C2 Racing Car Building Blocks Set .&nbsp;<\/p>\n<\/div>\n<div>Kateg\u00f3ria: M\u0171szaki<\/p>\n<\/div>\n<div>This Kit Contains: MOC-43749<\/p>\n<\/div>\n<div>1868 pcs Good Quality Bricks<\/p>\n<\/div>\n<div>Size: 53.8 x 26.4 x 12.6cm<\/p>\n<\/div>\n<div>Weight: 2kg&nbsp;<\/p>\n<\/div>\n<div>PDF \u00datmutat\u00f3<\/p>\n<\/div>\n<div>\ud83d\udcccA f\u0151szerepl\u0151 term\u00e9szete<br \/>Model Description: A race car designed in 1982 by Mauro Forghieri and Harvey Postlethwaite, which was Gilles Villeneuve\u2019s last car. This model features a working suspension, steering wheel, V6 engine, rear stabilizer bar, Venturi tunnels and flexible side skirts, radiators, intercoolers, and twin turbochargers.<br \/>Premium Parts: Includes 1,868 pieces, precisely molded with a high degree of compatibility, ensuring a tight and stable fit. The structure is firm, with no rough edges or burrs, providing a smooth overall feel. The vibrant colors and scratch-free surface enhance the model\u2019s visual appeal.<\/div>\n<div><\/div>","protected":false},"excerpt":{"rendered":"<p>M\u00e1rka: MOC Factory<br \/>\nNem: Uniszex<br \/>\nKorhat\u00e1r: &gt; 16 \u00e9v<br \/>\nModel Number: 43749<br \/>\nBesorol\u00e1s: \u00d6sszeszerel\u00e9s<br \/>\nM\u0171anyag blokk forma: \u00f6nz\u00e1r\u00f3 t\u00e9gla<br \/>\nAnyaga: M\u0171anyag<br \/>\nM\u0171anyag t\u00edpus: ABS<br \/>\nBricks Blocks: 1868 +<br \/>\nNincs doboz<\/p>","protected":false},"featured_media":63508,"comment_status":"open","ping_status":"closed","template":"","meta":{"_acf_changed":false},"product_cat":[1357,364],"product_tag":[13806,389,13782,11080],"class_list":["product","first","instock","shipping-taxable","purchasable","product-type-simple"],"acf":[],"_links":{"self":[{"href":"https:\/\/mouldking.store\/hu\/wp-json\/wp\/v2\/product\/63509","targetHints":{"allow":["GET"]}}],"collection":[{"href":"https:\/\/mouldking.store\/hu\/wp-json\/wp\/v2\/product"}],"about":[{"href":"https:\/\/mouldking.store\/hu\/wp-json\/wp\/v2\/types\/product"}],"replies":[{"embeddable":true,"href":"https:\/\/mouldking.store\/hu\/wp-json\/wp\/v2\/comments?post=63509"}],"wp:featuredmedia":[{"embeddable":true,"href":"https:\/\/mouldking.store\/hu\/wp-json\/wp\/v2\/media\/63508"}],"wp:attachment":[{"href":"https:\/\/mouldking.store\/hu\/wp-json\/wp\/v2\/media?parent=63509"}],"wp:term":[{"taxonomy":"product_cat","embeddable":true,"href":"https:\/\/mouldking.store\/hu\/wp-json\/wp\/v2\/product_cat?post=63509"},{"taxonomy":"product_tag","embeddable":true,"href":"https:\/\/mouldking.store\/hu\/wp-json\/wp\/v2\/product_tag?post=63509"}],"curies":[{"name":"wp","href":"https:\/\/api.w.org\/{rel}","templated":true}]}}