{"id":63541,"date":"2025-08-06T10:56:00","date_gmt":"2025-08-06T03:56:00","guid":{"rendered":"https:\/\/mouldking.store\/shop\/moc-factory-162963-winter-village-chocolate-factory-snowy-christmas-street-building-blocks-with-1932-pieces\/"},"modified":"2025-12-16T20:58:46","modified_gmt":"2025-12-16T13:58:46","slug":"moc-factory-162963-winter-village-chocolate-factory-snowy-christmas-street-building-blocks-with-1932-pieces","status":"publish","type":"product","link":"https:\/\/mouldking.store\/hu\/shop\/moc-factory-162963-winter-village-chocolate-factory-snowy-christmas-street-building-blocks-with-1932-pieces\/","title":{"rendered":"MOC Factory 162963 Winter Village-Chocolate Factory Snowy Christmas Street Building Blocks with 1932 Pieces"},"content":{"rendered":"<div>\u2705 MOC-162963 Winter Village-Chocolate Factory Snowy Christmas Street Building Blocks<\/p>\n<\/div>\n<div>\u2705 MOC-162963, titled &#8220;Winter Village-Chocolate Factory Snowy Christmas Street,&#8221; is a popular custom-designed building block set, often associated with the LEGO Winter Village theme<\/p>\n<\/div>\n<div>\ud83d\udeab FONTOS!<\/p>\n<\/div>\n<div>Product Name:&nbsp; Winter Village-Chocolate Factory Snowy Christmas Street Building Blocks<\/p>\n<\/div>\n<div>Category: Modular Building.<\/p>\n<\/div>\n<div>This Kit Contains: MOC-162963<\/p>\n<\/div>\n<div>1932 pcs Good Quality Bricks<\/p>\n<\/div>\n<div>M\u00e9rete: 37 x 27 x 7 cm<\/p>\n<\/div>\n<div>Weight: 1800g<\/p>\n<\/div>\n<div>PDF \u00datmutat\u00f3<\/p>\n<p>\ud83d\udcccA f\u0151szerepl\u0151 term\u00e9szete<br \/>While it&#8217;s a fan creation, it has been licensed and sold by various third-party building block companies, such as Letbricks and LesDiy. These companies provide the necessary bricks and instructions as a complete package, so you don&#8217;t have to source the parts individually.<\/div>\n<div>The set is targeted at adult builders and fans of the Winter Village collection who are looking to expand their holiday scenes with unique and detailed buildings.<\/div>\n<div><\/div>\n<div><\/div>","protected":false},"excerpt":{"rendered":"<p>M\u00e1rka: MOC Factory<br \/>\nNem: Uniszex<br \/>\nKoroszt\u00e1ly: &gt; 6 \u00e9v<br \/>\nModel Number: 162963<br \/>\nBesorol\u00e1s: \u00d6sszeszerel\u00e9s<br \/>\nM\u0171anyag blokk forma: \u00f6nz\u00e1r\u00f3 t\u00e9gla<br \/>\nAnyaga: M\u0171anyag<br \/>\nM\u0171anyag t\u00edpus: ABS<br \/>\nBricks Blocks: 1932 +<br \/>\nNincs doboz<\/p>","protected":false},"featured_media":63540,"comment_status":"open","ping_status":"closed","template":"","meta":{"_acf_changed":false},"product_cat":[1395,390],"product_tag":[727,1066,5679,392,3012,13650],"class_list":["product","first","instock","shipping-taxable","purchasable","product-type-simple"],"acf":[],"_links":{"self":[{"href":"https:\/\/mouldking.store\/hu\/wp-json\/wp\/v2\/product\/63541","targetHints":{"allow":["GET"]}}],"collection":[{"href":"https:\/\/mouldking.store\/hu\/wp-json\/wp\/v2\/product"}],"about":[{"href":"https:\/\/mouldking.store\/hu\/wp-json\/wp\/v2\/types\/product"}],"replies":[{"embeddable":true,"href":"https:\/\/mouldking.store\/hu\/wp-json\/wp\/v2\/comments?post=63541"}],"wp:featuredmedia":[{"embeddable":true,"href":"https:\/\/mouldking.store\/hu\/wp-json\/wp\/v2\/media\/63540"}],"wp:attachment":[{"href":"https:\/\/mouldking.store\/hu\/wp-json\/wp\/v2\/media?parent=63541"}],"wp:term":[{"taxonomy":"product_cat","embeddable":true,"href":"https:\/\/mouldking.store\/hu\/wp-json\/wp\/v2\/product_cat?post=63541"},{"taxonomy":"product_tag","embeddable":true,"href":"https:\/\/mouldking.store\/hu\/wp-json\/wp\/v2\/product_tag?post=63541"}],"curies":[{"name":"wp","href":"https:\/\/api.w.org\/{rel}","templated":true}]}}