{"id":63546,"date":"2025-08-06T11:10:15","date_gmt":"2025-08-06T04:10:15","guid":{"rendered":"https:\/\/mouldking.store\/shop\/moc-factory-126301-winter-house-with-1423-pieces\/"},"modified":"2025-12-16T20:58:46","modified_gmt":"2025-12-16T13:58:46","slug":"moc-factory-126301-winter-house-with-1423-pieces","status":"publish","type":"product","link":"https:\/\/mouldking.store\/hu\/shop\/moc-factory-126301-winter-house-with-1423-pieces\/","title":{"rendered":"MOC Factory 126301 Winter House with 1423 Pieces"},"content":{"rendered":"<div>\u2705 MOC-126301 Winter House<\/p>\n<\/div>\n<div>\u2705 MOC-126301 Winter House. This is a custom-designed building block set, often associated with the popular LEGO Winter Village theme.<\/p>\n<\/div>\n<div>\ud83d\udeab FONTOS!<\/p>\n<\/div>\n<div>Product Name: Winter House<\/p>\n<\/div>\n<div>Category: \u0110i\u1ec1n Category.<\/p>\n<\/div>\n<div>This Kit Contains: MOC-126301&nbsp;<\/p>\n<\/div>\n<div>1423 pcs Good Quality Bricks<\/p>\n<\/div>\n<div>Size: W 36.0cm, L 16.0cm, H 23.0cm<\/p>\n<\/div>\n<div>Weight: 1.44KG<\/p>\n<\/div>\n<div>PDF \u00datmutat\u00f3<\/p>\n<\/div>\n<div>\ud83d\udcccA f\u0151szerepl\u0151 term\u00e9szete<br \/>As a MOC, the original instructions are available online on platforms like Rebrickable. However, some third-party building block companies, such as LesDiy and Letbricks, have produced and sold the set as a complete package, including all the necessary bricks and instructions. The instructions are typically provided in a digital PDF format.<\/div>\n<div>This MOC is a great option for collectors looking to expand their Winter Village setup with a detailed and creative custom build.<\/div>\n<div><\/div>","protected":false},"excerpt":{"rendered":"<p>M\u00e1rka: MOC Factory<br \/>\nNem: Uniszex<br \/>\nKoroszt\u00e1ly: &gt; 6 \u00e9v<br \/>\nModel Number: 126301<br \/>\nBesorol\u00e1s: \u00d6sszeszerel\u00e9s<br \/>\nM\u0171anyag blokk forma: \u00f6nz\u00e1r\u00f3 t\u00e9gla<br \/>\nAnyaga: M\u0171anyag<br \/>\nM\u0171anyag t\u00edpus: ABS<br \/>\nBricks Blocks: 1423 +<br \/>\nNincs doboz<\/p>","protected":false},"featured_media":63545,"comment_status":"open","ping_status":"closed","template":"","meta":{"_acf_changed":false},"product_cat":[1395,390],"product_tag":[727,2318,5679,392,10511],"class_list":["product","first","instock","shipping-taxable","purchasable","product-type-simple"],"acf":[],"_links":{"self":[{"href":"https:\/\/mouldking.store\/hu\/wp-json\/wp\/v2\/product\/63546","targetHints":{"allow":["GET"]}}],"collection":[{"href":"https:\/\/mouldking.store\/hu\/wp-json\/wp\/v2\/product"}],"about":[{"href":"https:\/\/mouldking.store\/hu\/wp-json\/wp\/v2\/types\/product"}],"replies":[{"embeddable":true,"href":"https:\/\/mouldking.store\/hu\/wp-json\/wp\/v2\/comments?post=63546"}],"wp:featuredmedia":[{"embeddable":true,"href":"https:\/\/mouldking.store\/hu\/wp-json\/wp\/v2\/media\/63545"}],"wp:attachment":[{"href":"https:\/\/mouldking.store\/hu\/wp-json\/wp\/v2\/media?parent=63546"}],"wp:term":[{"taxonomy":"product_cat","embeddable":true,"href":"https:\/\/mouldking.store\/hu\/wp-json\/wp\/v2\/product_cat?post=63546"},{"taxonomy":"product_tag","embeddable":true,"href":"https:\/\/mouldking.store\/hu\/wp-json\/wp\/v2\/product_tag?post=63546"}],"curies":[{"name":"wp","href":"https:\/\/api.w.org\/{rel}","templated":true}]}}