{"id":63550,"date":"2025-08-06T11:25:45","date_gmt":"2025-08-06T04:25:45","guid":{"rendered":"https:\/\/mouldking.store\/shop\/moc-factory-191292-medieval-winter-themed-watch-tower-building-blocks-set-with-700-pieces\/"},"modified":"2025-12-16T20:58:46","modified_gmt":"2025-12-16T13:58:46","slug":"moc-factory-191292-medieval-winter-themed-watch-tower-building-blocks-set-with-700-pieces","status":"publish","type":"product","link":"https:\/\/mouldking.store\/hu\/shop\/moc-factory-191292-medieval-winter-themed-watch-tower-building-blocks-set-with-700-pieces\/","title":{"rendered":"MOC Factory 191292 Medieval Winter Themed Watch Tower Building Blocks Set with 700 Pieces"},"content":{"rendered":"<div>\u2705 MOC-191292 Medieval Winter Themed Watch Tower Building Blocks Set<\/p>\n<\/div>\n<div>\u2705 A <strong>MOC-191292 Medieval Winter Themed Watch Tower Building Blocks Set<\/strong> is a popular custom-designed model, created by the designer <strong>BricksBite<\/strong>.<\/p>\n<\/div>\n<div>\ud83d\udeab FONTOS!<\/p>\n<\/div>\n<div>Product Name: Medieval Winter Themed Watch Tower Building Blocks Set<\/p>\n<\/div>\n<div>Category: Modular Building.<\/p>\n<\/div>\n<div>This Kit Contains: MOC-191292<\/p>\n<\/div>\n<div>700 pcs Good Quality Bricks<\/p>\n<\/div>\n<div>Size: 35.8 x 26 x 6.8cm<\/p>\n<\/div>\n<div>Weight: 486g&nbsp;<\/p>\n<\/div>\n<div>PDF \u00datmutat\u00f3<\/p>\n<\/div>\n<div>\ud83d\udcccA f\u0151szerepl\u0151 term\u00e9szete<\/p>\n<\/div>\n<div>Model Description: Created and authorized by BricksBite, the new \u201cMountain Fortress\u201dinspired BricksBite to design the Watch Tower in a winter theme .It would be a great addition to the \u201cMountain Fortress\u201d or any medieval MOC.<br \/>Premium Parts: Comprises 700 precisely colored pieces that ensure a solid and satisfying build. Each piece is designed for easy assembly and disassembly, with quality on par with leading brands. Additionally, the set is compatible with popular building blocks from well-known Danish brands.<\/div>","protected":false},"excerpt":{"rendered":"<p>M\u00e1rka: MOC Factory<br \/>\nNem: Uniszex<br \/>\nKorhat\u00e1r: &gt; 16 \u00e9v<br \/>\nModel Number: 191292<br \/>\nBesorol\u00e1s: \u00d6sszeszerel\u00e9s<br \/>\nM\u0171anyag blokk forma: \u00f6nz\u00e1r\u00f3 t\u00e9gla<br \/>\nAnyaga: M\u0171anyag<br \/>\nM\u0171anyag t\u00edpus: ABS<br \/>\nBricks Blocks: 700 +<br \/>\nNincs doboz<\/p>","protected":false},"featured_media":63549,"comment_status":"open","ping_status":"closed","template":"","meta":{"_acf_changed":false},"product_cat":[1395,390],"product_tag":[4996,5679,1015,2302,10511],"class_list":["product","first","instock","shipping-taxable","purchasable","product-type-simple"],"acf":[],"_links":{"self":[{"href":"https:\/\/mouldking.store\/hu\/wp-json\/wp\/v2\/product\/63550","targetHints":{"allow":["GET"]}}],"collection":[{"href":"https:\/\/mouldking.store\/hu\/wp-json\/wp\/v2\/product"}],"about":[{"href":"https:\/\/mouldking.store\/hu\/wp-json\/wp\/v2\/types\/product"}],"replies":[{"embeddable":true,"href":"https:\/\/mouldking.store\/hu\/wp-json\/wp\/v2\/comments?post=63550"}],"wp:featuredmedia":[{"embeddable":true,"href":"https:\/\/mouldking.store\/hu\/wp-json\/wp\/v2\/media\/63549"}],"wp:attachment":[{"href":"https:\/\/mouldking.store\/hu\/wp-json\/wp\/v2\/media?parent=63550"}],"wp:term":[{"taxonomy":"product_cat","embeddable":true,"href":"https:\/\/mouldking.store\/hu\/wp-json\/wp\/v2\/product_cat?post=63550"},{"taxonomy":"product_tag","embeddable":true,"href":"https:\/\/mouldking.store\/hu\/wp-json\/wp\/v2\/product_tag?post=63550"}],"curies":[{"name":"wp","href":"https:\/\/api.w.org\/{rel}","templated":true}]}}