{"id":63554,"date":"2025-08-06T11:35:08","date_gmt":"2025-08-06T04:35:08","guid":{"rendered":"https:\/\/mouldking.store\/shop\/moc-factory-92758-winter-cabin-street-view1400pcs-with-1004-pieces\/"},"modified":"2025-12-16T20:58:46","modified_gmt":"2025-12-16T13:58:46","slug":"moc-factory-92758-winter-cabin-street-view1400pcs-with-1004-pieces","status":"publish","type":"product","link":"https:\/\/mouldking.store\/hu\/shop\/moc-factory-92758-winter-cabin-street-view1400pcs-with-1004-pieces\/","title":{"rendered":"MOC Factory 92758 Winter Cabin Street View(1400PCS) with 1004 Pieces"},"content":{"rendered":"<div>\u2705 MOC-92758 Winter Cabin Street View(1400PCS)<\/p>\n<\/div>\n<div>\u2705 A <strong>MOC-92758 Winter Cabin Street View<\/strong> is a custom-designed building block set that has gained popularity among fans of the Winter Village theme.<\/p>\n<\/div>\n<div>\ud83d\udeab FONTOS!<\/p>\n<\/div>\n<div>Product Name:&nbsp; Winter Cabin Street View<\/p>\n<\/div>\n<div>Kateg\u00f3ria: Modul\u00e1ris \u00e9p\u00fclet<\/p>\n<\/div>\n<div>This Kit Contains: MOC-92758<\/p>\n<\/div>\n<div>1400 pcs Good Quality Bricks<\/p>\n<\/div>\n<div>M\u00e9rete: 37 x 27 x 7 cm<\/p>\n<\/div>\n<div>S\u00faly: 1100g<\/p>\n<\/div>\n<div>PDF \u00datmutat\u00f3<\/p>\n<\/div>\n<div>\ud83d\udcccA f\u0151szerepl\u0151 term\u00e9szete<br \/>.Designed and authorized by Brick Artisan, the MOC-92758 Winter Cabin building model features an original design and realistic interior parts. Modified and reviewed many times, the product maximizes the appearance of the scene, which is designed with reasonable structure, firm&amp;incredible building, along with unique design and color matching for superior ornamental and collection value.<br \/>.With a total of 1400 premium quality particles in accurate color consistent with the parts of mainstream building blocks brands, the blocks are built with durable and sturdy holistic buildings for an impressive feel and easy disassembly. The various packages of cost-effective parts classified into types are capable of saving time in collecting parts and money on purchase for building block enthusiasts.<\/div>\n<div><\/div>","protected":false},"excerpt":{"rendered":"<p>M\u00e1rka: MOC Factory<br \/>\nNem: Uniszex<br \/>\nKorhat\u00e1r: 14 \u00e9v felett<br \/>\nModel Number: 92758<br \/>\nBesorol\u00e1s: \u00d6sszeszerel\u00e9s<br \/>\nM\u0171anyag blokk forma: \u00f6nz\u00e1r\u00f3 t\u00e9gla<br \/>\nAnyaga: M\u0171anyag<br \/>\nM\u0171anyag t\u00edpus: ABS<br \/>\nBricks Blocks: 1004 +<br \/>\nNincs doboz<\/p>","protected":false},"featured_media":63553,"comment_status":"open","ping_status":"closed","template":"","meta":{"_acf_changed":false},"product_cat":[1395,390],"product_tag":[727,10138,12522,392,3012,10511],"class_list":["product","first","instock","shipping-taxable","purchasable","product-type-simple"],"acf":[],"_links":{"self":[{"href":"https:\/\/mouldking.store\/hu\/wp-json\/wp\/v2\/product\/63554","targetHints":{"allow":["GET"]}}],"collection":[{"href":"https:\/\/mouldking.store\/hu\/wp-json\/wp\/v2\/product"}],"about":[{"href":"https:\/\/mouldking.store\/hu\/wp-json\/wp\/v2\/types\/product"}],"replies":[{"embeddable":true,"href":"https:\/\/mouldking.store\/hu\/wp-json\/wp\/v2\/comments?post=63554"}],"wp:featuredmedia":[{"embeddable":true,"href":"https:\/\/mouldking.store\/hu\/wp-json\/wp\/v2\/media\/63553"}],"wp:attachment":[{"href":"https:\/\/mouldking.store\/hu\/wp-json\/wp\/v2\/media?parent=63554"}],"wp:term":[{"taxonomy":"product_cat","embeddable":true,"href":"https:\/\/mouldking.store\/hu\/wp-json\/wp\/v2\/product_cat?post=63554"},{"taxonomy":"product_tag","embeddable":true,"href":"https:\/\/mouldking.store\/hu\/wp-json\/wp\/v2\/product_tag?post=63554"}],"curies":[{"name":"wp","href":"https:\/\/api.w.org\/{rel}","templated":true}]}}