{"id":63558,"date":"2025-08-06T16:50:12","date_gmt":"2025-08-06T09:50:12","guid":{"rendered":"https:\/\/mouldking.store\/shop\/loz-1238-merry-christmas-music-box-with-979-pieces-2\/"},"modified":"2025-08-06T16:50:22","modified_gmt":"2025-08-06T09:50:22","slug":"loz-1238-merry-christmas-music-box-with-979-pieces-2","status":"publish","type":"product","link":"https:\/\/mouldking.store\/hu\/shop\/loz-1238-merry-christmas-music-box-with-979-pieces-2\/","title":{"rendered":"LOZ 1238 Merry Christmas Music Box with 979 Pieces"},"content":{"rendered":"<div>\u2705 LOZ 1238 Merry Christmas Music Box&nbsp;<\/p>\n<\/div>\n<div>\u2705 The LOZ 1238 Merry Christmas Music Box is a building block set that creates a festive Christmas scene. It is part of the LOZ Merry Christmas Series and features a cozy holiday house, a Christmas tree, a snowman, and a Santa Claus figure on a sleigh. The set is made of 979 mini-sized blocks, which are smaller than standard LEGO bricks.<\/p>\n<\/div>\n<div>\ud83d\udeab FONTOS!<\/p>\n<\/div>\n<div>Product Name: Merry Christmas Music Box &nbsp;<\/p>\n<\/div>\n<div>Category: Modular Building.<\/p>\n<\/div>\n<div>This Kit Contains: The LOZ 1238<\/p>\n<\/div>\n<div>979 pcs Good Quality Bricks<\/div>\n<div><\/div>\n<div>K\u00e9zi utas\u00edt\u00e1sok&nbsp;<\/p>\n<\/div>\n<div>\ud83d\udcccA f\u0151szerepl\u0151 term\u00e9szete<br \/>The set is intended for ages 6 and up, though some users note that some of the technical functions can be &#8220;tricky.&#8221; It comes with detailed, image-based instructions for assembly.<\/div>\n<div>The finished product dimensions are approximately 11.4 cm (L) x 14 cm (W) x 9.3 cm (H), though some sources list slightly different measurements. It is a popular item for holiday decoration and a suitable gift for building block enthusiasts.<\/div>","protected":false},"excerpt":{"rendered":"<p>M\u00e1rka: LOZ<br \/>\nNem: Uniszex<br \/>\nKoroszt\u00e1ly: &gt; 6 \u00e9v<br \/>\nModellsz\u00e1m: 1238<br \/>\nBesorol\u00e1s: \u00d6sszeszerel\u00e9s<br \/>\nM\u0171anyag blokk forma: \u00f6nz\u00e1r\u00f3 t\u00e9gla<br \/>\nAnyaga: M\u0171anyag<br \/>\nM\u0171anyag t\u00edpus: ABS<br \/>\nBricks Blocks: 979 +<br \/>\nNincs doboz<\/p>","protected":false},"featured_media":63557,"comment_status":"open","ping_status":"closed","template":"","meta":{"_acf_changed":false},"product_cat":[1395,390],"product_tag":[727,1066,12522,392,1370],"class_list":["product","first","instock","shipping-taxable","purchasable","product-type-simple"],"acf":[],"_links":{"self":[{"href":"https:\/\/mouldking.store\/hu\/wp-json\/wp\/v2\/product\/63558","targetHints":{"allow":["GET"]}}],"collection":[{"href":"https:\/\/mouldking.store\/hu\/wp-json\/wp\/v2\/product"}],"about":[{"href":"https:\/\/mouldking.store\/hu\/wp-json\/wp\/v2\/types\/product"}],"replies":[{"embeddable":true,"href":"https:\/\/mouldking.store\/hu\/wp-json\/wp\/v2\/comments?post=63558"}],"wp:featuredmedia":[{"embeddable":true,"href":"https:\/\/mouldking.store\/hu\/wp-json\/wp\/v2\/media\/63557"}],"wp:attachment":[{"href":"https:\/\/mouldking.store\/hu\/wp-json\/wp\/v2\/media?parent=63558"}],"wp:term":[{"taxonomy":"product_cat","embeddable":true,"href":"https:\/\/mouldking.store\/hu\/wp-json\/wp\/v2\/product_cat?post=63558"},{"taxonomy":"product_tag","embeddable":true,"href":"https:\/\/mouldking.store\/hu\/wp-json\/wp\/v2\/product_tag?post=63558"}],"curies":[{"name":"wp","href":"https:\/\/api.w.org\/{rel}","templated":true}]}}