{"id":63562,"date":"2025-08-06T16:58:27","date_gmt":"2025-08-06T09:58:27","guid":{"rendered":"https:\/\/mouldking.store\/shop\/loz-1237-christmas-tree-music-box-with-506-pieces-2\/"},"modified":"2025-08-06T16:58:31","modified_gmt":"2025-08-06T09:58:31","slug":"loz-1237-christmas-tree-music-box-with-506-pieces-2","status":"publish","type":"product","link":"https:\/\/mouldking.store\/hu\/shop\/loz-1237-christmas-tree-music-box-with-506-pieces-2\/","title":{"rendered":"LOZ 1237 Christmas Tree Music Box with 506 Pieces"},"content":{"rendered":"<div>\u2705 LOZ 1237 Christmas Tree Music Box<\/p>\n<\/div>\n<div>\u2705 The LOZ 1237 Christmas Tree Music Box is a building block set that is part of the LOZ Merry Christmas Series. It allows you to construct a festive, revolving Christmas tree with a musical feature<\/p>\n<\/div>\n<div>\ud83d\udeab FONTOS!<\/p>\n<\/div>\n<div>Product Name: Christmas Tree Music Box<\/p>\n<\/div>\n<div>Kateg\u00f3ria: Alkot\u00f3<\/p>\n<\/div>\n<div>This Kit Contains: LOZ 1237&nbsp;<\/p>\n<\/div>\n<div>506 pcs Good Quality Bricks<\/div>\n<div><\/div>\n<div>K\u00e9zi utas\u00edt\u00e1sok<\/p>\n<\/div>\n<div>\ud83d\udcccA f\u0151szerepl\u0151 term\u00e9szete<\/p>\n<\/div>\n<div><strong>Piece Count:<\/strong> The set contains 506 mini-sized building blocks, which are smaller than standard LEGO bricks.<\/div>\n<div><strong>Design:<\/strong> It features a highly detailed and modular Christmas tree adorned with ornaments, gifts, and miniature holiday figures like Santa Claus and a snowman. The tree is topped with a star.<\/div>\n<div><strong>Interactive Features:<\/strong> The base of the set is a wind-up music box that, when activated, plays a Christmas tune and causes the platform holding the tree to rotate.<\/div>","protected":false},"excerpt":{"rendered":"<p>M\u00e1rka: LOZ<br \/>\nNem: Uniszex<br \/>\nKoroszt\u00e1ly: &gt; 6 \u00e9v<br \/>\nModellsz\u00e1m: 1237<br \/>\nBesorol\u00e1s: \u00d6sszeszerel\u00e9s<br \/>\nM\u0171anyag blokk forma: \u00f6nz\u00e1r\u00f3 t\u00e9gla<br \/>\nAnyaga: M\u0171anyag<br \/>\nM\u0171anyag t\u00edpus: ABS<br \/>\nBricks Blocks: 506 +<br \/>\nNincs doboz<\/p>","protected":false},"featured_media":63561,"comment_status":"open","ping_status":"closed","template":"","meta":{"_acf_changed":false},"product_cat":[1365,371],"product_tag":[1066,3381,11072,8452,11601,1370],"class_list":["product","first","instock","shipping-taxable","purchasable","product-type-simple"],"acf":[],"_links":{"self":[{"href":"https:\/\/mouldking.store\/hu\/wp-json\/wp\/v2\/product\/63562","targetHints":{"allow":["GET"]}}],"collection":[{"href":"https:\/\/mouldking.store\/hu\/wp-json\/wp\/v2\/product"}],"about":[{"href":"https:\/\/mouldking.store\/hu\/wp-json\/wp\/v2\/types\/product"}],"replies":[{"embeddable":true,"href":"https:\/\/mouldking.store\/hu\/wp-json\/wp\/v2\/comments?post=63562"}],"wp:featuredmedia":[{"embeddable":true,"href":"https:\/\/mouldking.store\/hu\/wp-json\/wp\/v2\/media\/63561"}],"wp:attachment":[{"href":"https:\/\/mouldking.store\/hu\/wp-json\/wp\/v2\/media?parent=63562"}],"wp:term":[{"taxonomy":"product_cat","embeddable":true,"href":"https:\/\/mouldking.store\/hu\/wp-json\/wp\/v2\/product_cat?post=63562"},{"taxonomy":"product_tag","embeddable":true,"href":"https:\/\/mouldking.store\/hu\/wp-json\/wp\/v2\/product_tag?post=63562"}],"curies":[{"name":"wp","href":"https:\/\/api.w.org\/{rel}","templated":true}]}}