{"id":63566,"date":"2025-08-06T17:19:29","date_gmt":"2025-08-06T10:19:29","guid":{"rendered":"https:\/\/mouldking.store\/shop\/xinyu-23043-audi-sport-quattro-s1-group-b-1984-with-3887-pieces\/"},"modified":"2025-08-06T17:19:36","modified_gmt":"2025-08-06T10:19:36","slug":"xinyu-23043-audi-sport-quattro-s1-group-b-1984-with-3887-pieces","status":"publish","type":"product","link":"https:\/\/mouldking.store\/hu\/shop\/xinyu-23043-audi-sport-quattro-s1-group-b-1984-with-3887-pieces\/","title":{"rendered":"XINYU 23043 Audi Sport Quattro S1 Group B 1984 with 3887 Pieces"},"content":{"rendered":"<div>\u2705 XINYU 23043 Audi Sport Quattro S1 Group B 1984<\/div>\n<div><\/div>\n<div>\u2705 The XINYU 23043 Audi Sport Quattro S1 Group B 1984 is a large-scale, 1:8 ratio building block model of the iconic rally car. It is a highly detailed and complex set designed for enthusiasts and collectors.<\/div>\n<div><\/div>\n<div>\ud83d\udeab FONTOS!<\/div>\n<div><\/div>\n<div>Product Name: Audi Sport Quattro S1 Group B 1984<\/div>\n<div><\/div>\n<div>Category: Technic.<\/div>\n<div><\/div>\n<div>This Kit Contains: XINYU 23043<\/div>\n<div><\/div>\n<div>3887 pcs Good Quality Bricks<\/div>\n<div><\/div>\n<div>Size: 59&#215;24.7&#215;23.2cm<\/div>\n<div><\/div>\n<div>K\u00e9zi utas\u00edt\u00e1sok&nbsp;<\/div>\n<div><\/div>\n<div>\ud83d\udcccA f\u0151szerepl\u0151 term\u00e9szete<\/div>\n<div>The model includes a number of realistic and functional elements, such as:<\/div>\n<div>A detailed interior with a 5-point racing harness.<\/div>\n<div>An opening trunk with a spare wheel.<\/div>\n<div>A functioning engine with a custom airbox and intake.<\/div>\n<div>Custom wheels and aggressive front wings that replicate the look of the original Group B car.<\/div>\n<div>Power Functions (Dynamic Version): There is a &#8220;dynamic&#8221; version of the set available that includes power functions for remote-controlled drive and steering, as well as front and rear LED lights.<\/div>\n<div>Instructions: The set typically includes a paper instruction booklet to guide the builder through the complex assembly process.<\/div>\n<div><\/div>\n<div><\/div>","protected":false},"excerpt":{"rendered":"<p>M\u00e1rka: XINYU<br \/>\nNem: Uniszex<br \/>\nKoroszt\u00e1ly: &gt; 6 \u00e9v<br \/>\nModel Number: 23043<br \/>\nBesorol\u00e1s: \u00d6sszeszerel\u00e9s<br \/>\nM\u0171anyag blokk forma: \u00f6nz\u00e1r\u00f3 t\u00e9gla<br \/>\nAnyaga: M\u0171anyag<br \/>\nM\u0171anyag t\u00edpus: ABS<br \/>\nBricks Blocks: 3887 +<br \/>\nNincs doboz<\/p>","protected":false},"featured_media":63565,"comment_status":"open","ping_status":"closed","template":"","meta":{"_acf_changed":false},"product_cat":[1357,364],"product_tag":[13812,13813,11150,389,13782,11080],"class_list":["product","first","instock","shipping-taxable","purchasable","product-type-simple"],"acf":[],"_links":{"self":[{"href":"https:\/\/mouldking.store\/hu\/wp-json\/wp\/v2\/product\/63566","targetHints":{"allow":["GET"]}}],"collection":[{"href":"https:\/\/mouldking.store\/hu\/wp-json\/wp\/v2\/product"}],"about":[{"href":"https:\/\/mouldking.store\/hu\/wp-json\/wp\/v2\/types\/product"}],"replies":[{"embeddable":true,"href":"https:\/\/mouldking.store\/hu\/wp-json\/wp\/v2\/comments?post=63566"}],"wp:featuredmedia":[{"embeddable":true,"href":"https:\/\/mouldking.store\/hu\/wp-json\/wp\/v2\/media\/63565"}],"wp:attachment":[{"href":"https:\/\/mouldking.store\/hu\/wp-json\/wp\/v2\/media?parent=63566"}],"wp:term":[{"taxonomy":"product_cat","embeddable":true,"href":"https:\/\/mouldking.store\/hu\/wp-json\/wp\/v2\/product_cat?post=63566"},{"taxonomy":"product_tag","embeddable":true,"href":"https:\/\/mouldking.store\/hu\/wp-json\/wp\/v2\/product_tag?post=63566"}],"curies":[{"name":"wp","href":"https:\/\/api.w.org\/{rel}","templated":true}]}}