{"id":63569,"date":"2025-08-06T17:42:41","date_gmt":"2025-08-06T10:42:41","guid":{"rendered":"https:\/\/mouldking.store\/shop\/xinyu-pb8824-summer-time-2-with-457-pieces\/"},"modified":"2025-08-06T17:42:45","modified_gmt":"2025-08-06T10:42:45","slug":"xinyu-pb8824-summer-time-2-with-457-pieces","status":"publish","type":"product","link":"https:\/\/mouldking.store\/hu\/shop\/xinyu-pb8824-summer-time-2-with-457-pieces\/","title":{"rendered":"XINYU PB8824 Summer Time 2 with 457 Pieces"},"content":{"rendered":"<div>\u2705 XINYU PB8824 Summer Time 2<\/p>\n<\/div>\n<div>\u2705 The XINYU PB8824 Summer Time 2 is a building block set that depicts a Santana station wagon. It is part of the &#8220;Summer Time&#8221; series of car models from XINYU<\/p>\n<\/div>\n<div>\ud83d\udeab FONTOS!<\/p>\n<\/div>\n<div>Product Name: Summer Time 2<\/p>\n<\/div>\n<div>Category: Technic.<\/p>\n<\/div>\n<div>This Kit Contains: XINYU PB8824<\/p>\n<\/div>\n<div>457 pcs Good Quality Bricks<\/p>\n<\/div>\n<div>K\u00e9zi utas\u00edt\u00e1sok&nbsp;<\/p>\n<\/div>\n<div>\ud83d\udcccA f\u0151szerepl\u0151 term\u00e9szete<br \/><strong>Piece Count:<\/strong> The set is composed of 457 pieces.<\/div>\n<div><strong>Model:<\/strong> It is a model of a Santana station wagon.<\/div>\n<div><strong>Branding:<\/strong> While the set is from XINYU, it&#8217;s also sometimes associated with the &#8220;PB&#8221; brand.<\/div>\n<div><strong>Material:<\/strong> The blocks are made from ABS plastic.<\/div>\n<div><strong>Series:<\/strong> The &#8220;Summer Time&#8221; series also includes other classic car and camper van models, such as a Mini Camper, Beetle Camper, and T1 Campervan.<\/div>\n<div><\/div>","protected":false},"excerpt":{"rendered":"<p>M\u00e1rka: XINYU<br \/>\nNem: Uniszex<br \/>\nKoroszt\u00e1ly: &gt; 6 \u00e9v<br \/>\nModel Number: PB8824<br \/>\nBesorol\u00e1s: \u00d6sszeszerel\u00e9s<br \/>\nM\u0171anyag blokk forma: \u00f6nz\u00e1r\u00f3 t\u00e9gla<br \/>\nAnyaga: M\u0171anyag<br \/>\nM\u0171anyag t\u00edpus: ABS<br \/>\nBricks Blocks: 457 +<br \/>\nNincs doboz<\/p>","protected":false},"featured_media":63568,"comment_status":"open","ping_status":"closed","template":"","meta":{"_acf_changed":false},"product_cat":[1357,364],"product_tag":[11686,389,12978,13782,11080],"class_list":["product","first","instock","shipping-taxable","purchasable","product-type-simple"],"acf":[],"_links":{"self":[{"href":"https:\/\/mouldking.store\/hu\/wp-json\/wp\/v2\/product\/63569","targetHints":{"allow":["GET"]}}],"collection":[{"href":"https:\/\/mouldking.store\/hu\/wp-json\/wp\/v2\/product"}],"about":[{"href":"https:\/\/mouldking.store\/hu\/wp-json\/wp\/v2\/types\/product"}],"replies":[{"embeddable":true,"href":"https:\/\/mouldking.store\/hu\/wp-json\/wp\/v2\/comments?post=63569"}],"wp:featuredmedia":[{"embeddable":true,"href":"https:\/\/mouldking.store\/hu\/wp-json\/wp\/v2\/media\/63568"}],"wp:attachment":[{"href":"https:\/\/mouldking.store\/hu\/wp-json\/wp\/v2\/media?parent=63569"}],"wp:term":[{"taxonomy":"product_cat","embeddable":true,"href":"https:\/\/mouldking.store\/hu\/wp-json\/wp\/v2\/product_cat?post=63569"},{"taxonomy":"product_tag","embeddable":true,"href":"https:\/\/mouldking.store\/hu\/wp-json\/wp\/v2\/product_tag?post=63569"}],"curies":[{"name":"wp","href":"https:\/\/api.w.org\/{rel}","templated":true}]}}