{"id":63573,"date":"2025-08-06T17:54:58","date_gmt":"2025-08-06T10:54:58","guid":{"rendered":"https:\/\/mouldking.store\/shop\/dk-1004-warhammer-40k-chaos-space-marine-with-643-pieces\/"},"modified":"2025-08-06T17:55:13","modified_gmt":"2025-08-06T10:55:13","slug":"dk-1004-warhammer-40k-chaos-space-marine-with-643-pieces","status":"publish","type":"product","link":"https:\/\/mouldking.store\/hu\/shop\/dk-1004-warhammer-40k-chaos-space-marine-with-643-pieces\/","title":{"rendered":"DK 1004 Warhammer 40K Chaos Space Marine with 643 Pieces"},"content":{"rendered":"<div>\u2705 DK 1004 Warhammer 40K Chaos Space Marine<\/p>\n<\/div>\n<div>\u2705 The DK 1004 is a building block set that recreates a Chaos Space Marine from the Warhammer 40,000 universe. It is a popular set for fans of both building blocks and the Warhammer franchise.<\/p>\n<\/div>\n<div>\ud83d\udeab FONTOS!<\/p>\n<\/div>\n<div>Product Name: Warhammer 40K Chaos Space Marine<\/p>\n<\/div>\n<div>Kateg\u00f3ria: Film<\/p>\n<\/div>\n<div>This Kit Contains:&nbsp; DK 1004<\/p>\n<\/div>\n<div>643 pcs Good Quality Bricks<\/p>\n<\/div>\n<div>Size: 14x26cm.<\/div>\n<div><\/div>\n<div>K\u00e9zi utas\u00edt\u00e1sok&nbsp;<\/p>\n<\/div>\n<div>\ud83d\udcccA f\u0151szerepl\u0151 term\u00e9szete<br \/><strong>Model:<\/strong> It depicts a Chaos Space Marine, a traitorous super-soldier from the Warhammer 40k lore.<\/div>\n<div><strong>Piece Count:<\/strong> The set contains approximately 643+ pieces.<\/div>\n<div><strong>Packaging:<\/strong> The set is typically sold without the original box, but is guaranteed to be securely packaged.<\/div>\n<div><strong>Missing Parts Policy:<\/strong> Many retailers offer a &#8220;missing parts&#8221; policy, where they will resend any missing or damaged pieces to the customer for free.<\/div>\n<div><strong>Brand:<\/strong> The set is associated with the brand &#8220;DK&#8221; and is also sometimes sold by other brands as a &#8220;2nd brand&#8221; or &#8220;5nd brand&#8221; set.<\/div>\n<div><\/div>","protected":false},"excerpt":{"rendered":"<p>M\u00e1rka: DK<br \/>\nNem: Uniszex<br \/>\nKoroszt\u00e1ly: &gt; 6 \u00e9v<br \/>\nModel Number: 1004<br \/>\nBesorol\u00e1s: \u00d6sszeszerel\u00e9s<br \/>\nM\u0171anyag blokk forma: \u00f6nz\u00e1r\u00f3 t\u00e9gla<br \/>\nAnyaga: M\u0171anyag<br \/>\nM\u0171anyag t\u00edpus: ABS<br \/>\nBricks Blocks: 643 +<br \/>\nNincs doboz<\/p>","protected":false},"featured_media":63572,"comment_status":"open","ping_status":"closed","template":"","meta":{"_acf_changed":false},"product_cat":[11927,581,1408],"product_tag":[13796,11876,11301,7793,434,11824],"class_list":["product","first","instock","shipping-taxable","purchasable","product-type-simple"],"acf":[],"_links":{"self":[{"href":"https:\/\/mouldking.store\/hu\/wp-json\/wp\/v2\/product\/63573","targetHints":{"allow":["GET"]}}],"collection":[{"href":"https:\/\/mouldking.store\/hu\/wp-json\/wp\/v2\/product"}],"about":[{"href":"https:\/\/mouldking.store\/hu\/wp-json\/wp\/v2\/types\/product"}],"replies":[{"embeddable":true,"href":"https:\/\/mouldking.store\/hu\/wp-json\/wp\/v2\/comments?post=63573"}],"wp:featuredmedia":[{"embeddable":true,"href":"https:\/\/mouldking.store\/hu\/wp-json\/wp\/v2\/media\/63572"}],"wp:attachment":[{"href":"https:\/\/mouldking.store\/hu\/wp-json\/wp\/v2\/media?parent=63573"}],"wp:term":[{"taxonomy":"product_cat","embeddable":true,"href":"https:\/\/mouldking.store\/hu\/wp-json\/wp\/v2\/product_cat?post=63573"},{"taxonomy":"product_tag","embeddable":true,"href":"https:\/\/mouldking.store\/hu\/wp-json\/wp\/v2\/product_tag?post=63573"}],"curies":[{"name":"wp","href":"https:\/\/api.w.org\/{rel}","templated":true}]}}