{"id":63608,"date":"2025-08-08T11:41:31","date_gmt":"2025-08-08T04:41:31","guid":{"rendered":"https:\/\/mouldking.store\/shop\/moc-factory-68151-medieval-lions-castle-with-7500-pieces\/"},"modified":"2025-12-16T20:58:46","modified_gmt":"2025-12-16T13:58:46","slug":"moc-factory-68151-medieval-lions-castle-with-7500-pieces","status":"publish","type":"product","link":"https:\/\/mouldking.store\/hu\/shop\/moc-factory-68151-medieval-lions-castle-with-7500-pieces\/","title":{"rendered":"MOC Factory 68151 Medieval Lions\u2019 Castle with 7500 Pieces"},"content":{"rendered":"<div>\u2705 MOC-68151 Medieval Lions\u2019 Castle<\/p>\n<\/div>\n<div>\u2705 The MOC-68151 Medieval Lions&#8217; Castle is a large, medieval-themed building block set designed by SleeplessNight. It&#8217;s an impressive model with over 7,500 pieces and is sold by various third-party building block retailers.<\/p>\n<\/div>\n<div>\ud83d\udeab FONTOS!<\/p>\n<\/div>\n<div>Product Name: Medieval Lions&#8217; Castle<\/p>\n<\/div>\n<div>Kateg\u00f3ria: Modul\u00e1ris \u00e9p\u00fclet<\/p>\n<\/div>\n<div>This Kit Contains: MOC-68151<\/p>\n<\/div>\n<div>7500 pcs Good Quality Bricks<\/p>\n<\/div>\n<div>Size: W 22in, L 26in, H 18in<\/p>\n<\/div>\n<div>Weight: 15.5lbs<\/p>\n<\/div>\n<div>PDF \u00datmutat\u00f3<\/p>\n<\/div>\n<div>\ud83d\udcccA f\u0151szerepl\u0151 term\u00e9szete<br \/><strong>Design:<\/strong> It features a large castle with a courtyard, a curtain wall, stables, two towers, and a gatehouse. A notable design element is a keep set at a 45-degree angle to the rest of the courtyard, adding visual interest.<\/div>\n<div><strong>Interior:<\/strong> The castle has a detailed interior with multiple levels, including a kitchen, a dining area, a throne room, and even a dungeon. The set comes with basic furniture and accessories like tables, chairs, beds, and fireplaces. Some versions may even include a light brick for a fireplace.<\/div>\n<div><\/div>","protected":false},"excerpt":{"rendered":"<p>M\u00e1rka: MOC Factory<br \/>\nNem: Uniszex<br \/>\nKoroszt\u00e1ly: &gt; 6 \u00e9v<br \/>\nModel Number: 68151<br \/>\nBesorol\u00e1s: \u00d6sszeszerel\u00e9s<br \/>\nM\u0171anyag blokk forma: \u00f6nz\u00e1r\u00f3 t\u00e9gla<br \/>\nAnyaga: M\u0171anyag<br \/>\nM\u0171anyag t\u00edpus: ABS<br \/>\nBricks Blocks: 7500 +<br \/>\nNincs doboz<\/p>","protected":false},"featured_media":63607,"comment_status":"open","ping_status":"closed","template":"","meta":{"_acf_changed":false},"product_cat":[1395,390],"product_tag":[727,5644,5679,392],"class_list":["product","first","instock","shipping-taxable","purchasable","product-type-simple"],"acf":[],"_links":{"self":[{"href":"https:\/\/mouldking.store\/hu\/wp-json\/wp\/v2\/product\/63608","targetHints":{"allow":["GET"]}}],"collection":[{"href":"https:\/\/mouldking.store\/hu\/wp-json\/wp\/v2\/product"}],"about":[{"href":"https:\/\/mouldking.store\/hu\/wp-json\/wp\/v2\/types\/product"}],"replies":[{"embeddable":true,"href":"https:\/\/mouldking.store\/hu\/wp-json\/wp\/v2\/comments?post=63608"}],"wp:featuredmedia":[{"embeddable":true,"href":"https:\/\/mouldking.store\/hu\/wp-json\/wp\/v2\/media\/63607"}],"wp:attachment":[{"href":"https:\/\/mouldking.store\/hu\/wp-json\/wp\/v2\/media?parent=63608"}],"wp:term":[{"taxonomy":"product_cat","embeddable":true,"href":"https:\/\/mouldking.store\/hu\/wp-json\/wp\/v2\/product_cat?post=63608"},{"taxonomy":"product_tag","embeddable":true,"href":"https:\/\/mouldking.store\/hu\/wp-json\/wp\/v2\/product_tag?post=63608"}],"curies":[{"name":"wp","href":"https:\/\/api.w.org\/{rel}","templated":true}]}}