{"id":63618,"date":"2025-08-08T14:10:38","date_gmt":"2025-08-08T07:10:38","guid":{"rendered":"https:\/\/mouldking.store\/shop\/moc-factory-105796-medieval-pirate-skull-island-with-5890-pieces\/"},"modified":"2025-12-16T20:58:46","modified_gmt":"2025-12-16T13:58:46","slug":"moc-factory-105796-medieval-pirate-skull-island-with-5890-pieces","status":"publish","type":"product","link":"https:\/\/mouldking.store\/hu\/shop\/moc-factory-105796-medieval-pirate-skull-island-with-5890-pieces\/","title":{"rendered":"MOC Factory 105796 Medieval Pirate Skull Island with 5890 Pieces"},"content":{"rendered":"<div>\u2705 MOC-105796 Medieval Pirate Skull Island<\/p>\n<\/div>\n<div>\u2705 The MOC-105796 Medieval Pirate Skull Island is a highly detailed and complex building block set designed by <strong>Massenzio<\/strong>. This MOC (My Own Creation) set is a popular choice for fans of both medieval and pirate themes.<\/p>\n<\/div>\n<div>\ud83d\udeab FONTOS!<\/p>\n<\/div>\n<div>Product Name: Medieval Pirate Skull Island<\/p>\n<\/div>\n<div>Category: Modular Building.<\/p>\n<\/div>\n<div>This Kit Contains: MOC-105796<\/p>\n<\/div>\n<div>&nbsp;5890 pcs Good Quality Bricks<\/p>\n<\/div>\n<div>Size: W 32CM, L 32CM, H 35CM<\/p>\n<\/div>\n<div>Weight: 6.2kg<\/p>\n<\/div>\n<div>PDF \u00datmutat\u00f3<\/p>\n<\/div>\n<div>\ud83d\udcccA f\u0151szerepl\u0151 term\u00e9szete<\/div>\n<div>The originally designed MOC-105796 large medieval pirate skull island building blocks set is designed &amp; licensed by Massenzio with rich details and superior design for sturdiness, beauty and immersive fun. The assembled product is highly collectible, valuable and compatible with 21322 Barracuda Bay pirate sets.<\/div>","protected":false},"excerpt":{"rendered":"<p>M\u00e1rka: MOC Factory<br \/>\nNem: Uniszex<br \/>\nKoroszt\u00e1ly: &gt; 6 \u00e9v<br \/>\nModel Number: 105796<br \/>\nBesorol\u00e1s: \u00d6sszeszerel\u00e9s<br \/>\nM\u0171anyag blokk forma: \u00f6nz\u00e1r\u00f3 t\u00e9gla<br \/>\nAnyaga: M\u0171anyag<br \/>\nM\u0171anyag t\u00edpus: ABS<br \/>\nBricks Blocks: 5890 +<br \/>\nNincs doboz<\/p>","protected":false},"featured_media":63617,"comment_status":"open","ping_status":"closed","template":"","meta":{"_acf_changed":false},"product_cat":[1395,390,1875],"product_tag":[727,5644,5679,392,2429],"class_list":["product","first","instock","shipping-taxable","purchasable","product-type-simple"],"acf":[],"_links":{"self":[{"href":"https:\/\/mouldking.store\/hu\/wp-json\/wp\/v2\/product\/63618","targetHints":{"allow":["GET"]}}],"collection":[{"href":"https:\/\/mouldking.store\/hu\/wp-json\/wp\/v2\/product"}],"about":[{"href":"https:\/\/mouldking.store\/hu\/wp-json\/wp\/v2\/types\/product"}],"replies":[{"embeddable":true,"href":"https:\/\/mouldking.store\/hu\/wp-json\/wp\/v2\/comments?post=63618"}],"wp:featuredmedia":[{"embeddable":true,"href":"https:\/\/mouldking.store\/hu\/wp-json\/wp\/v2\/media\/63617"}],"wp:attachment":[{"href":"https:\/\/mouldking.store\/hu\/wp-json\/wp\/v2\/media?parent=63618"}],"wp:term":[{"taxonomy":"product_cat","embeddable":true,"href":"https:\/\/mouldking.store\/hu\/wp-json\/wp\/v2\/product_cat?post=63618"},{"taxonomy":"product_tag","embeddable":true,"href":"https:\/\/mouldking.store\/hu\/wp-json\/wp\/v2\/product_tag?post=63618"}],"curies":[{"name":"wp","href":"https:\/\/api.w.org\/{rel}","templated":true}]}}