{"id":63631,"date":"2025-08-08T15:38:27","date_gmt":"2025-08-08T08:38:27","guid":{"rendered":"https:\/\/mouldking.store\/shop\/moc-factory-169060-berliner-dom-cathedral-with-71407-pieces\/"},"modified":"2025-12-16T20:58:44","modified_gmt":"2025-12-16T13:58:44","slug":"moc-factory-169060-berliner-dom-cathedral-with-71407-pieces","status":"publish","type":"product","link":"https:\/\/mouldking.store\/hu\/shop\/moc-factory-169060-berliner-dom-cathedral-with-71407-pieces\/","title":{"rendered":"MOC Factory 169060 Berliner Dom Cathedral with 71407 Pieces"},"content":{"rendered":"<div>\u2705 MOC-169060 Berliner Dom Cathedral<\/p>\n<\/div>\n<div>\u2705The MOC-169060 Berliner Dom Cathedral is an extraordinary and massive custom building block set.&nbsp;<\/p>\n<\/div>\n<div>\ud83d\udeab FONTOS!<\/p>\n<\/div>\n<div>Product Name: Berliner Dom Cathedral<\/p>\n<\/div>\n<div>Kateg\u00f3ria: Modul\u00e1ris \u00e9p\u00fclet<\/p>\n<\/div>\n<div>This Kit Contains: MOC-169060<\/p>\n<\/div>\n<div>71407 pcs Good Quality Bricks<\/p>\n<\/div>\n<div>Size:&nbsp; 115cm, 115cm, 100cm<\/p>\n<\/div>\n<div>Weight:71407<\/p>\n<\/div>\n<div>PDF \u00datmutat\u00f3<\/p>\n<\/div>\n<div>\ud83d\udcccA f\u0151szerepl\u0151 term\u00e9szete<\/div>\n<div>The set is a faithful recreation of the real-life Berlin Cathedral, a prominent and historical landmark in Germany. Its massive piece count allows for incredible detail and scale. The model measures approximately <strong>115 x 115 x 100 cm<\/strong> when completed, making it a monumental display piece.<\/div>","protected":false},"excerpt":{"rendered":"<p>M\u00e1rka: MOC Factory<br \/>\nNem: Uniszex<br \/>\nKorhat\u00e1r: &gt; 16 \u00e9v<br \/>\nModel Number: 169060<br \/>\nBesorol\u00e1s: \u00d6sszeszerel\u00e9s<br \/>\nM\u0171anyag blokk forma: \u00f6nz\u00e1r\u00f3 t\u00e9gla<br \/>\nAnyaga: M\u0171anyag<br \/>\nM\u0171anyag t\u00edpus: ABS<br \/>\nBricks Blocks: 71407 +<br \/>\nNincs doboz<\/p>","protected":false},"featured_media":63630,"comment_status":"open","ping_status":"closed","template":"","meta":{"_acf_changed":false},"product_cat":[1395,390],"product_tag":[12893,1604,727,5679,392],"class_list":["product","first","instock","shipping-taxable","purchasable","product-type-simple"],"acf":[],"_links":{"self":[{"href":"https:\/\/mouldking.store\/hu\/wp-json\/wp\/v2\/product\/63631","targetHints":{"allow":["GET"]}}],"collection":[{"href":"https:\/\/mouldking.store\/hu\/wp-json\/wp\/v2\/product"}],"about":[{"href":"https:\/\/mouldking.store\/hu\/wp-json\/wp\/v2\/types\/product"}],"replies":[{"embeddable":true,"href":"https:\/\/mouldking.store\/hu\/wp-json\/wp\/v2\/comments?post=63631"}],"wp:featuredmedia":[{"embeddable":true,"href":"https:\/\/mouldking.store\/hu\/wp-json\/wp\/v2\/media\/63630"}],"wp:attachment":[{"href":"https:\/\/mouldking.store\/hu\/wp-json\/wp\/v2\/media?parent=63631"}],"wp:term":[{"taxonomy":"product_cat","embeddable":true,"href":"https:\/\/mouldking.store\/hu\/wp-json\/wp\/v2\/product_cat?post=63631"},{"taxonomy":"product_tag","embeddable":true,"href":"https:\/\/mouldking.store\/hu\/wp-json\/wp\/v2\/product_tag?post=63631"}],"curies":[{"name":"wp","href":"https:\/\/api.w.org\/{rel}","templated":true}]}}