{"id":63636,"date":"2025-08-08T16:31:53","date_gmt":"2025-08-08T09:31:53","guid":{"rendered":"https:\/\/mouldking.store\/shop\/moc-factory-75365-medieval-dragon-attack-with-1427-pieces\/"},"modified":"2025-12-16T20:58:44","modified_gmt":"2025-12-16T13:58:44","slug":"moc-factory-75365-medieval-dragon-attack-with-1427-pieces","status":"publish","type":"product","link":"https:\/\/mouldking.store\/hu\/shop\/moc-factory-75365-medieval-dragon-attack-with-1427-pieces\/","title":{"rendered":"MOC Factory 75365 Medieval Dragon Attack with 1427 Pieces"},"content":{"rendered":"<div>\u2705 MOC-75365 Medieval Dragon Attack<\/p>\n<\/div>\n<div>\u2705 MOC-75365 Medieval Dragon Attack is a custom building block set, not an official LEGO set. It&#8217;s a creation by a designer known as Gr33tje13.<\/p>\n<\/div>\n<div>\ud83d\udeab FONTOS!<\/p>\n<\/div>\n<div>Product Name: Medieval Dragon Attack<\/p>\n<\/div>\n<div>Category: \u0110i\u1ec1n Category.<\/p>\n<\/div>\n<div>This Kit Contains: MOC-75365<\/p>\n<\/div>\n<div>1427 pcs Good Quality Bricks<\/p>\n<\/div>\n<div>Size: W 40cm, L 30cm, H 20cm<\/p>\n<\/div>\n<div>S\u00faly: 1200g<\/p>\n<\/div>\n<div>PDF \u00datmutat\u00f3<\/p>\n<\/div>\n<div>\ud83d\udcccA f\u0151szerepl\u0151 term\u00e9szete<\/p>\n<\/div>\n<div>.This Dragon Attack MOC-75365 building block was licensed and designed by Gr33tje13.<br \/>.Make Your Own Model: Build and experience an exquisite collection. There are movable catapults (12.8 x 6.4cm x 11.2cm), flying dragon, and medieval buildings (25.6 x 25.6 x 30cm)&nbsp; And many other detailed decorations. Flying dragons want to attack this medieval town. People have to defend their homes and bring weapons to defend against flying dragon.<br \/>.Included PDF manual, will take about 30 hours to assemble. This building block model is absolutely stable and comparable to the Danish famous building block brand.<\/div>","protected":false},"excerpt":{"rendered":"<p>M\u00e1rka: MOC Factory<br \/>\nNem: Uniszex<br \/>\nKoroszt\u00e1ly: &gt; 6 \u00e9v<br \/>\nModel Number: 75365<br \/>\nBesorol\u00e1s: \u00d6sszeszerel\u00e9s<br \/>\nM\u0171anyag blokk forma: \u00f6nz\u00e1r\u00f3 t\u00e9gla<br \/>\nAnyaga: M\u0171anyag<br \/>\nM\u0171anyag t\u00edpus: ABS<br \/>\nBricks Blocks: 1427 +<br \/>\nNincs doboz<\/p>","protected":false},"featured_media":63635,"comment_status":"open","ping_status":"closed","template":"","meta":{"_acf_changed":false},"product_cat":[1395,390],"product_tag":[11328,727,1771,11099,5679,392],"class_list":["product","first","instock","shipping-taxable","purchasable","product-type-simple"],"acf":[],"_links":{"self":[{"href":"https:\/\/mouldking.store\/hu\/wp-json\/wp\/v2\/product\/63636","targetHints":{"allow":["GET"]}}],"collection":[{"href":"https:\/\/mouldking.store\/hu\/wp-json\/wp\/v2\/product"}],"about":[{"href":"https:\/\/mouldking.store\/hu\/wp-json\/wp\/v2\/types\/product"}],"replies":[{"embeddable":true,"href":"https:\/\/mouldking.store\/hu\/wp-json\/wp\/v2\/comments?post=63636"}],"wp:featuredmedia":[{"embeddable":true,"href":"https:\/\/mouldking.store\/hu\/wp-json\/wp\/v2\/media\/63635"}],"wp:attachment":[{"href":"https:\/\/mouldking.store\/hu\/wp-json\/wp\/v2\/media?parent=63636"}],"wp:term":[{"taxonomy":"product_cat","embeddable":true,"href":"https:\/\/mouldking.store\/hu\/wp-json\/wp\/v2\/product_cat?post=63636"},{"taxonomy":"product_tag","embeddable":true,"href":"https:\/\/mouldking.store\/hu\/wp-json\/wp\/v2\/product_tag?post=63636"}],"curies":[{"name":"wp","href":"https:\/\/api.w.org\/{rel}","templated":true}]}}