{"id":63689,"date":"2025-08-12T17:21:02","date_gmt":"2025-08-12T10:21:02","guid":{"rendered":"https:\/\/mouldking.store\/shop\/xbert-66054-oaken-barrel-tavern-with-2368-pieces\/"},"modified":"2025-08-12T17:21:07","modified_gmt":"2025-08-12T10:21:07","slug":"xbert-66054-oaken-barrel-tavern-with-2368-pieces","status":"publish","type":"product","link":"https:\/\/mouldking.store\/hu\/shop\/xbert-66054-oaken-barrel-tavern-with-2368-pieces\/","title":{"rendered":"Xbert 66054 O&#8217;AKEN BARREL Tavern with 2368 Pieces"},"content":{"rendered":"<div>\u2705 Xbert 66054 O&#8217;AKEN BARREL Tavern<\/p>\n<\/div>\n<div>\u2705 The Xbert 66054 O&#8217;AKEN BARREL Tavern is a large modular building block set that has become popular with fans of vintage and tavern-themed MOC (My Own Creation) style builds.<\/p>\n<\/div>\n<div>\ud83d\udeab FONTOS!<\/p>\n<\/div>\n<div>Product Name: O&#8217;AKEN BARREL Tavern<\/p>\n<\/div>\n<div>Kateg\u00f3ria: Modul\u00e1ris \u00e9p\u00fclet<\/p>\n<\/div>\n<div>This Kit Contains: Xbert 66054&nbsp;<\/p>\n<\/div>\n<div>2368 pcs Good Quality Bricks<\/p>\n<\/div>\n<div>Size: 28&#215;21.4cm<\/div>\n<div><\/div>\n<div>K\u00e9zi utas\u00edt\u00e1sok&nbsp;<\/p>\n<\/div>\n<div>\ud83d\udcccA f\u0151szerepl\u0151 term\u00e9szete<br \/><strong>Theme and Design:<\/strong> This set is a &#8220;Creative Retro Tavern&#8221; with a distinctly old-world pub or tavern feel. It&#8217;s designed as a &#8220;street view&#8221; building, meaning it&#8217;s intended to be part of a larger modular city display. The name &#8220;O&#8217;AKEN BARREL&#8221; perfectly fits the theme, suggesting a classic drinking establishment.<\/div>\n<div><strong>Piece Count:<\/strong> The set is quite substantial, containing around 2,368 pieces. This makes for a detailed and immersive building experience, offering a rewarding challenge for builders.<\/div>\n<div><\/div>","protected":false},"excerpt":{"rendered":"<p>Brand: Xbert<br \/>\nNem: Uniszex<br \/>\nKoroszt\u00e1ly: &gt; 6 \u00e9v<br \/>\nModel Number: 66054<br \/>\nBesorol\u00e1s: \u00d6sszeszerel\u00e9s<br \/>\nM\u0171anyag blokk forma: \u00f6nz\u00e1r\u00f3 t\u00e9gla<br \/>\nAnyaga: M\u0171anyag<br \/>\nM\u0171anyag t\u00edpus: ABS<br \/>\nBricks Blocks: 2368 +<br \/>\nNincs doboz<\/p>","protected":false},"featured_media":63688,"comment_status":"open","ping_status":"closed","template":"","meta":{"_acf_changed":false},"product_cat":[1395,390],"product_tag":[727,5679,392],"class_list":["product","first","instock","shipping-taxable","purchasable","product-type-simple"],"acf":[],"_links":{"self":[{"href":"https:\/\/mouldking.store\/hu\/wp-json\/wp\/v2\/product\/63689","targetHints":{"allow":["GET"]}}],"collection":[{"href":"https:\/\/mouldking.store\/hu\/wp-json\/wp\/v2\/product"}],"about":[{"href":"https:\/\/mouldking.store\/hu\/wp-json\/wp\/v2\/types\/product"}],"replies":[{"embeddable":true,"href":"https:\/\/mouldking.store\/hu\/wp-json\/wp\/v2\/comments?post=63689"}],"wp:featuredmedia":[{"embeddable":true,"href":"https:\/\/mouldking.store\/hu\/wp-json\/wp\/v2\/media\/63688"}],"wp:attachment":[{"href":"https:\/\/mouldking.store\/hu\/wp-json\/wp\/v2\/media?parent=63689"}],"wp:term":[{"taxonomy":"product_cat","embeddable":true,"href":"https:\/\/mouldking.store\/hu\/wp-json\/wp\/v2\/product_cat?post=63689"},{"taxonomy":"product_tag","embeddable":true,"href":"https:\/\/mouldking.store\/hu\/wp-json\/wp\/v2\/product_tag?post=63689"}],"curies":[{"name":"wp","href":"https:\/\/api.w.org\/{rel}","templated":true}]}}