{"id":63693,"date":"2025-08-12T17:38:12","date_gmt":"2025-08-12T10:38:12","guid":{"rendered":"https:\/\/mouldking.store\/shop\/mork-10213-the-lambda-house-with-3836-pieces\/"},"modified":"2025-08-12T17:38:24","modified_gmt":"2025-08-12T10:38:24","slug":"mork-10213-the-lambda-house-with-3836-pieces","status":"publish","type":"product","link":"https:\/\/mouldking.store\/hu\/shop\/mork-10213-the-lambda-house-with-3836-pieces\/","title":{"rendered":"MORK 10213 The Lambda House with 3836 Pieces"},"content":{"rendered":"<div>\u2705 Mork 10213 The Lambda House<\/p>\n<\/div>\n<div>\u2705 The Mork 10213 The Lambda House is a large and detailed modular building block set that has a modern architectural theme, which sets it apart from many other retro-styled or classic modular buildings.<\/p>\n<\/div>\n<div>\ud83d\udeab FONTOS!<\/p>\n<\/div>\n<div>Product Name: The Lambda House<\/p>\n<\/div>\n<div>Kateg\u00f3ria: Modul\u00e1ris \u00e9p\u00fclet<\/p>\n<\/div>\n<div>This Kit Contains: Mork 10213<\/p>\n<\/div>\n<div>3836 db J\u00f3 min\u0151s\u00e9g\u0171 t\u00e9gla<\/p>\n<\/div>\n<div>Size:34.5x36x24.5cm<\/div>\n<div><\/div>\n<div>PDF Instructions\/Manual Instructions (S\u1ea3n ph\u1ea9m brand l\u00e0 Manual, Moc l\u00e0 PDF)<\/p>\n<\/div>\n<div>\ud83d\udcccA f\u0151szerepl\u0151 term\u00e9szete<\/div>\n<div><strong>Theme and Design:<\/strong> The set is a contemporary two-story home, often referred to as a &#8220;Lambda Villa&#8221; or &#8220;Lambda House.&#8221; Its design is characterized by large windows, clean lines, and an open-plan layout, giving it a sleek and modern aesthetic. It&#8217;s a striking departure from the traditional building styles seen in many modular sets. The designer of the original MOC is &#8220;Lysander.&#8221;<\/div>\n<div><strong>Piece Count:<\/strong> The set is quite substantial, with a reported piece count of 3,832. This high number of pieces promises a challenging and rewarding build for enthusiasts.<\/div>","protected":false},"excerpt":{"rendered":"<p>Brand: MORK<br \/>\nNem: Uniszex<br \/>\nKoroszt\u00e1ly: &gt; 6 \u00e9v<br \/>\nModel Number: 10213<br \/>\nBesorol\u00e1s: \u00d6sszeszerel\u00e9s<br \/>\nM\u0171anyag blokk forma: \u00f6nz\u00e1r\u00f3 t\u00e9gla<br \/>\nAnyaga: M\u0171anyag<br \/>\nM\u0171anyag t\u00edpus: ABS<br \/>\nT\u00e9gla T\u00e9gla: 3836 +<br \/>\nNincs doboz<\/p>","protected":false},"featured_media":63692,"comment_status":"open","ping_status":"closed","template":"","meta":{"_acf_changed":false},"product_cat":[1395,390],"product_tag":[727,5679,392],"class_list":["product","first","instock","shipping-taxable","purchasable","product-type-simple"],"acf":[],"_links":{"self":[{"href":"https:\/\/mouldking.store\/hu\/wp-json\/wp\/v2\/product\/63693","targetHints":{"allow":["GET"]}}],"collection":[{"href":"https:\/\/mouldking.store\/hu\/wp-json\/wp\/v2\/product"}],"about":[{"href":"https:\/\/mouldking.store\/hu\/wp-json\/wp\/v2\/types\/product"}],"replies":[{"embeddable":true,"href":"https:\/\/mouldking.store\/hu\/wp-json\/wp\/v2\/comments?post=63693"}],"wp:featuredmedia":[{"embeddable":true,"href":"https:\/\/mouldking.store\/hu\/wp-json\/wp\/v2\/media\/63692"}],"wp:attachment":[{"href":"https:\/\/mouldking.store\/hu\/wp-json\/wp\/v2\/media?parent=63693"}],"wp:term":[{"taxonomy":"product_cat","embeddable":true,"href":"https:\/\/mouldking.store\/hu\/wp-json\/wp\/v2\/product_cat?post=63693"},{"taxonomy":"product_tag","embeddable":true,"href":"https:\/\/mouldking.store\/hu\/wp-json\/wp\/v2\/product_tag?post=63693"}],"curies":[{"name":"wp","href":"https:\/\/api.w.org\/{rel}","templated":true}]}}