{"id":63697,"date":"2025-08-14T11:58:16","date_gmt":"2025-08-14T04:58:16","guid":{"rendered":"https:\/\/mouldking.store\/shop\/xinyu-23014-florence-with-2080-pieces\/"},"modified":"2025-08-14T11:58:24","modified_gmt":"2025-08-14T04:58:24","slug":"xinyu-23014-florence-with-2080-pieces","status":"publish","type":"product","link":"https:\/\/mouldking.store\/hu\/shop\/xinyu-23014-florence-with-2080-pieces\/","title":{"rendered":"XINYU 23014 Florence with 2080 Pieces"},"content":{"rendered":"<div>\u2705 XINYU 23014 Florence<\/p>\n<\/div>\n<div>\u2705 The XINYU 23014 Florence is a large and detailed building block set that is part of a series of architectural models. XINYU, which is also known by its brand name Happy Build, is a third-party building block manufacturer.<\/p>\n<\/div>\n<div>\ud83d\udeab FONTOS!<\/p>\n<\/div>\n<div>Product Name: Florence<\/p>\n<\/div>\n<div>Kateg\u00f3ria: Modul\u00e1ris \u00e9p\u00fclet<\/p>\n<\/div>\n<div>This Kit Contains: XINYU 23014<\/p>\n<\/div>\n<div>2080 pcs Good Quality Bricks<\/p>\n<\/div>\n<div>Size: 34.5&#215;20.8x23cm<\/div>\n<div><\/div>\n<div>K\u00e9zi utas\u00edt\u00e1sok&nbsp;<\/p>\n<\/div>\n<div>\ud83d\udcccA f\u0151szerepl\u0151 term\u00e9szete<br \/><strong>Theme and Design:<\/strong> The set is inspired by the architecture of Florence, Italy, and is a detailed model of a multi-story building. It captures the look of a classic European town building with intricate stonework, arched windows, and a generally ornate facade.<\/div>\n<div><strong>Piece Count:<\/strong> The set is quite substantial, with a reported piece count of around 2,080 bricks. This indicates a challenging and engaging build that will provide a good amount of building time.<\/div>\n<div><\/div>","protected":false},"excerpt":{"rendered":"<p>M\u00e1rka: XINYU<br \/>\nNem: Uniszex<br \/>\nKoroszt\u00e1ly: &gt; 6 \u00e9v<br \/>\nModellsz\u00e1m: 23014<br \/>\nBesorol\u00e1s: \u00d6sszeszerel\u00e9s<br \/>\nM\u0171anyag blokk forma: \u00f6nz\u00e1r\u00f3 t\u00e9gla<br \/>\nAnyaga: M\u0171anyag<br \/>\nM\u0171anyag t\u00edpus: ABS<br \/>\nBricks Blocks: 2080 +<br \/>\nno box<\/p>","protected":false},"featured_media":63696,"comment_status":"open","ping_status":"closed","template":"","meta":{"_acf_changed":false},"product_cat":[1395,390],"product_tag":[727,13820,5679,392],"class_list":["product","first","instock","shipping-taxable","purchasable","product-type-simple"],"acf":[],"_links":{"self":[{"href":"https:\/\/mouldking.store\/hu\/wp-json\/wp\/v2\/product\/63697","targetHints":{"allow":["GET"]}}],"collection":[{"href":"https:\/\/mouldking.store\/hu\/wp-json\/wp\/v2\/product"}],"about":[{"href":"https:\/\/mouldking.store\/hu\/wp-json\/wp\/v2\/types\/product"}],"replies":[{"embeddable":true,"href":"https:\/\/mouldking.store\/hu\/wp-json\/wp\/v2\/comments?post=63697"}],"wp:featuredmedia":[{"embeddable":true,"href":"https:\/\/mouldking.store\/hu\/wp-json\/wp\/v2\/media\/63696"}],"wp:attachment":[{"href":"https:\/\/mouldking.store\/hu\/wp-json\/wp\/v2\/media?parent=63697"}],"wp:term":[{"taxonomy":"product_cat","embeddable":true,"href":"https:\/\/mouldking.store\/hu\/wp-json\/wp\/v2\/product_cat?post=63697"},{"taxonomy":"product_tag","embeddable":true,"href":"https:\/\/mouldking.store\/hu\/wp-json\/wp\/v2\/product_tag?post=63697"}],"curies":[{"name":"wp","href":"https:\/\/api.w.org\/{rel}","templated":true}]}}