{"id":63715,"date":"2025-08-18T15:32:44","date_gmt":"2025-08-18T08:32:44","guid":{"rendered":"https:\/\/mouldking.store\/shop\/gobricks-186048-bobs-burgers-house-with-4707-pieces\/"},"modified":"2025-08-18T15:32:49","modified_gmt":"2025-08-18T08:32:49","slug":"gobricks-186048-bobs-burgers-house-with-4707-pieces","status":"publish","type":"product","link":"https:\/\/mouldking.store\/hu\/shop\/gobricks-186048-bobs-burgers-house-with-4707-pieces\/","title":{"rendered":"Gobricks 186048 Bob&#8217;s Burgers house with 4707 Pieces"},"content":{"rendered":"<div>\u2705 GOBRICKS MOC 186048 Bob&#8217;s Burgers house<\/p>\n<\/div>\n<div>\u2705 The &#8220;GOBRICKS MOC 186048 Bob&#8217;s Burgers house&#8221; is a popular custom building block set based on the animated TV show <em>Bob&#8217;s Burgers<\/em>.<\/p>\n<\/div>\n<div>\ud83d\udeab FONTOS!<\/p>\n<\/div>\n<div>Product Name: Bob&#8217;s Burgers house<\/p>\n<\/div>\n<div>Category: Modular Building.<\/p>\n<\/div>\n<div>This Kit Contains: GOBRICKS MOC 186048<\/p>\n<\/div>\n<div>4707 pcs Good Quality Bricks<\/p>\n<\/div>\n<div>Size: 31.4x22x31.2cm<\/div>\n<div><\/div>\n<div>K\u00e9zi utas\u00edt\u00e1sok<\/p>\n<\/div>\n<div>\ud83d\udcccA f\u0151szerepl\u0151 term\u00e9szete<br \/><strong>Designer:<\/strong> The MOC (My Own Creation) was designed by the builder <strong>Matyo<\/strong>. The number 186048 is the MOC ID assigned on the Rebrickable platform.<\/div>\n<div><strong>Piece Count:<\/strong> The set contains a large number of pieces, approximately <strong>4,704<\/strong>. This makes it a very detailed and complex build.<\/div>\n<div><strong>Design:<\/strong> The model accurately recreates the iconic building from the show, which includes the restaurant on the ground floor and the Belcher family&#8217;s apartment on the second floor.<\/div>\n<div><\/div>","protected":false},"excerpt":{"rendered":"<p>Brand: Gobricks<br \/>\nNem: Uniszex<br \/>\nKoroszt\u00e1ly: &gt; 12 \u00e9ves<br \/>\nModel Number: 186048<br \/>\nBesorol\u00e1s: \u00d6sszeszerel\u00e9s<br \/>\nM\u0171anyag blokk forma: \u00f6nz\u00e1r\u00f3 t\u00e9gla<br \/>\nAnyaga: M\u0171anyag<br \/>\nM\u0171anyag t\u00edpus: ABS<br \/>\nBricks Blocks: 4707 +<br \/>\nNincs doboz<\/p>","protected":false},"featured_media":63714,"comment_status":"open","ping_status":"closed","template":"","meta":{"_acf_changed":false},"product_cat":[1395,390],"product_tag":[727,13821,5679,392],"class_list":["product","first","instock","shipping-taxable","purchasable","product-type-simple"],"acf":[],"_links":{"self":[{"href":"https:\/\/mouldking.store\/hu\/wp-json\/wp\/v2\/product\/63715","targetHints":{"allow":["GET"]}}],"collection":[{"href":"https:\/\/mouldking.store\/hu\/wp-json\/wp\/v2\/product"}],"about":[{"href":"https:\/\/mouldking.store\/hu\/wp-json\/wp\/v2\/types\/product"}],"replies":[{"embeddable":true,"href":"https:\/\/mouldking.store\/hu\/wp-json\/wp\/v2\/comments?post=63715"}],"wp:featuredmedia":[{"embeddable":true,"href":"https:\/\/mouldking.store\/hu\/wp-json\/wp\/v2\/media\/63714"}],"wp:attachment":[{"href":"https:\/\/mouldking.store\/hu\/wp-json\/wp\/v2\/media?parent=63715"}],"wp:term":[{"taxonomy":"product_cat","embeddable":true,"href":"https:\/\/mouldking.store\/hu\/wp-json\/wp\/v2\/product_cat?post=63715"},{"taxonomy":"product_tag","embeddable":true,"href":"https:\/\/mouldking.store\/hu\/wp-json\/wp\/v2\/product_tag?post=63715"}],"curies":[{"name":"wp","href":"https:\/\/api.w.org\/{rel}","templated":true}]}}