{"id":63719,"date":"2025-08-18T15:54:12","date_gmt":"2025-08-18T08:54:12","guid":{"rendered":"https:\/\/mouldking.store\/shop\/gobricks-200589-islands-with-1541-pieces\/"},"modified":"2025-08-18T15:54:16","modified_gmt":"2025-08-18T08:54:16","slug":"gobricks-200589-islands-with-1541-pieces","status":"publish","type":"product","link":"https:\/\/mouldking.store\/hu\/shop\/gobricks-200589-islands-with-1541-pieces\/","title":{"rendered":"Gobricks 200589 Islands with 1541 Pieces"},"content":{"rendered":"<div>\u2705 GOBRICKS MOC 200589 Islands<\/p>\n<\/div>\n<div>\u2705 The GOBRICKS MOC 200589 Islands is a custom building block set based on a design by <strong>jemunoz0<\/strong>.<\/p>\n<\/div>\n<div>\ud83d\udeab FONTOS!<\/p>\n<\/div>\n<div>Product Name: Islands<\/p>\n<\/div>\n<div>Category: Modular Building.<\/p>\n<\/div>\n<div>This Kit Contains: GOBRICKS MOC 200589<\/p>\n<\/div>\n<div>1541 pcs Good Quality Bricks<\/p>\n<\/div>\n<div>Size: 19.5&#215;12.8&#215;43.2cm<\/div>\n<div><\/div>\n<div>K\u00e9zi utas\u00edt\u00e1sok&nbsp;<\/p>\n<\/div>\n<div>\ud83d\udcccA f\u0151szerepl\u0151 term\u00e9szete<br \/><strong>Designer:<\/strong> The MOC (My Own Creation) was designed by <strong>jemunoz0<\/strong>. The number 200589 is the MOC ID assigned to the design on the Rebrickable platform.<\/div>\n<div><strong>Piece Count:<\/strong> The set contains <strong>1,541<\/strong> pieces.<\/div>\n<div><strong>Theme:<\/strong> The model falls under the Architecture category and represents a collection of small islands or floating land masses.<\/div>\n<div><\/div>","protected":false},"excerpt":{"rendered":"<p>Brand: Gobricks<br \/>\nNem: Uniszex<br \/>\nKoroszt\u00e1ly: &gt; 12 \u00e9ves<br \/>\nModel Number: 200589<br \/>\nBesorol\u00e1s: \u00d6sszeszerel\u00e9s<br \/>\nM\u0171anyag blokk forma: \u00f6nz\u00e1r\u00f3 t\u00e9gla<br \/>\nAnyaga: M\u0171anyag<br \/>\nM\u0171anyag t\u00edpus: ABS<br \/>\nBricks Blocks: 1541 +<br \/>\nNincs doboz<\/p>","protected":false},"featured_media":63718,"comment_status":"open","ping_status":"closed","template":"","meta":{"_acf_changed":false},"product_cat":[1395,390],"product_tag":[727,9493,5679,392],"class_list":["product","first","instock","shipping-taxable","purchasable","product-type-simple"],"acf":[],"_links":{"self":[{"href":"https:\/\/mouldking.store\/hu\/wp-json\/wp\/v2\/product\/63719","targetHints":{"allow":["GET"]}}],"collection":[{"href":"https:\/\/mouldking.store\/hu\/wp-json\/wp\/v2\/product"}],"about":[{"href":"https:\/\/mouldking.store\/hu\/wp-json\/wp\/v2\/types\/product"}],"replies":[{"embeddable":true,"href":"https:\/\/mouldking.store\/hu\/wp-json\/wp\/v2\/comments?post=63719"}],"wp:featuredmedia":[{"embeddable":true,"href":"https:\/\/mouldking.store\/hu\/wp-json\/wp\/v2\/media\/63718"}],"wp:attachment":[{"href":"https:\/\/mouldking.store\/hu\/wp-json\/wp\/v2\/media?parent=63719"}],"wp:term":[{"taxonomy":"product_cat","embeddable":true,"href":"https:\/\/mouldking.store\/hu\/wp-json\/wp\/v2\/product_cat?post=63719"},{"taxonomy":"product_tag","embeddable":true,"href":"https:\/\/mouldking.store\/hu\/wp-json\/wp\/v2\/product_tag?post=63719"}],"curies":[{"name":"wp","href":"https:\/\/api.w.org\/{rel}","templated":true}]}}