{"id":63731,"date":"2025-08-19T11:52:37","date_gmt":"2025-08-19T04:52:37","guid":{"rendered":"https:\/\/mouldking.store\/shop\/baka-33223-romantic-flower-room-with-705-pieces\/"},"modified":"2025-08-19T11:52:41","modified_gmt":"2025-08-19T04:52:41","slug":"baka-33223-romantic-flower-room-with-705-pieces","status":"publish","type":"product","link":"https:\/\/mouldking.store\/hu\/shop\/baka-33223-romantic-flower-room-with-705-pieces\/","title":{"rendered":"BAKA 33223 Romantic Flower Room with 705 Pieces"},"content":{"rendered":"<div>\u2705 BAKA 33223 Romantic Flower Room<\/p>\n<\/div>\n<div>\u2705 &#8220;BAKA 33223 Romantic Flower Room&#8221; refers to a specific building block set. It&#8217;s a MOC (My Own Creation) puzzle set designed to be a building toy, similar to LEGO, that depicts a pink cottage or room filled with flowers.<\/p>\n<\/div>\n<div>\ud83d\udeab FONTOS!<\/p>\n<\/div>\n<div>Product Name: Romantic Flower Room<\/p>\n<\/div>\n<div>Kateg\u00f3ria: Modul\u00e1ris \u00e9p\u00fclet<\/p>\n<\/div>\n<div>This Kit Contains: BAKA 33223<\/p>\n<\/div>\n<div>705 pcs Good Quality Bricks<\/p>\n<\/div>\n<div>Size: 17x17x18cm.<\/div>\n<div><\/div>\n<div>K\u00e9zi utas\u00edt\u00e1sok&nbsp;<\/p>\n<\/div>\n<div>\ud83d\udcccA f\u0151szerepl\u0151 term\u00e9szete<br \/><strong>BAKA:<\/strong> This is the brand name of the company that produces the building block set.<\/div>\n<div><strong>33223:<\/strong> This is the specific model number for the product.<\/div>\n<div><strong>Romantic Flower Room:<\/strong> This describes the theme and aesthetic of the set, which is a a room or a small house decorated with flowers, designed to look &#8220;romantic.&#8221;<\/div>\n<div><\/div>","protected":false},"excerpt":{"rendered":"<p>Brand: BAKA<br \/>\nNem: Uniszex<br \/>\nKoroszt\u00e1ly: &gt; 6 \u00e9v<br \/>\nModel Number: 33223<br \/>\nBesorol\u00e1s: \u00d6sszeszerel\u00e9s<br \/>\nM\u0171anyag blokk forma: \u00f6nz\u00e1r\u00f3 t\u00e9gla<br \/>\nAnyaga: M\u0171anyag<br \/>\nM\u0171anyag t\u00edpus: ABS<br \/>\nBricks Blocks: 705 +<br \/>\nNincs doboz<\/p>","protected":false},"featured_media":63730,"comment_status":"open","ping_status":"closed","template":"","meta":{"_acf_changed":false},"product_cat":[1395,390],"product_tag":[727,11106,5679,392,12762],"class_list":["product","first","instock","shipping-taxable","purchasable","product-type-simple"],"acf":[],"_links":{"self":[{"href":"https:\/\/mouldking.store\/hu\/wp-json\/wp\/v2\/product\/63731","targetHints":{"allow":["GET"]}}],"collection":[{"href":"https:\/\/mouldking.store\/hu\/wp-json\/wp\/v2\/product"}],"about":[{"href":"https:\/\/mouldking.store\/hu\/wp-json\/wp\/v2\/types\/product"}],"replies":[{"embeddable":true,"href":"https:\/\/mouldking.store\/hu\/wp-json\/wp\/v2\/comments?post=63731"}],"wp:featuredmedia":[{"embeddable":true,"href":"https:\/\/mouldking.store\/hu\/wp-json\/wp\/v2\/media\/63730"}],"wp:attachment":[{"href":"https:\/\/mouldking.store\/hu\/wp-json\/wp\/v2\/media?parent=63731"}],"wp:term":[{"taxonomy":"product_cat","embeddable":true,"href":"https:\/\/mouldking.store\/hu\/wp-json\/wp\/v2\/product_cat?post=63731"},{"taxonomy":"product_tag","embeddable":true,"href":"https:\/\/mouldking.store\/hu\/wp-json\/wp\/v2\/product_tag?post=63731"}],"curies":[{"name":"wp","href":"https:\/\/api.w.org\/{rel}","templated":true}]}}