{"id":63753,"date":"2025-08-25T15:20:44","date_gmt":"2025-08-25T08:20:44","guid":{"rendered":"https:\/\/mouldking.store\/shop\/jiestar-jj9082-burger-shop-with-1727-pieces\/"},"modified":"2025-08-25T15:20:54","modified_gmt":"2025-08-25T08:20:54","slug":"jiestar-jj9082-burger-shop-with-1727-pieces","status":"publish","type":"product","link":"https:\/\/mouldking.store\/hu\/shop\/jiestar-jj9082-burger-shop-with-1727-pieces\/","title":{"rendered":"JIESTAR JJ9082 Burger Shop with 1727 Pieces"},"content":{"rendered":"<div>\u2705 JIE STAR JJ9082 Burger Shop<\/p>\n<\/div>\n<div>\u2705The <strong>JIE STAR JJ9082 Burger Shop<\/strong> is a building block set from the Chinese brand Jie Star. Like many alternative brick brands, it&#8217;s designed to be compatible with other major block systems like LEGO, and it&#8217;s a popular choice for fans of &#8220;Street View&#8221; or &#8220;Modular&#8221; building sets.<\/div>\n<div>\ud83d\udeab FONTOS!<\/p>\n<\/div>\n<div>Product Name: Burger Shop<\/p>\n<\/div>\n<div>Category: Modular Building.<\/p>\n<\/div>\n<div>This Kit Contains: JIE STAR JJ9082<\/p>\n<\/div>\n<div>1727 pcs Good Quality Bricks<\/p>\n<\/div>\n<div>Size: 21x23x21cm<\/div>\n<div><\/div>\n<div>K\u00e9zi utas\u00edt\u00e1sok<\/p>\n<\/div>\n<div>\ud83d\udcccA f\u0151szerepl\u0151 term\u00e9szete<br \/><strong>Modular Design:<\/strong> The building is typically designed with multiple levels that can be detached to reveal a detailed interior. This allows for both display and play.<\/div>\n<div><strong>Detailed Interior:<\/strong> The interior of the set features a burger shop with a kitchen, counter, seating area, and other details like a menu and drink dispensers.<\/div>\n<div><strong>Printed Pieces:<\/strong> Like some other high-quality alternative brands, Jie Star uses a good number of printed pieces, which can be a bonus for builders who prefer to avoid stickers.<\/div>\n<div><strong>Compatibility:<\/strong> The blocks are designed to be compatible with LEGO, allowing builders to integrate this set into a larger existing collection or a custom city layout.<\/div>\n<div><\/div>","protected":false},"excerpt":{"rendered":"<p>M\u00e1rka: JIESTAR<br \/>\nNem: Uniszex<br \/>\nKoroszt\u00e1ly: 8 \u00e9v felett<br \/>\nModel Number: JJ9082<br \/>\nBesorol\u00e1s: \u00d6sszeszerel\u00e9s<br \/>\nM\u0171anyag blokk forma: \u00f6nz\u00e1r\u00f3 t\u00e9gla<br \/>\nAnyaga: M\u0171anyag<br \/>\nM\u0171anyag t\u00edpus: ABS<br \/>\nBricks Blocks: 1727 +<br \/>\nNincs doboz<\/p>","protected":false},"featured_media":63752,"comment_status":"open","ping_status":"closed","template":"","meta":{"_acf_changed":false},"product_cat":[1395,390],"product_tag":[13821,5679,392],"class_list":["product","first","instock","shipping-taxable","purchasable","product-type-simple"],"acf":[],"_links":{"self":[{"href":"https:\/\/mouldking.store\/hu\/wp-json\/wp\/v2\/product\/63753","targetHints":{"allow":["GET"]}}],"collection":[{"href":"https:\/\/mouldking.store\/hu\/wp-json\/wp\/v2\/product"}],"about":[{"href":"https:\/\/mouldking.store\/hu\/wp-json\/wp\/v2\/types\/product"}],"replies":[{"embeddable":true,"href":"https:\/\/mouldking.store\/hu\/wp-json\/wp\/v2\/comments?post=63753"}],"wp:featuredmedia":[{"embeddable":true,"href":"https:\/\/mouldking.store\/hu\/wp-json\/wp\/v2\/media\/63752"}],"wp:attachment":[{"href":"https:\/\/mouldking.store\/hu\/wp-json\/wp\/v2\/media?parent=63753"}],"wp:term":[{"taxonomy":"product_cat","embeddable":true,"href":"https:\/\/mouldking.store\/hu\/wp-json\/wp\/v2\/product_cat?post=63753"},{"taxonomy":"product_tag","embeddable":true,"href":"https:\/\/mouldking.store\/hu\/wp-json\/wp\/v2\/product_tag?post=63753"}],"curies":[{"name":"wp","href":"https:\/\/api.w.org\/{rel}","templated":true}]}}