{"id":63773,"date":"2025-08-27T11:37:22","date_gmt":"2025-08-27T04:37:22","guid":{"rendered":"https:\/\/mouldking.store\/shop\/funwhole-f9057-old-west-general-store-with-1895-pieces\/"},"modified":"2025-08-27T11:37:29","modified_gmt":"2025-08-27T04:37:29","slug":"funwhole-f9057-old-west-general-store-with-1895-pieces","status":"publish","type":"product","link":"https:\/\/mouldking.store\/hu\/shop\/funwhole-f9057-old-west-general-store-with-1895-pieces\/","title":{"rendered":"FunWhole F9057 \u00d3nyugati vegyesbolt 1895 darabbal"},"content":{"rendered":"<div>\u2705 FunWhole F9057 Old West General Store<\/p>\n<\/div>\n<div>\u2705The FunWhole F9057 Old West General Store is a building block set that is part of the brand&#8217;s Western series. Like other FunWhole products, it is well-known for its integrated lighting system and detailed design<\/p>\n<\/div>\n<div>\ud83d\udeab FONTOS!<\/p>\n<\/div>\n<div>Product Name: Old West General Store<\/p>\n<\/div>\n<div>Category: Modular Building.<\/p>\n<\/div>\n<div>This Kit Contains:&nbsp; FunWhole F9057<\/p>\n<\/div>\n<div>1895pcs Good Quality Bricks<\/p>\n<\/div>\n<div>Size: 30.5x25x20.5cm<\/div>\n<div>K\u00e9zi utas\u00edt\u00e1sok&nbsp;<\/p>\n<\/div>\n<div>\ud83d\udcccA f\u0151szerepl\u0151 term\u00e9szete<\/div>\n<div><strong>Theme:<\/strong> The set recreates a classic 19th-century general store in the American Old West. The design features classic Western architectural elements like wooden facades, a front porch, and detailed signs.<\/div>\n<div><strong>Lighting:<\/strong> The set includes multiple LED lights to illuminate both the interior and exterior, including the store&#8217;s sign and the front veranda, which creates a warm, atmospheric display.<\/div>\n<div><strong>Interior and Playability:<\/strong> The model is designed to be easily accessible and playable. It has a modular design with a removable second floor and roof. The front wall is hinged, allowing it to swing open and reveal the detailed interior.<\/div>","protected":false},"excerpt":{"rendered":"<p>M\u00e1rka: FunWhole<br \/>\nNem: Uniszex<br \/>\nKoroszt\u00e1ly: &gt; 6 \u00e9v<br \/>\nModel Number: F9057<br \/>\nBesorol\u00e1s: \u00d6sszeszerel\u00e9s<br \/>\nM\u0171anyag blokk forma: \u00f6nz\u00e1r\u00f3 t\u00e9gla<br \/>\nAnyaga: M\u0171anyag<br \/>\nM\u0171anyag t\u00edpus: ABS<br \/>\nBricks Blocks: 1895 +<br \/>\nNincs doboz<\/p>","protected":false},"featured_media":63772,"comment_status":"open","ping_status":"closed","template":"","meta":{"_acf_changed":false},"product_cat":[1395,390],"product_tag":[727,11333,5679,1015,13825],"class_list":["product","first","instock","shipping-taxable","purchasable","product-type-simple"],"acf":[],"_links":{"self":[{"href":"https:\/\/mouldking.store\/hu\/wp-json\/wp\/v2\/product\/63773","targetHints":{"allow":["GET"]}}],"collection":[{"href":"https:\/\/mouldking.store\/hu\/wp-json\/wp\/v2\/product"}],"about":[{"href":"https:\/\/mouldking.store\/hu\/wp-json\/wp\/v2\/types\/product"}],"replies":[{"embeddable":true,"href":"https:\/\/mouldking.store\/hu\/wp-json\/wp\/v2\/comments?post=63773"}],"wp:featuredmedia":[{"embeddable":true,"href":"https:\/\/mouldking.store\/hu\/wp-json\/wp\/v2\/media\/63772"}],"wp:attachment":[{"href":"https:\/\/mouldking.store\/hu\/wp-json\/wp\/v2\/media?parent=63773"}],"wp:term":[{"taxonomy":"product_cat","embeddable":true,"href":"https:\/\/mouldking.store\/hu\/wp-json\/wp\/v2\/product_cat?post=63773"},{"taxonomy":"product_tag","embeddable":true,"href":"https:\/\/mouldking.store\/hu\/wp-json\/wp\/v2\/product_tag?post=63773"}],"curies":[{"name":"wp","href":"https:\/\/api.w.org\/{rel}","templated":true}]}}