{"id":63779,"date":"2025-08-28T12:18:02","date_gmt":"2025-08-28T05:18:02","guid":{"rendered":"https:\/\/mouldking.store\/shop\/funwhole-f9051-american-street-skateboard-shop-with-1573-pieces\/"},"modified":"2025-08-28T12:18:09","modified_gmt":"2025-08-28T05:18:09","slug":"funwhole-f9051-american-street-skateboard-shop-with-1573-pieces","status":"publish","type":"product","link":"https:\/\/mouldking.store\/hu\/shop\/funwhole-f9051-american-street-skateboard-shop-with-1573-pieces\/","title":{"rendered":"FunWhole F9051 American Street: Skateboard Shop with 1573 Pieces"},"content":{"rendered":"<div>\u2705 FunWhole F9051 American Street: Skateboard Shop<\/p>\n<\/div>\n<div>\u2705The FunWhole F9051 Skateboard Shop is a building block set from the &#8220;American Street&#8221; series, which focuses on modern, urban themes with a touch of nostalgia. As with all FunWhole products, a key feature is the integrated lighting system<\/p>\n<\/div>\n<div>\ud83d\udeab FONTOS!<\/p>\n<\/div>\n<div>Product Name: American Street: Skateboard Shop<\/p>\n<\/div>\n<div>Kateg\u00f3ria: Modul\u00e1ris \u00e9p\u00fclet<\/p>\n<\/div>\n<div>This Kit Contains: FunWhole F9051<\/p>\n<\/div>\n<div>1573 pcs Good Quality Bricks<\/div>\n<div><\/div>\n<div>K\u00e9zi utas\u00edt\u00e1sok&nbsp;<\/p>\n<\/div>\n<div>\ud83d\udcccA f\u0151szerepl\u0151 term\u00e9szete<br \/><strong>Theme:<\/strong> The set is a miniature homage to urban freedom and youth culture, specifically the skate scene. The design features a realistic, three-story building with a graffiti-covered exterior and an adjacent small skate park. It is a &#8220;modular building&#8221; meaning it can be connected with other sets in the series.<\/div>\n<div><strong>Lighting:<\/strong> The set includes 8 integrated LED lights and lighting strips. These illuminate the &#8220;Skateboard Shop&#8221; sign, the storefront, and the interiors, creating an authentic street vibe, especially when displayed in the dark.<\/div>\n<div><\/div>","protected":false},"excerpt":{"rendered":"<p>M\u00e1rka: FunWhole<br \/>\nNem: Uniszex<br \/>\nKoroszt\u00e1ly: &gt; 6 \u00e9v<br \/>\nModel Number: F9051<br \/>\nBesorol\u00e1s: \u00d6sszeszerel\u00e9s<br \/>\nM\u0171anyag blokk forma: \u00f6nz\u00e1r\u00f3 t\u00e9gla<br \/>\nAnyaga: M\u0171anyag<br \/>\nM\u0171anyag t\u00edpus: ABS<br \/>\nBricks Blocks: 1573 +<br \/>\nNincs doboz<\/p>","protected":false},"featured_media":63778,"comment_status":"open","ping_status":"closed","template":"","meta":{"_acf_changed":false},"product_cat":[1395,390],"product_tag":[13826,727,5679,392,13827],"class_list":["product","first","instock","shipping-taxable","purchasable","product-type-simple"],"acf":[],"_links":{"self":[{"href":"https:\/\/mouldking.store\/hu\/wp-json\/wp\/v2\/product\/63779","targetHints":{"allow":["GET"]}}],"collection":[{"href":"https:\/\/mouldking.store\/hu\/wp-json\/wp\/v2\/product"}],"about":[{"href":"https:\/\/mouldking.store\/hu\/wp-json\/wp\/v2\/types\/product"}],"replies":[{"embeddable":true,"href":"https:\/\/mouldking.store\/hu\/wp-json\/wp\/v2\/comments?post=63779"}],"wp:featuredmedia":[{"embeddable":true,"href":"https:\/\/mouldking.store\/hu\/wp-json\/wp\/v2\/media\/63778"}],"wp:attachment":[{"href":"https:\/\/mouldking.store\/hu\/wp-json\/wp\/v2\/media?parent=63779"}],"wp:term":[{"taxonomy":"product_cat","embeddable":true,"href":"https:\/\/mouldking.store\/hu\/wp-json\/wp\/v2\/product_cat?post=63779"},{"taxonomy":"product_tag","embeddable":true,"href":"https:\/\/mouldking.store\/hu\/wp-json\/wp\/v2\/product_tag?post=63779"}],"curies":[{"name":"wp","href":"https:\/\/api.w.org\/{rel}","templated":true}]}}