{"id":63797,"date":"2025-08-28T16:16:48","date_gmt":"2025-08-28T09:16:48","guid":{"rendered":"https:\/\/mouldking.store\/shop\/funwhole-f9031-coffee-bookstore-with-1718-pieces\/"},"modified":"2025-08-28T16:16:54","modified_gmt":"2025-08-28T09:16:54","slug":"funwhole-f9031-coffee-bookstore-with-1718-pieces","status":"publish","type":"product","link":"https:\/\/mouldking.store\/hu\/shop\/funwhole-f9031-coffee-bookstore-with-1718-pieces\/","title":{"rendered":"FunWhole F9031 Coffee Bookstore with 1718 Pieces"},"content":{"rendered":"<div>\u2705 FunWhole F9031 Coffee Bookstore<\/p>\n<\/div>\n<div>\u2705The FunWhole F9031 Coffee Bookstore is a building block set that is part of the brand&#8217;s modular building collection, designed with a cozy, nostalgic European architectural style. It is highly regarded by fans for its aesthetic, attention to detail, and a hallmark feature of the FunWhole brand: integrated lighting<\/p>\n<\/div>\n<div>\ud83d\udeab FONTOS!<\/p>\n<\/div>\n<div>Product Name: Coffee Bookstore<\/p>\n<\/div>\n<div>Category: Modular Building.<\/p>\n<\/div>\n<div>This Kit Contains: FunWhole F9031<\/p>\n<\/div>\n<div>1718 pcs Good Quality Bricks<\/p>\n<\/div>\n<div>Size: 16.5&#215;25.6x29cm<\/div>\n<div><\/div>\n<div>K\u00e9zi utas\u00edt\u00e1sok&nbsp;<\/p>\n<\/div>\n<div>\ud83d\udcccA f\u0151szerepl\u0151 term\u00e9szete<br \/><strong>Piece Count:<\/strong> The set includes 1,718 pieces.<\/div>\n<div><strong>Theme and Design:<\/strong> It is a two-story modular building with a warm, brown and yellow color scheme that evokes the feeling of a classic European street scene. The design combines a coffee shop on the ground floor with a bookstore on the second floor, creating a cozy and inviting atmosphere. A notable feature is that the building&#8217;s walls can be opened in a &#8220;dollhouse&#8221; style to reveal the interior.<\/div>\n<div><strong>Integrated Lighting:<\/strong> The set comes with a built-in LED light kit, including 10 light positions with four light strings. This illuminates various parts of the building, such as the street lamps, a reading lamp, and ceiling lights, bringing the scene to life, especially at nigh<\/div>","protected":false},"excerpt":{"rendered":"<p>M\u00e1rka: FunWhole<br \/>\nNem: Uniszex<br \/>\nKoroszt\u00e1ly: &gt; 6 \u00e9v<br \/>\nModel Number: F9031<br \/>\nBesorol\u00e1s: \u00d6sszeszerel\u00e9s<br \/>\nM\u0171anyag blokk forma: \u00f6nz\u00e1r\u00f3 t\u00e9gla<br \/>\nAnyaga: M\u0171anyag<br \/>\nM\u0171anyag t\u00edpus: ABS<br \/>\nBricks Blocks: 1718 +<br \/>\nNincs doboz<\/p>","protected":false},"featured_media":63796,"comment_status":"open","ping_status":"closed","template":"","meta":{"_acf_changed":false},"product_cat":[1395,390],"product_tag":[11602,727,1704,392],"class_list":["product","first","instock","shipping-taxable","purchasable","product-type-simple"],"acf":[],"_links":{"self":[{"href":"https:\/\/mouldking.store\/hu\/wp-json\/wp\/v2\/product\/63797","targetHints":{"allow":["GET"]}}],"collection":[{"href":"https:\/\/mouldking.store\/hu\/wp-json\/wp\/v2\/product"}],"about":[{"href":"https:\/\/mouldking.store\/hu\/wp-json\/wp\/v2\/types\/product"}],"replies":[{"embeddable":true,"href":"https:\/\/mouldking.store\/hu\/wp-json\/wp\/v2\/comments?post=63797"}],"wp:featuredmedia":[{"embeddable":true,"href":"https:\/\/mouldking.store\/hu\/wp-json\/wp\/v2\/media\/63796"}],"wp:attachment":[{"href":"https:\/\/mouldking.store\/hu\/wp-json\/wp\/v2\/media?parent=63797"}],"wp:term":[{"taxonomy":"product_cat","embeddable":true,"href":"https:\/\/mouldking.store\/hu\/wp-json\/wp\/v2\/product_cat?post=63797"},{"taxonomy":"product_tag","embeddable":true,"href":"https:\/\/mouldking.store\/hu\/wp-json\/wp\/v2\/product_tag?post=63797"}],"curies":[{"name":"wp","href":"https:\/\/api.w.org\/{rel}","templated":true}]}}