{"id":63830,"date":"2025-09-04T15:45:35","date_gmt":"2025-09-04T08:45:35","guid":{"rendered":"https:\/\/mouldking.store\/shop\/mould-king-10148-dockside-inn-with-782-pieces\/"},"modified":"2025-09-04T15:45:40","modified_gmt":"2025-09-04T08:45:40","slug":"mould-king-10148-dockside-inn-with-782-pieces","status":"publish","type":"product","link":"https:\/\/mouldking.store\/hu\/shop\/mould-king-10148-dockside-inn-with-782-pieces\/","title":{"rendered":"MOULD KING 10148 Dockside Inn with 782 Pieces"},"content":{"rendered":"<div>\u2705 Mould King 10148 Dockside Inn<\/p>\n<\/div>\n<div>\u2705The Mould King 10148 Dockside Inn is a building block set that is part of the Mould King brand&#8217;s line of modular buildings<\/p>\n<\/div>\n<div>\ud83d\udeab FONTOS!<\/p>\n<\/div>\n<div>Product Name: Dockside Inn<\/p>\n<\/div>\n<div>Category: Modular Building.<\/p>\n<\/div>\n<div>This Kit Contains: Mould King 10148<\/p>\n<\/div>\n<div>782 pcs Good Quality Bricks<\/p>\n<\/div>\n<div>Size: 29.5&#215;33.5&#215;19.3cm<\/p>\n<\/div>\n<div>K\u00e9zi utas\u00edt\u00e1sok&nbsp;<\/p>\n<\/div>\n<div>\ud83d\udcccA f\u0151szerepl\u0151 term\u00e9szete<br \/><strong>Theme and Design:<\/strong> The set depicts a lively, multi-level dockside inn. It features a colorful, ocean-inspired design with a floating pier, a small boat, and various nautical details like life rings, lanterns, and tires used as bumpers on the dock. The overall aesthetic is designed to create a vibrant seaside atmosphere.<\/div>\n<div><strong>Part Count:<\/strong> The set contains approximately 782 pieces.<\/div>\n<div><strong>Bricks:<\/strong> Mould King is known for using high-quality bricks, often from suppliers like GoBricks, which are praised for their strong clutch power and consistent color.<\/div>\n<div><\/div>","protected":false},"excerpt":{"rendered":"<p>M\u00e1rka: MOLD KING<br \/>\nNem: Uniszex<br \/>\nKoroszt\u00e1ly: 8 \u00e9v felett<br \/>\nModel Number: 10148<br \/>\nBesorol\u00e1s: \u00d6sszeszerel\u00e9s<br \/>\nM\u0171anyag blokk forma: \u00f6nz\u00e1r\u00f3 t\u00e9gla<br \/>\nAnyaga: M\u0171anyag<br \/>\nM\u0171anyag t\u00edpus: ABS<br \/>\nBricks Blocks: 782 +<br \/>\nno box<\/p>","protected":false},"featured_media":63829,"comment_status":"open","ping_status":"closed","template":"","meta":{"_acf_changed":false},"product_cat":[1395,390],"product_tag":[13515,9258,5679,392],"class_list":["product","first","instock","shipping-taxable","purchasable","product-type-simple"],"acf":[],"_links":{"self":[{"href":"https:\/\/mouldking.store\/hu\/wp-json\/wp\/v2\/product\/63830","targetHints":{"allow":["GET"]}}],"collection":[{"href":"https:\/\/mouldking.store\/hu\/wp-json\/wp\/v2\/product"}],"about":[{"href":"https:\/\/mouldking.store\/hu\/wp-json\/wp\/v2\/types\/product"}],"replies":[{"embeddable":true,"href":"https:\/\/mouldking.store\/hu\/wp-json\/wp\/v2\/comments?post=63830"}],"wp:featuredmedia":[{"embeddable":true,"href":"https:\/\/mouldking.store\/hu\/wp-json\/wp\/v2\/media\/63829"}],"wp:attachment":[{"href":"https:\/\/mouldking.store\/hu\/wp-json\/wp\/v2\/media?parent=63830"}],"wp:term":[{"taxonomy":"product_cat","embeddable":true,"href":"https:\/\/mouldking.store\/hu\/wp-json\/wp\/v2\/product_cat?post=63830"},{"taxonomy":"product_tag","embeddable":true,"href":"https:\/\/mouldking.store\/hu\/wp-json\/wp\/v2\/product_tag?post=63830"}],"curies":[{"name":"wp","href":"https:\/\/api.w.org\/{rel}","templated":true}]}}