{"id":63842,"date":"2025-09-08T17:38:09","date_gmt":"2025-09-08T10:38:09","guid":{"rendered":"https:\/\/mouldking.store\/shop\/mork-020202-steampunk-magic-shop-with-1842-pieces\/"},"modified":"2025-09-08T17:38:21","modified_gmt":"2025-09-08T10:38:21","slug":"mork-020202-steampunk-magic-shop-with-1842-pieces","status":"publish","type":"product","link":"https:\/\/mouldking.store\/hu\/shop\/mork-020202-steampunk-magic-shop-with-1842-pieces\/","title":{"rendered":"MORK 020202 Steampunk Magic Shop with 1842 Pieces"},"content":{"rendered":"<div>\u2705 Mork 020202 Steampunk Magic Shop.<\/p>\n<\/div>\n<div>\u2705The &#8220;Mork 020202 Steampunk Magic Shop&#8221; is a building block set produced by the brand Mork (sometimes also listed as XMork). It&#8217;s a modular, street-view style model that fits into the &#8220;Creator&#8221; or &#8220;Modular Buildings&#8221; category of building blocks.<\/p>\n<\/div>\n<div>\ud83d\udeab FONTOS!<\/p>\n<\/div>\n<div>Product Name: Steampunk Magic Shop.<\/p>\n<\/div>\n<div>Category: Modular Building.<\/p>\n<\/div>\n<div>This Kit Contains: Mork 020202&nbsp;<\/p>\n<\/div>\n<div>1842 pcs Good Quality Bricks<\/p>\n<\/div>\n<div>Size: 32.7&#215;17.9x27cm<\/div>\n<div><\/div>\n<div>K\u00e9zi utas\u00edt\u00e1sok&nbsp;<\/p>\n<\/div>\n<div>\ud83d\udcccA f\u0151szerepl\u0151 term\u00e9szete<br \/><strong>Theme:<\/strong> Steampunk Magic Shop. It&#8217;s a fantasy-themed building that blends a magical aesthetic with a mechanical, industrial, and retro-futuristic steampunk style.<\/div>\n<div><strong>Piece Count:<\/strong> Approximately 1,842 pieces.<\/div>\n<div><strong>Jellemz\u0151k:<\/strong> The set includes various interactive mechanisms, such as:<\/div>\n<ul>\n<li>A rotating gear that can open and close the front door.<\/li>\n<li>A rotating display stand inside the shop.<\/li>\n<li>A foldable wall on the first floor for easier access to the interior.<\/li>\n<li>It often comes with LED lighting elements to illuminate the building.<\/li>\n<\/ul>\n<div><\/div>","protected":false},"excerpt":{"rendered":"<p>Brand: MORK<br \/>\nNem: Uniszex<br \/>\nKoroszt\u00e1ly: &gt; 6 \u00e9v<br \/>\nModel Number: 020202<br \/>\nBesorol\u00e1s: \u00d6sszeszerel\u00e9s<br \/>\nM\u0171anyag blokk forma: \u00f6nz\u00e1r\u00f3 t\u00e9gla<br \/>\nAnyaga: M\u0171anyag<br \/>\nM\u0171anyag t\u00edpus: ABS<br \/>\nBricks Blocks: 1842 +<br \/>\nNincs doboz<\/p>","protected":false},"featured_media":63841,"comment_status":"open","ping_status":"closed","template":"","meta":{"_acf_changed":false},"product_cat":[1395,390],"product_tag":[13301,5679,392,12390],"class_list":["product","first","instock","shipping-taxable","purchasable","product-type-simple"],"acf":[],"_links":{"self":[{"href":"https:\/\/mouldking.store\/hu\/wp-json\/wp\/v2\/product\/63842","targetHints":{"allow":["GET"]}}],"collection":[{"href":"https:\/\/mouldking.store\/hu\/wp-json\/wp\/v2\/product"}],"about":[{"href":"https:\/\/mouldking.store\/hu\/wp-json\/wp\/v2\/types\/product"}],"replies":[{"embeddable":true,"href":"https:\/\/mouldking.store\/hu\/wp-json\/wp\/v2\/comments?post=63842"}],"wp:featuredmedia":[{"embeddable":true,"href":"https:\/\/mouldking.store\/hu\/wp-json\/wp\/v2\/media\/63841"}],"wp:attachment":[{"href":"https:\/\/mouldking.store\/hu\/wp-json\/wp\/v2\/media?parent=63842"}],"wp:term":[{"taxonomy":"product_cat","embeddable":true,"href":"https:\/\/mouldking.store\/hu\/wp-json\/wp\/v2\/product_cat?post=63842"},{"taxonomy":"product_tag","embeddable":true,"href":"https:\/\/mouldking.store\/hu\/wp-json\/wp\/v2\/product_tag?post=63842"}],"curies":[{"name":"wp","href":"https:\/\/api.w.org\/{rel}","templated":true}]}}